{"id":872,"date":"2024-12-31T09:00:10","date_gmt":"2024-12-31T08:00:10","guid":{"rendered":"https:\/\/www.grimmhof.it\/?page_id=872"},"modified":"2025-01-19T11:50:41","modified_gmt":"2025-01-19T10:50:41","slug":"richieste","status":"publish","type":"page","link":"https:\/\/www.grimmhof.it\/it\/richieste\/","title":{"rendered":"Richieste"},"content":{"rendered":"\n<h1 class=\"wp-block-heading\" id=\"start\" style=\"margin-top:var(--wp--preset--spacing--50);margin-bottom:0\">Richieste<\/h1>\n\n\n\n<p>Richieste di informazioni sui nostri appartamenti, messaggi, informazioni sull&#8217;arrivo e sulla posizione&#8230;<\/p>\n\n\n\n<p><strong>Attenzione<\/strong>: l&#8217;<strong>Edlweissh\u00fctte non \u00e8 prenotabile<\/strong>, questo modulo \u00e8 destinato solo agli appartamenti del Grimmhof!<\/p>\n\n\n\n<div class=\"wpcf7 no-js\" id=\"wpcf7-f878-o1\" lang=\"it-IT\" dir=\"ltr\" data-wpcf7-id=\"878\">\n<div class=\"screen-reader-response\"><p role=\"status\" aria-live=\"polite\" aria-atomic=\"true\"><\/p> <ul><\/ul><\/div>\n<form action=\"\/it\/wp-json\/wp\/v2\/pages\/872#wpcf7-f878-o1\" method=\"post\" class=\"wpcf7-form init\" aria-label=\"Modulo di contatto\" novalidate=\"novalidate\" data-status=\"init\">\n<div style=\"display: none;\">\n<input type=\"hidden\" name=\"_wpcf7\" value=\"878\" \/>\n<input type=\"hidden\" name=\"_wpcf7_version\" value=\"6.0.3\" \/>\n<input type=\"hidden\" name=\"_wpcf7_locale\" value=\"it_IT\" \/>\n<input type=\"hidden\" name=\"_wpcf7_unit_tag\" value=\"wpcf7-f878-o1\" \/>\n<input type=\"hidden\" name=\"_wpcf7_container_post\" value=\"0\" \/>\n<input type=\"hidden\" name=\"_wpcf7_posted_data_hash\" value=\"\" \/>\n<\/div>\n<p>* Campi obbligatori\n<\/p>\n<div class=\"my-section\">\n\t<h2>Richiesta non vincolante\n\t<\/h2>\n\t<div class=\"my-row\">\n\t\t<div class=\"my-col my-col-md-6\">\n\t\t\t<p>Giorno di arrivo<br \/>\n<span class=\"wpcf7-form-control-wrap\" data-name=\"anreise\"><input class=\"wpcf7-form-control wpcf7-date wpcf7-validates-as-date\" aria-invalid=\"false\" value=\"\" type=\"date\" name=\"anreise\" \/><\/span>\n\t\t\t<\/p>\n\t\t<\/div>\n\t\t<div class=\"my-col my-col-md-6\">\n\t\t\t<p>Giorno di partenza<br \/>\n<span class=\"wpcf7-form-control-wrap\" data-name=\"abreise\"><input class=\"wpcf7-form-control wpcf7-date wpcf7-validates-as-date\" aria-invalid=\"false\" value=\"\" type=\"date\" name=\"abreise\" \/><\/span>\n\t\t\t<\/p>\n\t\t<\/div>\n\t<\/div>\n<\/div>\n<div class=\"my-section\">\n\t<h2>Seleziona\n\t<\/h2>\n\t<div class=\"my-row\">\n\t\t<div class=\"my-col my-col-md-3\">\n\t\t\t<p>Appartamenti<br \/>\n<span class=\"wpcf7-form-control-wrap\" data-name=\"n_wohnungen\"><input size=\"40\" maxlength=\"400\" class=\"wpcf7-form-control wpcf7-text\" aria-invalid=\"false\" value=\"\" type=\"text\" name=\"n_wohnungen\" \/><\/span>\n\t\t\t<\/p>\n\t\t<\/div>\n\t\t<div class=\"my-col my-col-md-3\">\n\t\t\t<p>Numero di adulti <span class=\"wpcf7-form-control-wrap\" data-name=\"n_erwachsene\"><input class=\"wpcf7-form-control wpcf7-number wpcf7-validates-as-number\" min=\"0\" max=\"6\" aria-invalid=\"false\" value=\"2\" type=\"number\" name=\"n_erwachsene\" \/><\/span>\n\t\t\t<\/p>\n\t\t<\/div>\n\t<\/div>\n\t<div class=\"my-row\">\n\t\t<div class=\"my-col my-col-md-3\">\n\t\t\t<p>Numero di bambini <span class=\"wpcf7-form-control-wrap\" data-name=\"n_kinder\"><input class=\"wpcf7-form-control wpcf7-number wpcf7-validates-as-number\" min=\"0\" max=\"4\" aria-invalid=\"false\" value=\"0\" type=\"number\" name=\"n_kinder\" \/><\/span>\n\t\t\t<\/p>\n\t\t<\/div>\n\t\t<div class=\"my-col my-col-md-3\">\n\t\t\t<p>Et\u00e0 dei bambini<br \/>\n<span class=\"wpcf7-form-control-wrap\" data-name=\"alter_kinder\"><input size=\"40\" maxlength=\"400\" class=\"wpcf7-form-control wpcf7-text\" aria-invalid=\"false\" value=\"\" type=\"text\" name=\"alter_kinder\" \/><\/span>\n\t\t\t<\/p>\n\t\t<\/div>\n\t<\/div>\n<\/div>\n<div class=\"my-section\">\n\t<h2>Dettagli di contatto\n\t<\/h2>\n\t<div class=\"my-row\">\n\t\t<div class=\"my-col my-col-md-6\">\n\t\t\t<p><br \/>\nSaluto <span class=\"wpcf7-form-control-wrap\" data-name=\"anrede\"><span class=\"wpcf7-form-control wpcf7-radio\"><span class=\"wpcf7-list-item first\"><input type=\"radio\" name=\"anrede\" value=\"Signor\" \/><span class=\"wpcf7-list-item-label\">Signor<\/span><\/span><span class=\"wpcf7-list-item last\"><input type=\"radio\" name=\"anrede\" value=\"Signora\" \/><span class=\"wpcf7-list-item-label\">Signora<\/span><\/span><\/span><\/span>\n\t\t\t<\/p>\n\t\t<\/div>\n\t\t<div class=\"my-col my-col-md-6\">\n\t\t<\/div>\n\t<\/div>\n\t<div class=\"my-row\">\n\t\t<div class=\"my-col my-col-md-6\">\n\t\t\t<p>Nome*<br \/>\n<span class=\"wpcf7-form-control-wrap\" data-name=\"vorname\"><input size=\"40\" maxlength=\"400\" class=\"wpcf7-form-control wpcf7-text wpcf7-validates-as-required\" aria-required=\"true\" aria-invalid=\"false\" value=\"\" type=\"text\" name=\"vorname\" \/><\/span>\n\t\t\t<\/p>\n\t\t<\/div>\n\t\t<div class=\"my-col my-col-md-6\">\n\t\t\t<p>Cognome*<br \/>\n<span class=\"wpcf7-form-control-wrap\" data-name=\"nachname\"><input size=\"40\" maxlength=\"400\" class=\"wpcf7-form-control wpcf7-text wpcf7-validates-as-required\" aria-required=\"true\" aria-invalid=\"false\" value=\"\" type=\"text\" name=\"nachname\" \/><\/span>\n\t\t\t<\/p>\n\t\t<\/div>\n\t<\/div>\n\t<div class=\"my-row\">\n\t\t<div class=\"my-col my-col-md-6\">\n\t\t\t<p>Via<br \/>\n<span class=\"wpcf7-form-control-wrap\" data-name=\"strasse\"><input size=\"40\" maxlength=\"400\" class=\"wpcf7-form-control wpcf7-text\" aria-invalid=\"false\" value=\"\" type=\"text\" name=\"strasse\" \/><\/span>\n\t\t\t<\/p>\n\t\t<\/div>\n\t\t<div class=\"my-col my-col-md-6\">\n\t\t\t<p>Numero<br \/>\n<span class=\"wpcf7-form-control-wrap\" data-name=\"nr\"><input size=\"40\" maxlength=\"400\" class=\"wpcf7-form-control wpcf7-text\" aria-invalid=\"false\" value=\"\" type=\"text\" name=\"nr\" \/><\/span>\n\t\t\t<\/p>\n\t\t<\/div>\n\t<\/div>\n\t<div class=\"my-row\">\n\t\t<div class=\"my-col my-col-md-6\">\n\t\t\t<p>CAP<br \/>\n<span class=\"wpcf7-form-control-wrap\" data-name=\"plz\"><input size=\"40\" maxlength=\"400\" class=\"wpcf7-form-control wpcf7-text\" aria-invalid=\"false\" value=\"\" type=\"text\" name=\"plz\" \/><\/span>\n\t\t\t<\/p>\n\t\t<\/div>\n\t\t<div class=\"my-col my-col-md-6\">\n\t\t\t<p>Posizione<br \/>\n<span class=\"wpcf7-form-control-wrap\" data-name=\"ort\"><input size=\"40\" maxlength=\"400\" class=\"wpcf7-form-control wpcf7-text\" aria-invalid=\"false\" value=\"\" type=\"text\" name=\"ort\" \/><\/span>\n\t\t\t<\/p>\n\t\t<\/div>\n\t<\/div>\n\t<div class=\"my-row\">\n\t\t<div class=\"my-col my-col-md-6\">\n\t\t\t<p>Regione<br \/>\n<span class=\"wpcf7-form-control-wrap\" data-name=\"provinz\"><input size=\"40\" maxlength=\"400\" class=\"wpcf7-form-control wpcf7-text\" aria-invalid=\"false\" value=\"\" type=\"text\" name=\"provinz\" \/><\/span>\n\t\t\t<\/p>\n\t\t<\/div>\n\t\t<div class=\"my-col my-col-md-6\">\n\t\t\t<p>Paese*<br \/>\n<span class=\"wpcf7-form-control-wrap\" data-name=\"land\"><input size=\"40\" maxlength=\"400\" class=\"wpcf7-form-control wpcf7-text wpcf7-validates-as-required\" aria-required=\"true\" aria-invalid=\"false\" value=\"\" type=\"text\" name=\"land\" \/><\/span>\n\t\t\t<\/p>\n\t\t<\/div>\n\t<\/div>\n\t<div class=\"my-row\">\n\t\t<div class=\"my-col my-col-md-6\">\n\t\t\t<p>Telefono<br \/>\n<span class=\"wpcf7-form-control-wrap\" data-name=\"telefon\"><input size=\"40\" maxlength=\"400\" class=\"wpcf7-form-control wpcf7-text\" aria-invalid=\"false\" value=\"\" type=\"text\" name=\"telefon\" \/><\/span>\n\t\t\t<\/p>\n\t\t<\/div>\n\t\t<div class=\"my-col my-col-md-6\">\n\t\t\t<p>Indirizzo e-mail*<br \/>\n<span class=\"wpcf7-form-control-wrap\" data-name=\"your-email\"><input size=\"40\" maxlength=\"400\" class=\"wpcf7-form-control wpcf7-email wpcf7-validates-as-required wpcf7-text wpcf7-validates-as-email\" aria-required=\"true\" aria-invalid=\"false\" value=\"\" type=\"email\" name=\"your-email\" \/><\/span>\n\t\t\t<\/p>\n\t\t<\/div>\n\t<\/div>\n<hr \/>\n\t<div class=\"my-row\">\n\t\t<div class=\"my-col\">\n\t\t\t<p>Messaggio<br \/>\n<span class=\"wpcf7-form-control-wrap\" data-name=\"your-message\"><textarea cols=\"40\" rows=\"10\" maxlength=\"2000\" class=\"wpcf7-form-control wpcf7-textarea\" aria-invalid=\"false\" name=\"your-message\"><\/textarea><\/span>\n\t\t\t<\/p>\n\t\t<\/div>\n\t<\/div>\n\t<p><span class=\"wpcf7-form-control-wrap\" data-name=\"datenschutz\"><span class=\"wpcf7-form-control wpcf7-checkbox wpcf7-validates-as-required\"><span class=\"wpcf7-list-item first last\"><input type=\"checkbox\" name=\"datenschutz[]\" value=\"S\u00ec, ho letto il testo sulla protezione dei dati*\" \/><span class=\"wpcf7-list-item-label\">S\u00ec, ho letto il testo sulla protezione dei dati*<\/span><\/span><\/span><\/span> (vedi <a href=\"https:\/\/www.grimmhof.it\/it\/protezione-dati\/\" target=\"_blank\">protezione dei dati<\/a>)\n\t<\/p>\n\t<p><input class=\"wpcf7-form-control wpcf7-submit has-spinner btn btn-secondary\" type=\"submit\" value=\"Invia\" \/>\n\t<\/p>\n<\/div><div class=\"wpcf7-response-output\" aria-hidden=\"true\"><\/div>\n<\/form>\n<\/div>\n\n","protected":false},"excerpt":{"rendered":"<p>Richieste Richieste di informazioni sui nostri appartamenti, messaggi, informazioni sull&#8217;arrivo e sulla posizione&#8230; Attenzione: l&#8217;Edlweissh\u00fctte non \u00e8 prenotabile, questo modulo \u00e8 destinato solo agli appartamenti del Grimmhof!<\/p>\n","protected":false},"author":1,"featured_media":0,"parent":0,"menu_order":0,"comment_status":"closed","ping_status":"open","template":"","meta":{"footnotes":""},"class_list":["post-872","page","type-page","status-publish","hentry"],"_links":{"self":[{"href":"https:\/\/www.grimmhof.it\/it\/wp-json\/wp\/v2\/pages\/872","targetHints":{"allow":["GET"]}}],"collection":[{"href":"https:\/\/www.grimmhof.it\/it\/wp-json\/wp\/v2\/pages"}],"about":[{"href":"https:\/\/www.grimmhof.it\/it\/wp-json\/wp\/v2\/types\/page"}],"author":[{"embeddable":true,"href":"https:\/\/www.grimmhof.it\/it\/wp-json\/wp\/v2\/users\/1"}],"replies":[{"embeddable":true,"href":"https:\/\/www.grimmhof.it\/it\/wp-json\/wp\/v2\/comments?post=872"}],"version-history":[{"count":7,"href":"https:\/\/www.grimmhof.it\/it\/wp-json\/wp\/v2\/pages\/872\/revisions"}],"predecessor-version":[{"id":1168,"href":"https:\/\/www.grimmhof.it\/it\/wp-json\/wp\/v2\/pages\/872\/revisions\/1168"}],"wp:attachment":[{"href":"https:\/\/www.grimmhof.it\/it\/wp-json\/wp\/v2\/media?parent=872"}],"curies":[{"name":"wp","href":"https:\/\/api.w.org\/{rel}","templated":true}]}}