{"id":1011,"date":"2025-01-08T11:01:28","date_gmt":"2025-01-08T10:01:28","guid":{"rendered":"https:\/\/www.grimmhof.it\/?page_id=1011"},"modified":"2026-04-19T14:52:34","modified_gmt":"2026-04-19T12:52:34","slug":"prezzi","status":"publish","type":"page","link":"https:\/\/www.grimmhof.it\/it\/prezzi\/","title":{"rendered":"Prezzi"},"content":{"rendered":"\n<h1 class=\"wp-block-heading\" id=\"start\" style=\"margin-top:var(--wp--preset--spacing--50);margin-bottom:0\">Prezzi<\/h1>\n\n\n\n<h2 class=\"wp-block-heading\">Trasparente, equo e per tutte le tasche.<\/h2>\n\n\n\n<p><strong>Estate 2026<\/strong><\/p>\n\n\n\n<figure class=\"wp-block-table is-style-stripes\"><table class=\"has-fixed-layout\"><tbody><tr><td>19.04.2026 &#8211; 24.04.2026<\/td><td>\u20ac 100,00<\/td><\/tr><tr><td>25.04.2026 \u2013 22.05.2026<\/td><td>\u20ac 105,00<\/td><\/tr><tr><td>23.05.2026 \u2013 24.07.2026<\/td><td>\u20ac 115,00<\/td><\/tr><tr><td>25.07.2026 \u2013 11.09.2026<\/td><td>\u20ac 145,00<\/td><\/tr><tr><td>12.09.2026 \u2013 31.10.2026<\/td><td>\u20ac 115,00<\/td><\/tr><tr><td>01.11.2026 \u2013 18.12.2026<\/td><td>\u20ac 100,00<\/td><\/tr><\/tbody><\/table><\/figure>\n\n\n\n<p><strong>Inverno 2026\/2027<\/strong><\/p>\n\n\n\n<figure class=\"wp-block-table is-style-stripes\"><table class=\"has-fixed-layout\"><tbody><tr><td>19.12.2026 \u2013 08.01.2027<\/td><td>\u20ac 155,00<\/td><\/tr><tr><td>09.01.2027 \u2013 29.01.2027<\/td><td>\u20ac 105,00<\/td><\/tr><tr><td>30.01.2027 \u2013 26.02.2027<\/td><td>\u20ac 145,00<\/td><\/tr><tr><td>27.02.2027 \u2013 02.04.2027<\/td><td>\u20ac 120,00<\/td><\/tr><tr><td>03.04.2027 \u2013 23.04.2027<\/td><td>\u20ac 100,00<\/td><\/tr><\/tbody><\/table><\/figure>\n\n\n\n<p>I prezzi si intendono per l\u2019appartamento e al giorno senza vito per un soggiorno di quattro o pi\u00f9 notti.<\/p>\n\n\n\n<p>Per soggiorni inferiori alle 4 notti verr\u00e0 addebitato un supplemento di \u20ac 20,00 al giorno ad<br>appartamento.<\/p>\n\n\n\n<p>Al prezzo viene aggiunta una tassa di soggiorno di \u20ac 2,50 a persona al giorno, esclusi bambini sotto i 14 anni.<\/p>\n\n\n\n<p>Prezzi per persone aggiunte (a partire da due paganti interi)<\/p>\n\n\n\n<ul class=\"wp-block-list\">\n<li>da 0 a 2 anni: gratis<\/li>\n\n\n\n<li>da 3 a 13 anni: \u20ac 20,00 al giorno<\/li>\n\n\n\n<li>dai 14 anni: \u20ac 25,00 al giorno<\/li>\n<\/ul>\n\n\n\n<hr class=\"wp-block-separator has-alpha-channel-opacity is-style-dots\" style=\"margin-top:var(--wp--preset--spacing--50);margin-bottom:var(--wp--preset--spacing--50)\"\/>\n\n\n\n<h2 class=\"wp-block-heading\">Cancellazioni<\/h2>\n\n\n\n<p>\u00c8 possibile annullare la prenotazione fino a 3 mesi prima della data di arrivo concordata senza incorrere in alcuna penale. Eventuali depositi gi\u00e0 versati verranno accreditati per un soggiorno successivo.<\/p>\n\n\n\n<p>Se la prenotazione viene annullata entro un mese dalla data di arrivo, verr\u00e0 addebitato il 50% del costo totale del soggiorno. In caso di annullamento entro un mese, in caso di arrivo posticipato o di partenza anticipata, verr\u00e0 addebitato il 90% dell&#8217;importo totale della fattura. Prima di partire pu\u00f2 succedere qualcosa, ecco perch\u00e9 ti consigliamo di sottoscrivere un&#8217;assicurazione che copra l&#8217;annullamento del viaggio..<\/p>\n","protected":false},"excerpt":{"rendered":"<p>Prezzi Trasparente, equo e per tutte le tasche. Estate 2026 19.04.2026 &#8211; 24.04.2026 \u20ac 100,00 25.04.2026 \u2013 22.05.2026 \u20ac 105,00 23.05.2026 \u2013 24.07.2026 \u20ac 115,00 25.07.2026 \u2013 11.09.2026 \u20ac 145,00 12.09.2026 \u2013 31.10.2026 \u20ac 115,00 01.11.2026 \u2013 18.12.2026 \u20ac 100,00 Inverno 2026\/2027 19.12.2026 \u2013 08.01.2027 \u20ac 155,00 09.01.2027 \u2013 29.01.2027 \u20ac 105,00 30.01.2027 \u2013 26.02.2027 [&hellip;]<\/p>\n","protected":false},"author":1,"featured_media":0,"parent":0,"menu_order":0,"comment_status":"closed","ping_status":"open","template":"","meta":{"footnotes":""},"class_list":["post-1011","page","type-page","status-publish","hentry"],"_links":{"self":[{"href":"https:\/\/www.grimmhof.it\/it\/wp-json\/wp\/v2\/pages\/1011","targetHints":{"allow":["GET"]}}],"collection":[{"href":"https:\/\/www.grimmhof.it\/it\/wp-json\/wp\/v2\/pages"}],"about":[{"href":"https:\/\/www.grimmhof.it\/it\/wp-json\/wp\/v2\/types\/page"}],"author":[{"embeddable":true,"href":"https:\/\/www.grimmhof.it\/it\/wp-json\/wp\/v2\/users\/1"}],"replies":[{"embeddable":true,"href":"https:\/\/www.grimmhof.it\/it\/wp-json\/wp\/v2\/comments?post=1011"}],"version-history":[{"count":26,"href":"https:\/\/www.grimmhof.it\/it\/wp-json\/wp\/v2\/pages\/1011\/revisions"}],"predecessor-version":[{"id":2532,"href":"https:\/\/www.grimmhof.it\/it\/wp-json\/wp\/v2\/pages\/1011\/revisions\/2532"}],"wp:attachment":[{"href":"https:\/\/www.grimmhof.it\/it\/wp-json\/wp\/v2\/media?parent=1011"}],"curies":[{"name":"wp","href":"https:\/\/api.w.org\/{rel}","templated":true}]}}