{"id":99,"date":"2024-12-31T08:57:59","date_gmt":"2024-12-31T07:57:59","guid":{"rendered":"https:\/\/www.grimmhof.it\/?page_id=99"},"modified":"2025-12-08T15:27:42","modified_gmt":"2025-12-08T14:27:42","slug":"impressum","status":"publish","type":"page","link":"https:\/\/www.grimmhof.it\/de\/impressum\/","title":{"rendered":"Impressum"},"content":{"rendered":"\n<h1 class=\"wp-block-heading\" id=\"start\" style=\"margin-top:var(--wp--preset--spacing--50);margin-bottom:0\">Impressum<\/h1>\n\n\n\n<p><strong>Grimm des Neulichedl Richard<br>Konstantinerweg 32<br>39050<\/strong> <strong>V\u00f6ls<\/strong><br>Tel.: +39 3450829601<br>E-Mail: info@grimmhof.it<\/p>\n\n\n\n<p>Mehrwertsteuernummer: 01386290215<br>CIN: IT021031B5LABVZEZ8<\/p>\n\n\n\n<p>Inhaltlich verantwortlich: Richard Neulichedl<\/p>\n\n\n\n<p><strong>Online-Streitbeilegung:<\/strong><\/p>\n\n\n\n<p>Pflichtinformation nach EU-Verordnung Nr. 524\/2013 des Europ\u00e4ischen Parlaments und Rats Plattform zur Online-Beilegung verbraucherrechtlicher Streitigkeiten (ODR) der Europ\u00e4ischen Kommission:&nbsp;<a href=\"https:\/\/ec.europa.eu\/consumers\/odr\/\" target=\"_blank\" rel=\"noreferrer noopener\">https:\/\/ec.europa.eu\/consumers\/odr\/<\/a><\/p>\n\n\n\n<p><br>Es wird ausdr\u00fccklich darauf hingewiesen, dass wir f\u00fcr Seiten, die von dieser Webseite aus verlinkt sind, keinerlei Einfluss auf die dort publizierten Inhalte oder die Gestaltung haben. Wir \u00fcbernehmen somit keinerlei Haftung oder garantieren f\u00fcr die Inhalte der verlinkten Seiten. Wir distanzieren uns ausdr\u00fccklich von der zum Ausdruck gebrachten Meinung auf diesen Seiten, da diese nicht in jedem Fall unserer Meinung entsprechen kann.<\/p>\n\n\n\n<p><strong>Urhebernachweise Fotos:<\/strong><\/p>\n\n\n\n<ul class=\"wp-block-list\">\n<li>Eva Neulichedl<\/li>\n\n\n\n<li>Fabian Dalpiaz<\/li>\n\n\n\n<li>Dietmar Mitterer Zublasing<\/li>\n\n\n\n<li>\u00ae Seiser Alm Marketing\/Manuel Kottersteger<\/li>\n\n\n\n<li>Seiser Alm Marketing\/Helmuth Rier<\/li>\n<\/ul>\n\n\n\n<p><strong>Copyright Webdesign, Programmierung:<\/strong><\/p>\n\n\n\n<p>Compusol des P.I. Mitterer Zublasing Dietmar<br>M\u00fchlgasse 58<br>I-39040 Tramin<br>Tel.: 0039 0471 861 205<br>Internet:&nbsp;<a href=\"https:\/\/www.compusol.it\/\" target=\"_blank\" rel=\"noreferrer noopener\">Website<\/a>,&nbsp;<a href=\"https:\/\/www.diewanderer.it\/\" target=\"_blank\" rel=\"noreferrer noopener\">Blog wandern<\/a><\/p>\n","protected":false},"excerpt":{"rendered":"<p>Impressum Grimm des Neulichedl RichardKonstantinerweg 3239050 V\u00f6lsTel.: +39 3450829601E-Mail: info@grimmhof.it Mehrwertsteuernummer: 01386290215CIN: IT021031B5LABVZEZ8 Inhaltlich verantwortlich: Richard Neulichedl Online-Streitbeilegung: Pflichtinformation nach EU-Verordnung Nr. 524\/2013 des Europ\u00e4ischen Parlaments und Rats Plattform zur Online-Beilegung verbraucherrechtlicher Streitigkeiten (ODR) der Europ\u00e4ischen Kommission:&nbsp;https:\/\/ec.europa.eu\/consumers\/odr\/ Es wird ausdr\u00fccklich darauf hingewiesen, dass wir f\u00fcr Seiten, die von dieser Webseite aus verlinkt sind, keinerlei Einfluss [&hellip;]<\/p>\n","protected":false},"author":1,"featured_media":0,"parent":0,"menu_order":0,"comment_status":"closed","ping_status":"open","template":"","meta":{"footnotes":""},"class_list":["post-99","page","type-page","status-publish","hentry"],"_links":{"self":[{"href":"https:\/\/www.grimmhof.it\/de\/wp-json\/wp\/v2\/pages\/99","targetHints":{"allow":["GET"]}}],"collection":[{"href":"https:\/\/www.grimmhof.it\/de\/wp-json\/wp\/v2\/pages"}],"about":[{"href":"https:\/\/www.grimmhof.it\/de\/wp-json\/wp\/v2\/types\/page"}],"author":[{"embeddable":true,"href":"https:\/\/www.grimmhof.it\/de\/wp-json\/wp\/v2\/users\/1"}],"replies":[{"embeddable":true,"href":"https:\/\/www.grimmhof.it\/de\/wp-json\/wp\/v2\/comments?post=99"}],"version-history":[{"count":12,"href":"https:\/\/www.grimmhof.it\/de\/wp-json\/wp\/v2\/pages\/99\/revisions"}],"predecessor-version":[{"id":2233,"href":"https:\/\/www.grimmhof.it\/de\/wp-json\/wp\/v2\/pages\/99\/revisions\/2233"}],"wp:attachment":[{"href":"https:\/\/www.grimmhof.it\/de\/wp-json\/wp\/v2\/media?parent=99"}],"curies":[{"name":"wp","href":"https:\/\/api.w.org\/{rel}","templated":true}]}}