{"id":538,"date":"2025-01-09T09:05:07","date_gmt":"2025-01-09T08:05:07","guid":{"rendered":"https:\/\/www.grimmhof.it\/?page_id=538"},"modified":"2026-02-08T20:44:18","modified_gmt":"2026-02-08T19:44:18","slug":"komm-zu-uns","status":"publish","type":"page","link":"https:\/\/www.grimmhof.it\/de\/komm-zu-uns\/","title":{"rendered":"Route"},"content":{"rendered":"\n<div class=\"wp-block-cover alignfull is-light has-custom-content-position is-position-bottom-center ohneAbstandOben\" style=\"min-height:100vh;aspect-ratio:unset;\"><video class=\"wp-block-cover__video-background intrinsic-ignore\" autoplay muted loop playsinline src=\"https:\/\/www.grimmhof.it\/wp-content\/uploads\/2025\/01\/winterclips_4.mp4\" style=\"object-position:69% 69%\" data-object-fit=\"cover\" data-object-position=\"69% 69%\"><\/video><span aria-hidden=\"true\" class=\"wp-block-cover__background has-background-dim-0 has-background-dim\"><\/span><div class=\"wp-block-cover__inner-container is-layout-flow wp-block-cover-is-layout-flow\">\n<div class=\"wp-block-group is-horizontal is-content-justification-center is-layout-flex wp-container-core-group-is-layout-6bd4d9d1 wp-block-group-is-layout-flex\" style=\"min-height:50vh\">\n<h1 class=\"wp-block-heading has-text-align-center has-base-color has-text-color has-link-color wp-elements-032be27eabd77d54a9a4137bb4f98201\">Angekommen<br><strong>Auf der Alm<\/strong><\/h1>\n<\/div>\n\n\n\n<div class=\"wp-block-group more has-global-padding is-layout-constrained wp-block-group-is-layout-constrained\">\n<figure class=\"wp-block-image aligncenter size-full\"><a href=\"#start\"><img decoding=\"async\" src=\"https:\/\/www.grimmhof.it\/wp-content\/uploads\/2024\/12\/icon-more.svg\" alt=\"\" class=\"wp-image-40\"\/><\/a><\/figure>\n<\/div>\n<\/div><\/div>\n\n\n\n<h1 class=\"wp-block-heading has-text-align-center\" id=\"start\" style=\"margin-top:var(--wp--preset--spacing--50);margin-bottom:0\">Komm zu uns<\/h1>\n\n\n\n<h2 class=\"wp-block-heading has-text-align-center\">Zu Fu\u00df, mit dem Fahrrad, mit den Skiern<\/h2>\n\n\n\n<div class=\"wp-block-group has-global-padding is-layout-constrained wp-container-core-group-is-layout-8dd13e6d wp-block-group-is-layout-constrained\" style=\"padding-right:var(--wp--preset--spacing--60);padding-left:var(--wp--preset--spacing--60)\">\n<p class=\"has-text-align-center\">Auch mit Schneeschuhen, Langlaufskiern und sogar mit der Pferdekutsche\u2026<\/p>\n\n\n\n<p class=\"has-text-align-center\">Die Edlweissh\u00fctte erwartet dich. <strong>Sowohl im Sommer als auch im Winter!<\/strong><\/p>\n\n\n\n<p class=\"has-text-align-center\">Erlebe die atemberaubende Natur, die uns umgibt, und genie\u00dfe deinen Aufenthalt bei uns. Egal ob du sportlich unterwegs bist oder eine entspannte Wanderung planst, bei uns findest du den idealen Ort zum Rasten, Genie\u00dfen und Krafttanken.<\/p>\n<\/div>\n\n\n\n<figure class=\"wp-block-gallery alignwide has-nested-images columns-2 is-cropped wp-block-gallery-1 is-layout-flex wp-block-gallery-is-layout-flex\">\n<figure data-wp-context=\"{&quot;imageId&quot;:&quot;69de029ced21c&quot;}\" data-wp-interactive=\"core\/image\" class=\"wp-block-image size-large wp-lightbox-container\"><img loading=\"lazy\" decoding=\"async\" width=\"1400\" height=\"933\" data-wp-class--hide=\"state.isContentHidden\" data-wp-class--show=\"state.isContentVisible\" data-wp-init=\"callbacks.setButtonStyles\" data-wp-on-async--click=\"actions.showLightbox\" data-wp-on-async--load=\"callbacks.setButtonStyles\" data-wp-on-async-window--resize=\"callbacks.setButtonStyles\" data-id=\"567\" src=\"https:\/\/www.grimmhof.it\/wp-content\/uploads\/2025\/01\/fabian_dalpiaz_2-1400x933.jpg\" alt=\"\" class=\"wp-image-567\" srcset=\"https:\/\/www.grimmhof.it\/wp-content\/uploads\/2025\/01\/fabian_dalpiaz_2-1400x933.jpg 1400w, https:\/\/www.grimmhof.it\/wp-content\/uploads\/2025\/01\/fabian_dalpiaz_2-700x467.jpg 700w, https:\/\/www.grimmhof.it\/wp-content\/uploads\/2025\/01\/fabian_dalpiaz_2-768x512.jpg 768w, https:\/\/www.grimmhof.it\/wp-content\/uploads\/2025\/01\/fabian_dalpiaz_2-50x33.jpg 50w, https:\/\/www.grimmhof.it\/wp-content\/uploads\/2025\/01\/fabian_dalpiaz_2-1600x1066.jpg 1600w, https:\/\/www.grimmhof.it\/wp-content\/uploads\/2025\/01\/fabian_dalpiaz_2-1536x1024.jpg 1536w, https:\/\/www.grimmhof.it\/wp-content\/uploads\/2025\/01\/fabian_dalpiaz_2.jpg 2048w\" sizes=\"auto, (max-width: 1400px) 100vw, 1400px\" \/><button\n\t\t\tclass=\"lightbox-trigger\"\n\t\t\ttype=\"button\"\n\t\t\taria-haspopup=\"dialog\"\n\t\t\taria-label=\"Vergr\u00f6\u00dfern\"\n\t\t\tdata-wp-init=\"callbacks.initTriggerButton\"\n\t\t\tdata-wp-on-async--click=\"actions.showLightbox\"\n\t\t\tdata-wp-style--right=\"state.imageButtonRight\"\n\t\t\tdata-wp-style--top=\"state.imageButtonTop\"\n\t\t>\n\t\t\t<svg xmlns=\"http:\/\/www.w3.org\/2000\/svg\" width=\"12\" height=\"12\" fill=\"none\" viewBox=\"0 0 12 12\">\n\t\t\t\t<path fill=\"#fff\" d=\"M2 0a2 2 0 0 0-2 2v2h1.5V2a.5.5 0 0 1 .5-.5h2V0H2Zm2 10.5H2a.5.5 0 0 1-.5-.5V8H0v2a2 2 0 0 0 2 2h2v-1.5ZM8 12v-1.5h2a.5.5 0 0 0 .5-.5V8H12v2a2 2 0 0 1-2 2H8Zm2-12a2 2 0 0 1 2 2v2h-1.5V2a.5.5 0 0 0-.5-.5H8V0h2Z\" \/>\n\t\t\t<\/svg>\n\t\t<\/button><\/figure>\n\n\n\n<figure data-wp-context=\"{&quot;imageId&quot;:&quot;69de029ced976&quot;}\" data-wp-interactive=\"core\/image\" class=\"wp-block-image size-large wp-lightbox-container\"><img loading=\"lazy\" decoding=\"async\" width=\"1400\" height=\"933\" data-wp-class--hide=\"state.isContentHidden\" data-wp-class--show=\"state.isContentVisible\" data-wp-init=\"callbacks.setButtonStyles\" data-wp-on-async--click=\"actions.showLightbox\" data-wp-on-async--load=\"callbacks.setButtonStyles\" data-wp-on-async-window--resize=\"callbacks.setButtonStyles\" data-id=\"568\" src=\"https:\/\/www.grimmhof.it\/wp-content\/uploads\/2025\/01\/fabian_dalpiaz_23-1400x933.jpg\" alt=\"\" class=\"wp-image-568\" srcset=\"https:\/\/www.grimmhof.it\/wp-content\/uploads\/2025\/01\/fabian_dalpiaz_23-1400x933.jpg 1400w, https:\/\/www.grimmhof.it\/wp-content\/uploads\/2025\/01\/fabian_dalpiaz_23-700x467.jpg 700w, https:\/\/www.grimmhof.it\/wp-content\/uploads\/2025\/01\/fabian_dalpiaz_23-768x512.jpg 768w, https:\/\/www.grimmhof.it\/wp-content\/uploads\/2025\/01\/fabian_dalpiaz_23-50x33.jpg 50w, https:\/\/www.grimmhof.it\/wp-content\/uploads\/2025\/01\/fabian_dalpiaz_23-1600x1066.jpg 1600w, https:\/\/www.grimmhof.it\/wp-content\/uploads\/2025\/01\/fabian_dalpiaz_23-1536x1024.jpg 1536w, https:\/\/www.grimmhof.it\/wp-content\/uploads\/2025\/01\/fabian_dalpiaz_23.jpg 2048w\" sizes=\"auto, (max-width: 1400px) 100vw, 1400px\" \/><button\n\t\t\tclass=\"lightbox-trigger\"\n\t\t\ttype=\"button\"\n\t\t\taria-haspopup=\"dialog\"\n\t\t\taria-label=\"Vergr\u00f6\u00dfern\"\n\t\t\tdata-wp-init=\"callbacks.initTriggerButton\"\n\t\t\tdata-wp-on-async--click=\"actions.showLightbox\"\n\t\t\tdata-wp-style--right=\"state.imageButtonRight\"\n\t\t\tdata-wp-style--top=\"state.imageButtonTop\"\n\t\t>\n\t\t\t<svg xmlns=\"http:\/\/www.w3.org\/2000\/svg\" width=\"12\" height=\"12\" fill=\"none\" viewBox=\"0 0 12 12\">\n\t\t\t\t<path fill=\"#fff\" d=\"M2 0a2 2 0 0 0-2 2v2h1.5V2a.5.5 0 0 1 .5-.5h2V0H2Zm2 10.5H2a.5.5 0 0 1-.5-.5V8H0v2a2 2 0 0 0 2 2h2v-1.5ZM8 12v-1.5h2a.5.5 0 0 0 .5-.5V8H12v2a2 2 0 0 1-2 2H8Zm2-12a2 2 0 0 1 2 2v2h-1.5V2a.5.5 0 0 0-.5-.5H8V0h2Z\" \/>\n\t\t\t<\/svg>\n\t\t<\/button><\/figure>\n<\/figure>\n\n\n\n<p class=\"has-text-align-left\"><strong>Wanderungen zur Edlweiss H\u00fctte<\/strong><br>Entdecke die Sch\u00f6nheit der S\u00fcdtiroler Bergwelt auf abwechslungsreichen Wanderwegen rund um die Edlweiss H\u00fctte. Von kurzen Spazierg\u00e4ngen bis hin zu ausgedehnten Touren ist f\u00fcr jeden etwas dabei:<\/p>\n\n\n\n<ul class=\"wp-block-list\">\n<li><strong>Compatsch &#8211; Edlweiss H\u00fctte:<\/strong> ca. 1 h (Weg \u2116 7)<\/li>\n\n\n\n<li><strong>Edlweiss H\u00fctte &#8211; Almrosenh\u00fctte &#8211; Rauch &#8211; Compatsch:<\/strong> ca. 2 h (\u2116 12A, 30)<\/li>\n\n\n\n<li><strong>Edlweiss H\u00fctte &#8211; Almrosenh\u00fctte &#8211; Saltria:<\/strong> ca. 1 h 15\u2018 (\u2116 7, 12, 9)<\/li>\n\n\n\n<li><strong>Edlweiss H\u00fctte &#8211; Almrosenh\u00fctte &#8211; Mahlknechth\u00fctte &#8211; Saltria:<\/strong> ca. 1 h 45\u2018 (\u2116 7, 8, 9)<\/li>\n\n\n\n<li><strong>Edlweiss H\u00fctte &#8211; Mahlknechth\u00fctte:<\/strong> ca. 45\u2018 (\u2116 7)<\/li>\n\n\n\n<li><strong>Mahlknechth\u00fctte &#8211; Saltria:<\/strong> ca. 1 h (\u2116 8, 9)<\/li>\n\n\n\n<li><strong>Saltria &#8211; Compatsch:<\/strong> ca. 1 h 5\u2018 (\u2116 30, 12A)<\/li>\n<\/ul>\n\n\n\n<p class=\"has-text-align-left\">Genie\u00dfe die klare Bergluft und die beeindruckende Berglandschaft auf deinem Weg zu uns \u2013 wir freuen uns auf deinen Besuch!<\/p>\n\n\n\n<div class=\"wp-block-group alignwide has-accent-2-background-color has-background has-global-padding is-layout-constrained wp-container-core-group-is-layout-7db9d80f wp-block-group-is-layout-constrained\" style=\"padding-right:0;padding-left:0\">\n<figure class=\"wp-block-image size-full has-custom-border\"><img decoding=\"async\" src=\"https:\/\/www.grimmhof.it\/wp-content\/uploads\/2025\/01\/skizze.svg\" alt=\"\" class=\"wp-image-579\" style=\"border-width:50px\"\/><\/figure>\n<\/div>\n\n\n\n<hr class=\"wp-block-separator has-alpha-channel-opacity is-style-dots\" style=\"margin-top:var(--wp--preset--spacing--50);margin-bottom:var(--wp--preset--spacing--50)\"\/>\n\n\n\n<h1 class=\"wp-block-heading has-text-align-center\">So findest <\/h1>\n\n\n\n<h2 class=\"wp-block-heading has-text-align-center\">du uns<\/h2>\n\n\n\n<p class=\"has-text-align-center\">Du findest uns auf der Seiser Alm etwas unterhalb des Goldknopfes auf der sogenannten Grimmwiese. Die Almh\u00fctten bestehen aus zwei nebeneinander stehenden Holzh\u00fctten, die mit Holzschindeln gedeckt sind. Zur Orientierung dient ein ovaler Weiher, der sich direkt unterhalb der H\u00fctten befindet.<\/p>\n\n\n\n<div class=\"wp-block-group has-global-padding is-layout-constrained wp-block-group-is-layout-constrained\">\n<iframe src=\"https:\/\/www.google.com\/maps\/embed?pb=!1m18!1m12!1m3!1d13405.577282066994!2d11.63439901967749!3d46.52451839286554!2m3!1f0!2f0!3f0!3m2!1i1024!2i768!4f13.1!3m3!1m2!1s0x47786d3d7e5de499%3A0x90939389e271833c!2sEdlweiss%20H%C3%BCtte!5e1!3m2!1sde!2sit!4v1736409806086!5m2!1sde!2sit\" width=\"100%\" height=\"550\" style=\"border:0;\" allowfullscreen=\"\" loading=\"lazy\" referrerpolicy=\"no-referrer-when-downgrade\"><\/iframe>\n<\/div>\n\n\n\n<h2 class=\"wp-block-heading has-text-align-center\">Karten der Dolomitenregion Seiser Alm<\/h2>\n\n\n\n<div class=\"wp-block-buttons is-content-justification-center is-layout-flex wp-container-core-buttons-is-layout-a89b3969 wp-block-buttons-is-layout-flex\">\n<div class=\"wp-block-button is-style-outline is-style-outline--2\"><a class=\"wp-block-button__link has-text-align-center wp-element-button\" href=\"https:\/\/www.seiseralm.it\/media\/be3ca98f-4535-4849-ba80-16d16d5cf2cd\/sam-winterwandern-low-2025.pdf\">Winterwanderwege Dolomitenregion Seiser Alm<\/a><\/div>\n\n\n\n<div class=\"wp-block-button is-style-outline is-style-outline--3\"><a class=\"wp-block-button__link wp-element-button\" href=\"https:\/\/www.seiseralm.it\/media\/860fbc46-9d44-438c-b8fd-b148d7f7360f\/sam-wintercard2025-druckdatei-low.pdf\">pistenplan Seiser Alm<\/a><\/div>\n\n\n\n<div class=\"wp-block-button is-style-outline is-style-outline--4\"><a class=\"wp-block-button__link has-text-align-center wp-element-button\" href=\"https:\/\/www.seiseralm.it\/media\/52ce27f8-4a4d-48ba-a501-610dd8a40f0b\/wanderkarte-dolomitenregion-seiser-alm-2025.pdf\">Sommerwanderwege Dolomitenregion Seiser Alm<\/a><\/div>\n\n\n\n<div class=\"wp-block-button is-style-outline is-style-outline--5\"><a class=\"wp-block-button__link wp-element-button\" href=\"https:\/\/www.seiseralm.it\/media\/f9b94d2a-6fd8-4955-be12-c4028d671b4e\/seiseralm-mtb-faltkarte-680-x-520mm-2024-kl.pdf\">Mountainbike Karte Seiser Alm<\/a><\/div>\n<\/div>\n\n\n\n<h2 class=\"wp-block-heading has-text-align-center\">Webcam Goldknopf<\/h2>\n\n\n\n<iframe src=\"https:\/\/seiseralm-goldknopf.panomax.com\/embed?pb=!1m18!1m12!1m3!1d13405.577282066994!2d11.63439901967749!3d46.52451839286554!2m3!1f0!2f0!3f0!3m2!1i1024!2i768!4f13.1!3m3!1m2!1s0x47786d3d7e5de499%3A0x90939389e271833c!2sEdlweiss%20H%C3%BCtte!5e1!3m2!1sde!2sit!4v1736409806086!5m2!1sde!2sit\" width=\"100%\" height=\"550\" style=\"border:0;\" allowfullscreen=\"\" loading=\"lazy\" referrerpolicy=\"no-referrer-when-downgrade\"><\/iframe>\n\n\n\n<hr class=\"wp-block-separator has-alpha-channel-opacity is-style-dots\" style=\"margin-top:var(--wp--preset--spacing--50);margin-bottom:var(--wp--preset--spacing--50)\"\/>\n\n\n\n<h2 class=\"wp-block-heading has-text-align-center\">Gem\u00fctlichkeit<\/h2>\n\n\n\n<p class=\"has-text-align-center\">Auf der Seiser Alm<\/p>\n\n\n<div id=\"gutenslider-6cy8dgxcs\" class=\"wp-block-eedee-block-gutenslider gs-frontend content-change alignwide arrow-style-1 arrow-position-sides arrow-mb-none arrows-lg arrows-md arrows-sm dot-style-1 dots-lg dots-md dots-sm dot-position-bottom is-position-center-center mb-none lg-zoom-icon wrap-auto-height\" data-parallax-direction=\"down\" data-parallax-amount=\"1.3\" data-lg-transition=\"lg-slide\" data-hash=\"\" ><div class=\"eedee-swiper-outer\" style=\"--gutenslider-min-height: 800px;--gutenslider-arrow-size: 30px;--gutenslider-dot-size: 25px;--gutenslider-arrow-color: #ffffff;--gutenslider-dot-color: #ffffff;--gutenslider-padding-y-mobile: 40px;--gutenslider-padding-x-mobile: 40px;--gutenslider-padding-y-tablet: 40px;--gutenslider-padding-x-tablet: 40px;--gutenslider-padding-y-desktop: 40px;--gutenslider-padding-x-desktop: 40px;--gutenslider-bg-image: url();--gutenslider-min-height-md: 50vh;--gutenslider-min-height-sm: 50vh;--gutenslider-padding-x: 40px;--gutenslider-padding-x-md: 40px;--gutenslider-padding-x-sm: 20px;--gutenslider-padding-y: 40px;--gutenslider-padding-y-md: 40px;--gutenslider-padding-y-sm: 20px;--gutenslider-arrow-size-md: 30px;--gutenslider-arrow-size-sm: 30px;--gutenslider-dot-size-md: 25px;--gutenslider-dot-size-sm: 25px;--gutenslider-arrow-bg-color: transparent;--gutenslider-arrow-hover-color: #eeeeee;--gutenslider-arrow-bg-hover-color: transparent;--gutenslider-arrow-x-offset: 10px;--gutenslider-arrow-x-offset-md: 10px;--gutenslider-arrow-x-offset-sm: 10px;--gutenslider-arrow-y-offset: 0px;--gutenslider-arrow-y-offset-md: 0px;--gutenslider-arrow-y-offset-sm: 0px;--gutenslider-arrow-x-spacing: 0px;--gutenslider-dot-y-offset: 10px;--gutenslider-dot-y-offset-md: 10px;--gutenslider-dot-y-offset-sm: 10px;--gutenslider-margin-x: 0px;--gutenslider-margin-x-md: 0px;--gutenslider-margin-x-sm: 0px;--gutenslider-margin-y: 0px;--gutenslider-margin-y-md: 0px;--gutenslider-margin-y-sm: 0px;--gutenslider-divider-top: 60px;--gutenslider-divider-bottom: 60px;--gutenslider-lightgallery-bg: #ffffff;--gutenslider-lightgallery-font: #000000;--gs-first-pos: 50% 50%;--gs-gap-vertical: var( --wp--style--gallery-gap-default, var( --gallery-block--gutter-size, var( --wp--style--block-gap, 0.5em ) ) );--gs-gap-horizontal: var( --wp--style--gallery-gap-default, var( --gallery-block--gutter-size, var( --wp--style--block-gap, 0.5em ) ) );\"><div class=\"gutenslider-divider-top\" style=\"color:#fff;\"><\/div><div class=\"swiper\" data-settings='{\"autoplay\":{\"delay\":3000,\"pauseOnMouseEnter\":true,\"disableOnInteraction\":false},\"speed\":700,\"direction\":\"horizontal\",\"autoHeight\":\"\",\"loop\":true,\"centeredSlides\":true,\"spaceBetween\":0,\"slidesPerView\":1,\"slidesPerGroup\":1,\"effect\":\"slide\",\"coverflowEffect\":{\"rotate\":30,\"slideShadows\":false,\"depth\":100,\"stretch\":50,\"modifier\":1},\"fadeEffect\":{\"crossFade\":true},\"zoom\":\"\",\"navigation\":{\"nextEl\":\"#gutenslider-6cy8dgxcs .eedee-gutenslider-next\",\"prevEl\":\"#gutenslider-6cy8dgxcs .eedee-gutenslider-prev\"},\"pagination\":{\"type\":\"bullets\",\"clickable\":true,\"dynamicBullets\":false,\"el\":\"#gutenslider-6cy8dgxcs .eedee-gutenslider-pagination\"},\"pauseOnHover\":\"1\",\"watchSlidesProgress\":true,\"watchSlidesVisibility\":true,\"settingsMd\":{\"autoHeight\":\"\",\"slidesPerView\":1,\"slidesPerGroup\":1,\"spaceBetween\":0,\"loop\":true},\"settingsLg\":{\"autoHeight\":\"\",\"slidesPerView\":1,\"slidesPerGroup\":1,\"spaceBetween\":0,\"loop\":true},\"hasLg\":true,\"hasLgCounter\":true,\"isFullScreen\":false,\"arrowsFollowMouse\":false,\"lgTitle\":\"none\",\"lgCaption\":\"none\",\"lgThumbnails\":true,\"lgZoomEnabled\":false,\"keyboard\":{\"keyboard\":{\"enabled\":true,\"onlyInViewport\":true}},\"hashNavigation\":false,\"dividers\":false}'><div class=\"swiper-wrapper\">\n<div class=\"swiper-slide wp-block-eedee-block-gutenslide is-position-center-center ed-bg-image\" style=\"--ed-vw:700;--ed-vh:467;\" data-hash=\"\"><div class=\"eedee-background-div bg-image\"><img loading=\"lazy\" width=\"1400\" height=\"933\" class=\"wp-image-354\" src=\"https:\/\/www.grimmhof.it\/wp-content\/uploads\/2025\/01\/fabian_dalpiaz_35-1400x933.jpg\" alt=\"\" decoding=\"async\" style=\"object-fit: cover; object-position: 50% 50%;\"  data-title=\"Fabian_Dalpiaz_35\" srcset=\"https:\/\/www.grimmhof.it\/wp-content\/uploads\/2025\/01\/fabian_dalpiaz_35-1400x933.jpg 1400w, https:\/\/www.grimmhof.it\/wp-content\/uploads\/2025\/01\/fabian_dalpiaz_35-700x467.jpg 700w, https:\/\/www.grimmhof.it\/wp-content\/uploads\/2025\/01\/fabian_dalpiaz_35-768x512.jpg 768w, https:\/\/www.grimmhof.it\/wp-content\/uploads\/2025\/01\/fabian_dalpiaz_35-50x33.jpg 50w, https:\/\/www.grimmhof.it\/wp-content\/uploads\/2025\/01\/fabian_dalpiaz_35-1600x1066.jpg 1600w, https:\/\/www.grimmhof.it\/wp-content\/uploads\/2025\/01\/fabian_dalpiaz_35-1536x1024.jpg 1536w, https:\/\/www.grimmhof.it\/wp-content\/uploads\/2025\/01\/fabian_dalpiaz_35.jpg 2048w\" sizes=\"auto, (max-width: 1400px) 100vw, 1400px\" \/><div class=\"eedee-background-div__overlay\" style=\"opacity:1;\"><\/div><\/div><div class=\"slide-content\">\n\n<p class=\"has-text-align-center gutenslider-content-initial has-base-color has-text-color has-link-color has-large-font-size wp-elements-d20e56342213c43266f0032f2ff9f56a\"><\/p>\n\n<\/div><\/div>\n\n<div class=\"swiper-slide wp-block-eedee-block-gutenslide is-position-center-center ed-bg-image\" style=\"--ed-vw:700;--ed-vh:525;\" data-hash=\"\"><div class=\"eedee-background-div bg-image\"><img loading=\"lazy\" width=\"1400\" height=\"1050\" class=\"wp-image-571\" src=\"https:\/\/www.grimmhof.it\/wp-content\/uploads\/2025\/01\/regenbogen-1400x1050.jpg\" alt=\"\" decoding=\"async\" style=\"object-fit: cover; object-position: 50% 50%;\"  data-title=\"Regenbogen\" srcset=\"https:\/\/www.grimmhof.it\/wp-content\/uploads\/2025\/01\/regenbogen-1400x1050.jpg 1400w, https:\/\/www.grimmhof.it\/wp-content\/uploads\/2025\/01\/regenbogen-700x525.jpg 700w, https:\/\/www.grimmhof.it\/wp-content\/uploads\/2025\/01\/regenbogen-768x576.jpg 768w, https:\/\/www.grimmhof.it\/wp-content\/uploads\/2025\/01\/regenbogen-50x38.jpg 50w, https:\/\/www.grimmhof.it\/wp-content\/uploads\/2025\/01\/regenbogen-1600x1200.jpg 1600w, https:\/\/www.grimmhof.it\/wp-content\/uploads\/2025\/01\/regenbogen-1536x1152.jpg 1536w, https:\/\/www.grimmhof.it\/wp-content\/uploads\/2025\/01\/regenbogen.jpg 2048w\" sizes=\"auto, (max-width: 1400px) 100vw, 1400px\" \/><div class=\"eedee-background-div__overlay\" style=\"opacity:1;\"><\/div><\/div><div class=\"slide-content\">\n\n<p class=\"has-text-align-center gutenslider-content-initial has-larger-font-size\"><\/p>\n\n<\/div><\/div>\n\n<div class=\"swiper-slide wp-block-eedee-block-gutenslide is-position-center-center ed-bg-image\" style=\"--ed-vw:700;--ed-vh:525;\" data-hash=\"\"><div class=\"eedee-background-div bg-image\"><img loading=\"lazy\" width=\"1400\" height=\"1050\" class=\"wp-image-570\" src=\"https:\/\/www.grimmhof.it\/wp-content\/uploads\/2025\/01\/spiegelung_im_see_platt-und_langkofel-1400x1050.jpg\" alt=\"\" decoding=\"async\" style=\"object-fit: cover; object-position: 50% 50%;\"  data-title=\"Spiegelung_im_See_Platt-und_Langkofel\" srcset=\"https:\/\/www.grimmhof.it\/wp-content\/uploads\/2025\/01\/spiegelung_im_see_platt-und_langkofel-1400x1050.jpg 1400w, https:\/\/www.grimmhof.it\/wp-content\/uploads\/2025\/01\/spiegelung_im_see_platt-und_langkofel-700x525.jpg 700w, https:\/\/www.grimmhof.it\/wp-content\/uploads\/2025\/01\/spiegelung_im_see_platt-und_langkofel-768x576.jpg 768w, https:\/\/www.grimmhof.it\/wp-content\/uploads\/2025\/01\/spiegelung_im_see_platt-und_langkofel-50x38.jpg 50w, https:\/\/www.grimmhof.it\/wp-content\/uploads\/2025\/01\/spiegelung_im_see_platt-und_langkofel-1536x1152.jpg 1536w, https:\/\/www.grimmhof.it\/wp-content\/uploads\/2025\/01\/spiegelung_im_see_platt-und_langkofel.jpg 1600w\" sizes=\"auto, (max-width: 1400px) 100vw, 1400px\" \/><div class=\"eedee-background-div__overlay\" style=\"opacity:1;\"><\/div><\/div><div class=\"slide-content\">\n\n<p class=\"has-text-align-center gutenslider-content-initial has-larger-font-size\"><\/p>\n\n<\/div><\/div>\n<\/div><\/div><button class=\"eedee-gutenslider-nav eedee-gutenslider-prev\"><svg xmlns=\"http:\/\/www.w3.org\/2000\/svg\" viewBox=\"0 0 24 24\" width=\"24\" height=\"24\"><circle class=\"bg\" cx=\"13\" cy=\"12\" r=\"11\" \/><path fill=\"none\" d=\"M0 0h24v24H0z\"\/><path class=\"arrow\" d=\"M10.828 12l4.95 4.95-1.414 1.414L8 12l6.364-6.364 1.414 1.414z\"\/><\/svg><\/button><button class=\"eedee-gutenslider-nav eedee-gutenslider-next\"><svg xmlns=\"http:\/\/www.w3.org\/2000\/svg\" viewBox=\"0 0 24 24\" width=\"24\" height=\"24\"><circle class=\"bg\" cx=\"11\" cy=\"12\" r=\"11\" \/><path fill=\"none\" d=\"M0 0h24v24H0z\"\/><path class=\"arrow\" d=\"M13.172 12l-4.95-4.95 1.414-1.414L16 12l-6.364 6.364-1.414-1.414z\"\/><\/svg><\/button><div class=\"eedee-gutenslider-pagination\"><\/div><div class=\"gutenslider-divider-bottom \" style=\"color:#fff;\"><\/div><\/div><\/div>\n\n\n<hr class=\"wp-block-separator has-alpha-channel-opacity is-style-dots\" style=\"margin-top:var(--wp--preset--spacing--50);margin-bottom:var(--wp--preset--spacing--50)\"\/>\n","protected":false},"excerpt":{"rendered":"<p>Komm zu uns Zu Fu\u00df, mit dem Fahrrad, mit den Skiern Auch mit Schneeschuhen, Langlaufskiern und sogar mit der Pferdekutsche\u2026 Die Edlweissh\u00fctte erwartet dich. Sowohl im Sommer als auch im Winter! Erlebe die atemberaubende Natur, die uns umgibt, und genie\u00dfe deinen Aufenthalt bei uns. Egal ob du sportlich unterwegs bist oder eine entspannte Wanderung planst, [&hellip;]<\/p>\n","protected":false},"author":1,"featured_media":0,"parent":0,"menu_order":0,"comment_status":"closed","ping_status":"closed","template":"","meta":{"footnotes":""},"class_list":["post-538","page","type-page","status-publish","hentry"],"_links":{"self":[{"href":"https:\/\/www.grimmhof.it\/de\/wp-json\/wp\/v2\/pages\/538","targetHints":{"allow":["GET"]}}],"collection":[{"href":"https:\/\/www.grimmhof.it\/de\/wp-json\/wp\/v2\/pages"}],"about":[{"href":"https:\/\/www.grimmhof.it\/de\/wp-json\/wp\/v2\/types\/page"}],"author":[{"embeddable":true,"href":"https:\/\/www.grimmhof.it\/de\/wp-json\/wp\/v2\/users\/1"}],"replies":[{"embeddable":true,"href":"https:\/\/www.grimmhof.it\/de\/wp-json\/wp\/v2\/comments?post=538"}],"version-history":[{"count":69,"href":"https:\/\/www.grimmhof.it\/de\/wp-json\/wp\/v2\/pages\/538\/revisions"}],"predecessor-version":[{"id":2430,"href":"https:\/\/www.grimmhof.it\/de\/wp-json\/wp\/v2\/pages\/538\/revisions\/2430"}],"wp:attachment":[{"href":"https:\/\/www.grimmhof.it\/de\/wp-json\/wp\/v2\/media?parent=538"}],"curies":[{"name":"wp","href":"https:\/\/api.w.org\/{rel}","templated":true}]}}