{"id":536,"date":"2025-01-09T09:04:50","date_gmt":"2025-01-09T08:04:50","guid":{"rendered":"https:\/\/www.grimmhof.it\/?page_id=536"},"modified":"2025-07-07T10:28:57","modified_gmt":"2025-07-07T08:28:57","slug":"geniessen","status":"publish","type":"page","link":"https:\/\/www.grimmhof.it\/de\/geniessen\/","title":{"rendered":"Genie\u00dfen"},"content":{"rendered":"\n<div class=\"wp-block-cover alignfull is-light has-custom-content-position is-position-bottom-center ohneAbstandOben\" style=\"min-height:100vh;aspect-ratio:unset;\"><img loading=\"lazy\" decoding=\"async\" width=\"2048\" height=\"1365\" class=\"wp-block-cover__image-background wp-image-545\" alt=\"\" src=\"https:\/\/www.grimmhof.it\/wp-content\/uploads\/2025\/01\/20210712175838-_8501580.jpg\" data-object-fit=\"cover\" srcset=\"https:\/\/www.grimmhof.it\/wp-content\/uploads\/2025\/01\/20210712175838-_8501580.jpg 2048w, https:\/\/www.grimmhof.it\/wp-content\/uploads\/2025\/01\/20210712175838-_8501580-700x467.jpg 700w, https:\/\/www.grimmhof.it\/wp-content\/uploads\/2025\/01\/20210712175838-_8501580-1400x933.jpg 1400w, https:\/\/www.grimmhof.it\/wp-content\/uploads\/2025\/01\/20210712175838-_8501580-768x512.jpg 768w, https:\/\/www.grimmhof.it\/wp-content\/uploads\/2025\/01\/20210712175838-_8501580-50x33.jpg 50w, https:\/\/www.grimmhof.it\/wp-content\/uploads\/2025\/01\/20210712175838-_8501580-1600x1066.jpg 1600w, https:\/\/www.grimmhof.it\/wp-content\/uploads\/2025\/01\/20210712175838-_8501580-1536x1024.jpg 1536w\" sizes=\"auto, (max-width: 2048px) 100vw, 2048px\" \/><span aria-hidden=\"true\" class=\"wp-block-cover__background has-background-dim-0 has-background-dim\"><\/span><div class=\"wp-block-cover__inner-container is-layout-flow wp-block-cover-is-layout-flow\">\n<div class=\"wp-block-group is-horizontal is-content-justification-center is-layout-flex wp-container-core-group-is-layout-6bd4d9d1 wp-block-group-is-layout-flex\" style=\"min-height:50vh\">\n<h1 class=\"wp-block-heading has-text-align-center has-base-color has-text-color has-link-color wp-elements-39f1b701cd44231099f4ff8c8cb7e663\">Mmh\u2026<br><strong>das schmeckt!<\/strong><\/h1>\n<\/div>\n\n\n\n<div class=\"wp-block-group more has-global-padding is-layout-constrained wp-block-group-is-layout-constrained\">\n<figure class=\"wp-block-image aligncenter size-full\"><a href=\"#start\"><img decoding=\"async\" src=\"https:\/\/www.grimmhof.it\/wp-content\/uploads\/2024\/12\/icon-more.svg\" alt=\"\" class=\"wp-image-40\"\/><\/a><\/figure>\n<\/div>\n<\/div><\/div>\n\n\n\n<h1 class=\"wp-block-heading has-text-align-center\" id=\"start\" style=\"margin-top:var(--wp--preset--spacing--50);margin-bottom:0\">Genie\u00dfen<\/h1>\n\n\n\n<h2 class=\"wp-block-heading has-text-align-center\">Kalte und warme K\u00fcche<\/h2>\n\n\n\n<div class=\"wp-block-group has-global-padding is-layout-constrained wp-container-core-group-is-layout-8dd13e6d wp-block-group-is-layout-constrained\" style=\"padding-right:var(--wp--preset--spacing--60);padding-left:var(--wp--preset--spacing--60)\">\n<p class=\"has-text-align-center\">Hier auf unserer Edlweissh\u00fctte erwartet Sie herzliche Gastfreundschaft und <strong>traditionelle Spezialit\u00e4ten<\/strong>, die mit viel Liebe zubereitet werden. Genie\u00dfen Sie unsere K\u00f6stlichkeiten aus <strong>regionalen Zutaten<\/strong>. Ob eine gem\u00fctliche Rast nach einer Wanderung oder ein genussvoller Einkehrschwung, unsere Speisekarte bietet f\u00fcr jeden Geschmack etwas. Lassen Sie sich von der Kulinarik der S\u00fcdtiroler Bergwelt verw\u00f6hnen!<\/p>\n\n\n\n<div class=\"wp-block-buttons alignfull is-content-justification-center is-layout-flex wp-container-core-buttons-is-layout-a89b3969 wp-block-buttons-is-layout-flex\">\n<div class=\"wp-block-button\"><a class=\"wp-block-button__link has-large-font-size has-custom-font-size wp-element-button\" href=\"https:\/\/www.grimmhof.it\/wp-content\/uploads\/2025\/01\/menu.pdf\">Getr\u00e4nkekarte (PDF)<\/a><\/div>\n<\/div>\n<\/div>\n\n\n\n<figure class=\"wp-block-gallery alignwide has-nested-images columns-2 is-cropped wp-block-gallery-1 is-layout-flex wp-block-gallery-is-layout-flex\">\n<figure data-wp-context=\"{&quot;imageId&quot;:&quot;69dfea4115775&quot;}\" data-wp-interactive=\"core\/image\" class=\"wp-block-image size-large wp-lightbox-container\"><img loading=\"lazy\" decoding=\"async\" width=\"1400\" height=\"934\" data-wp-class--hide=\"state.isContentHidden\" data-wp-class--show=\"state.isContentVisible\" data-wp-init=\"callbacks.setButtonStyles\" data-wp-on-async--click=\"actions.showLightbox\" data-wp-on-async--load=\"callbacks.setButtonStyles\" data-wp-on-async-window--resize=\"callbacks.setButtonStyles\" data-id=\"1920\" src=\"https:\/\/www.grimmhof.it\/wp-content\/uploads\/2025\/07\/ravioli-1-1400x934.jpg\" alt=\"\" class=\"wp-image-1920\" srcset=\"https:\/\/www.grimmhof.it\/wp-content\/uploads\/2025\/07\/ravioli-1-1400x934.jpg 1400w, https:\/\/www.grimmhof.it\/wp-content\/uploads\/2025\/07\/ravioli-1.jpg 2048w, https:\/\/www.grimmhof.it\/wp-content\/uploads\/2025\/07\/ravioli-1-700x467.jpg 700w, https:\/\/www.grimmhof.it\/wp-content\/uploads\/2025\/07\/ravioli-1-768x512.jpg 768w, https:\/\/www.grimmhof.it\/wp-content\/uploads\/2025\/07\/ravioli-1-50x33.jpg 50w, https:\/\/www.grimmhof.it\/wp-content\/uploads\/2025\/07\/ravioli-1-1600x1067.jpg 1600w, https:\/\/www.grimmhof.it\/wp-content\/uploads\/2025\/07\/ravioli-1-1536x1025.jpg 1536w\" sizes=\"auto, (max-width: 1400px) 100vw, 1400px\" \/><button\n\t\t\tclass=\"lightbox-trigger\"\n\t\t\ttype=\"button\"\n\t\t\taria-haspopup=\"dialog\"\n\t\t\taria-label=\"Vergr\u00f6\u00dfern\"\n\t\t\tdata-wp-init=\"callbacks.initTriggerButton\"\n\t\t\tdata-wp-on-async--click=\"actions.showLightbox\"\n\t\t\tdata-wp-style--right=\"state.imageButtonRight\"\n\t\t\tdata-wp-style--top=\"state.imageButtonTop\"\n\t\t>\n\t\t\t<svg xmlns=\"http:\/\/www.w3.org\/2000\/svg\" width=\"12\" height=\"12\" fill=\"none\" viewBox=\"0 0 12 12\">\n\t\t\t\t<path fill=\"#fff\" d=\"M2 0a2 2 0 0 0-2 2v2h1.5V2a.5.5 0 0 1 .5-.5h2V0H2Zm2 10.5H2a.5.5 0 0 1-.5-.5V8H0v2a2 2 0 0 0 2 2h2v-1.5ZM8 12v-1.5h2a.5.5 0 0 0 .5-.5V8H12v2a2 2 0 0 1-2 2H8Zm2-12a2 2 0 0 1 2 2v2h-1.5V2a.5.5 0 0 0-.5-.5H8V0h2Z\" \/>\n\t\t\t<\/svg>\n\t\t<\/button><\/figure>\n\n\n\n<figure data-wp-context=\"{&quot;imageId&quot;:&quot;69dfea4115f6f&quot;}\" data-wp-interactive=\"core\/image\" class=\"wp-block-image size-large wp-lightbox-container\"><img loading=\"lazy\" decoding=\"async\" width=\"1400\" height=\"934\" data-wp-class--hide=\"state.isContentHidden\" data-wp-class--show=\"state.isContentVisible\" data-wp-init=\"callbacks.setButtonStyles\" data-wp-on-async--click=\"actions.showLightbox\" data-wp-on-async--load=\"callbacks.setButtonStyles\" data-wp-on-async-window--resize=\"callbacks.setButtonStyles\" data-id=\"1917\" src=\"https:\/\/www.grimmhof.it\/wp-content\/uploads\/2025\/07\/knoedel-1-1400x934.jpg\" alt=\"\" class=\"wp-image-1917\" srcset=\"https:\/\/www.grimmhof.it\/wp-content\/uploads\/2025\/07\/knoedel-1-1400x934.jpg 1400w, https:\/\/www.grimmhof.it\/wp-content\/uploads\/2025\/07\/knoedel-1.jpg 2048w, https:\/\/www.grimmhof.it\/wp-content\/uploads\/2025\/07\/knoedel-1-700x467.jpg 700w, https:\/\/www.grimmhof.it\/wp-content\/uploads\/2025\/07\/knoedel-1-768x512.jpg 768w, https:\/\/www.grimmhof.it\/wp-content\/uploads\/2025\/07\/knoedel-1-50x33.jpg 50w, https:\/\/www.grimmhof.it\/wp-content\/uploads\/2025\/07\/knoedel-1-1600x1067.jpg 1600w, https:\/\/www.grimmhof.it\/wp-content\/uploads\/2025\/07\/knoedel-1-1536x1025.jpg 1536w\" sizes=\"auto, (max-width: 1400px) 100vw, 1400px\" \/><button\n\t\t\tclass=\"lightbox-trigger\"\n\t\t\ttype=\"button\"\n\t\t\taria-haspopup=\"dialog\"\n\t\t\taria-label=\"Vergr\u00f6\u00dfern\"\n\t\t\tdata-wp-init=\"callbacks.initTriggerButton\"\n\t\t\tdata-wp-on-async--click=\"actions.showLightbox\"\n\t\t\tdata-wp-style--right=\"state.imageButtonRight\"\n\t\t\tdata-wp-style--top=\"state.imageButtonTop\"\n\t\t>\n\t\t\t<svg xmlns=\"http:\/\/www.w3.org\/2000\/svg\" width=\"12\" height=\"12\" fill=\"none\" viewBox=\"0 0 12 12\">\n\t\t\t\t<path fill=\"#fff\" d=\"M2 0a2 2 0 0 0-2 2v2h1.5V2a.5.5 0 0 1 .5-.5h2V0H2Zm2 10.5H2a.5.5 0 0 1-.5-.5V8H0v2a2 2 0 0 0 2 2h2v-1.5ZM8 12v-1.5h2a.5.5 0 0 0 .5-.5V8H12v2a2 2 0 0 1-2 2H8Zm2-12a2 2 0 0 1 2 2v2h-1.5V2a.5.5 0 0 0-.5-.5H8V0h2Z\" \/>\n\t\t\t<\/svg>\n\t\t<\/button><\/figure>\n<\/figure>\n\n\n\n<p class=\"has-text-align-center\">Wir legen gro\u00dfen Wert auf heimische Produkte und authentischen Geschmack. Unsere Speisen werden mit frischen, regionalen Zutaten zubereitet, die die Vielfalt der S\u00fcdtiroler K\u00fcche widerspiegeln. Von herzhaften Brettljausen bis hin zu s\u00fc\u00dfen Spezialit\u00e4ten \u2013 bei uns genie\u00dfen Sie echte alpine Kulinarik in gem\u00fctlicher Atmosph\u00e4re. Kommen Sie vorbei und lassen Sie sich von der Qualit\u00e4t unserer hausgemachten Gerichte \u00fcberzeugen!<\/p>\n\n\n\n<hr class=\"wp-block-separator has-alpha-channel-opacity is-style-dots\"\/>\n\n\n\n<h2 class=\"wp-block-heading has-text-align-center\">Leckeres<\/h2>\n\n\n\n<p class=\"has-text-align-center\">f\u00fcr Hunger und Durst<\/p>\n\n\n<div id=\"gutenslider-6cy8dgxcs\" class=\"wp-block-eedee-block-gutenslider gs-frontend content-change alignwide arrow-style-1 arrow-position-sides arrow-mb-none arrows-lg arrows-md arrows-sm dot-style-1 dots-lg dots-md dots-sm dot-position-bottom is-position-center-center mb-none lg-zoom-icon wrap-auto-height\" data-parallax-direction=\"down\" data-parallax-amount=\"1.3\" data-lg-transition=\"lg-slide\" data-hash=\"\" ><div class=\"eedee-swiper-outer\" style=\"--gutenslider-min-height: 900px;--gutenslider-arrow-size: 30px;--gutenslider-dot-size: 25px;--gutenslider-arrow-color: #ffffff;--gutenslider-dot-color: #ffffff;--gutenslider-padding-y-mobile: 40px;--gutenslider-padding-x-mobile: 40px;--gutenslider-padding-y-tablet: 40px;--gutenslider-padding-x-tablet: 40px;--gutenslider-padding-y-desktop: 40px;--gutenslider-padding-x-desktop: 40px;--gutenslider-bg-image: url();--gutenslider-min-height-md: 50vh;--gutenslider-min-height-sm: 50vh;--gutenslider-padding-x: 40px;--gutenslider-padding-x-md: 40px;--gutenslider-padding-x-sm: 20px;--gutenslider-padding-y: 40px;--gutenslider-padding-y-md: 40px;--gutenslider-padding-y-sm: 20px;--gutenslider-arrow-size-md: 30px;--gutenslider-arrow-size-sm: 30px;--gutenslider-dot-size-md: 25px;--gutenslider-dot-size-sm: 25px;--gutenslider-arrow-bg-color: transparent;--gutenslider-arrow-hover-color: #eeeeee;--gutenslider-arrow-bg-hover-color: transparent;--gutenslider-arrow-x-offset: 10px;--gutenslider-arrow-x-offset-md: 10px;--gutenslider-arrow-x-offset-sm: 10px;--gutenslider-arrow-y-offset: 0px;--gutenslider-arrow-y-offset-md: 0px;--gutenslider-arrow-y-offset-sm: 0px;--gutenslider-arrow-x-spacing: 0px;--gutenslider-dot-y-offset: 10px;--gutenslider-dot-y-offset-md: 10px;--gutenslider-dot-y-offset-sm: 10px;--gutenslider-margin-x: 0px;--gutenslider-margin-x-md: 0px;--gutenslider-margin-x-sm: 0px;--gutenslider-margin-y: 0px;--gutenslider-margin-y-md: 0px;--gutenslider-margin-y-sm: 0px;--gutenslider-divider-top: 60px;--gutenslider-divider-bottom: 60px;--gutenslider-lightgallery-bg: #ffffff;--gutenslider-lightgallery-font: #000000;--gs-first-pos: 50% 50%;--gs-gap-vertical: var( --wp--style--gallery-gap-default, var( --gallery-block--gutter-size, var( --wp--style--block-gap, 0.5em ) ) );--gs-gap-horizontal: var( --wp--style--gallery-gap-default, var( --gallery-block--gutter-size, var( --wp--style--block-gap, 0.5em ) ) );\"><div class=\"gutenslider-divider-top\" style=\"color:#fff;\"><\/div><div class=\"swiper\" data-settings='{\"autoplay\":{\"delay\":3000,\"pauseOnMouseEnter\":true,\"disableOnInteraction\":false},\"speed\":700,\"direction\":\"horizontal\",\"autoHeight\":\"\",\"loop\":true,\"centeredSlides\":true,\"spaceBetween\":0,\"slidesPerView\":1,\"slidesPerGroup\":1,\"effect\":\"slide\",\"coverflowEffect\":{\"rotate\":30,\"slideShadows\":false,\"depth\":100,\"stretch\":50,\"modifier\":1},\"fadeEffect\":{\"crossFade\":true},\"zoom\":\"\",\"navigation\":{\"nextEl\":\"#gutenslider-6cy8dgxcs .eedee-gutenslider-next\",\"prevEl\":\"#gutenslider-6cy8dgxcs .eedee-gutenslider-prev\"},\"pagination\":{\"type\":\"bullets\",\"clickable\":true,\"dynamicBullets\":false,\"el\":\"#gutenslider-6cy8dgxcs .eedee-gutenslider-pagination\"},\"pauseOnHover\":\"1\",\"watchSlidesProgress\":true,\"watchSlidesVisibility\":true,\"settingsMd\":{\"autoHeight\":\"\",\"slidesPerView\":1,\"slidesPerGroup\":1,\"spaceBetween\":0,\"loop\":true},\"settingsLg\":{\"autoHeight\":\"\",\"slidesPerView\":1,\"slidesPerGroup\":1,\"spaceBetween\":0,\"loop\":true},\"hasLg\":true,\"hasLgCounter\":true,\"isFullScreen\":false,\"arrowsFollowMouse\":false,\"lgTitle\":\"none\",\"lgCaption\":\"none\",\"lgThumbnails\":true,\"lgZoomEnabled\":false,\"keyboard\":{\"keyboard\":{\"enabled\":true,\"onlyInViewport\":true}},\"hashNavigation\":false,\"dividers\":false}'><div class=\"swiper-wrapper\">\n<div class=\"swiper-slide wp-block-eedee-block-gutenslide is-position-center-center ed-bg-image\" style=\"--ed-vw:700;--ed-vh:467;\" data-hash=\"\"><div class=\"eedee-background-div bg-image\"><img loading=\"lazy\" width=\"1400\" height=\"934\" class=\"wp-image-1911\" src=\"https:\/\/www.grimmhof.it\/wp-content\/uploads\/2025\/07\/drinks-1400x934.jpg\" alt=\"\" decoding=\"async\" style=\"object-fit: cover; object-position: 50% 50%;\"  data-title=\"Drinks\" srcset=\"https:\/\/www.grimmhof.it\/wp-content\/uploads\/2025\/07\/drinks-1400x934.jpg 1400w, https:\/\/www.grimmhof.it\/wp-content\/uploads\/2025\/07\/drinks.jpg 2048w, https:\/\/www.grimmhof.it\/wp-content\/uploads\/2025\/07\/drinks-700x467.jpg 700w, https:\/\/www.grimmhof.it\/wp-content\/uploads\/2025\/07\/drinks-768x512.jpg 768w, https:\/\/www.grimmhof.it\/wp-content\/uploads\/2025\/07\/drinks-50x33.jpg 50w, https:\/\/www.grimmhof.it\/wp-content\/uploads\/2025\/07\/drinks-1600x1067.jpg 1600w, https:\/\/www.grimmhof.it\/wp-content\/uploads\/2025\/07\/drinks-1536x1025.jpg 1536w\" sizes=\"auto, (max-width: 1400px) 100vw, 1400px\" \/><div class=\"eedee-background-div__overlay\" style=\"opacity:1;\"><\/div><\/div><div class=\"slide-content\">\n\n<p class=\"has-text-align-center gutenslider-content-initial has-larger-font-size\"><\/p>\n\n<\/div><\/div>\n\n<div class=\"swiper-slide wp-block-eedee-block-gutenslide is-position-center-center ed-bg-image\" style=\"--ed-vw:700;--ed-vh:467;\" data-hash=\"\"><div class=\"eedee-background-div bg-image\"><img loading=\"lazy\" width=\"1400\" height=\"934\" class=\"wp-image-1917\" src=\"https:\/\/www.grimmhof.it\/wp-content\/uploads\/2025\/07\/knoedel-1-1400x934.jpg\" alt=\"\" decoding=\"async\" style=\"object-fit: cover; object-position: 50% 50%;\"  data-caption=\"abgd\" data-title=\"Kno\u0308del\" srcset=\"https:\/\/www.grimmhof.it\/wp-content\/uploads\/2025\/07\/knoedel-1-1400x934.jpg 1400w, https:\/\/www.grimmhof.it\/wp-content\/uploads\/2025\/07\/knoedel-1.jpg 2048w, https:\/\/www.grimmhof.it\/wp-content\/uploads\/2025\/07\/knoedel-1-700x467.jpg 700w, https:\/\/www.grimmhof.it\/wp-content\/uploads\/2025\/07\/knoedel-1-768x512.jpg 768w, https:\/\/www.grimmhof.it\/wp-content\/uploads\/2025\/07\/knoedel-1-50x33.jpg 50w, https:\/\/www.grimmhof.it\/wp-content\/uploads\/2025\/07\/knoedel-1-1600x1067.jpg 1600w, https:\/\/www.grimmhof.it\/wp-content\/uploads\/2025\/07\/knoedel-1-1536x1025.jpg 1536w\" sizes=\"auto, (max-width: 1400px) 100vw, 1400px\" \/><div class=\"eedee-background-div__overlay\" style=\"opacity:1;\"><\/div><\/div><div class=\"slide-content\">\n\n<p class=\"has-text-align-center gutenslider-content-initial has-larger-font-size\"><\/p>\n\n<\/div><\/div>\n\n<div class=\"swiper-slide wp-block-eedee-block-gutenslide is-position-center-center ed-bg-image\" style=\"--ed-vw:525;--ed-vh:700;\" data-hash=\"\"><div class=\"eedee-background-div bg-image\"><img loading=\"lazy\" width=\"1050\" height=\"1400\" class=\"wp-image-1914\" src=\"https:\/\/www.grimmhof.it\/wp-content\/uploads\/2025\/07\/gnocchi-1-1050x1400.jpg\" alt=\"\" decoding=\"async\" style=\"object-fit: cover; object-position: 50% 50%;\"  data-caption=\"fa\" data-title=\"Gnocchi\" srcset=\"https:\/\/www.grimmhof.it\/wp-content\/uploads\/2025\/07\/gnocchi-1-1050x1400.jpg 1050w, https:\/\/www.grimmhof.it\/wp-content\/uploads\/2025\/07\/gnocchi-1.jpg 1536w, https:\/\/www.grimmhof.it\/wp-content\/uploads\/2025\/07\/gnocchi-1-525x700.jpg 525w, https:\/\/www.grimmhof.it\/wp-content\/uploads\/2025\/07\/gnocchi-1-768x1024.jpg 768w, https:\/\/www.grimmhof.it\/wp-content\/uploads\/2025\/07\/gnocchi-1-50x67.jpg 50w, https:\/\/www.grimmhof.it\/wp-content\/uploads\/2025\/07\/gnocchi-1-1152x1536.jpg 1152w\" sizes=\"auto, (max-width: 1050px) 100vw, 1050px\" \/><div class=\"eedee-background-div__overlay\" style=\"opacity:1;\"><\/div><\/div><div class=\"slide-content\">\n\n<p class=\"has-text-align-center gutenslider-content-initial has-larger-font-size\"><\/p>\n\n<\/div><\/div>\n\n<div class=\"swiper-slide wp-block-eedee-block-gutenslide is-position-center-center ed-bg-image\" style=\"--ed-vw:700;--ed-vh:467;\" data-hash=\"\"><div class=\"eedee-background-div bg-image\"><img loading=\"lazy\" width=\"1400\" height=\"934\" class=\"wp-image-1920\" src=\"https:\/\/www.grimmhof.it\/wp-content\/uploads\/2025\/07\/ravioli-1-1400x934.jpg\" alt=\"\" decoding=\"async\" style=\"object-fit: cover; object-position: 50% 50%;\"  data-caption=\"fa\" data-title=\"Ravioli\" srcset=\"https:\/\/www.grimmhof.it\/wp-content\/uploads\/2025\/07\/ravioli-1-1400x934.jpg 1400w, https:\/\/www.grimmhof.it\/wp-content\/uploads\/2025\/07\/ravioli-1.jpg 2048w, https:\/\/www.grimmhof.it\/wp-content\/uploads\/2025\/07\/ravioli-1-700x467.jpg 700w, https:\/\/www.grimmhof.it\/wp-content\/uploads\/2025\/07\/ravioli-1-768x512.jpg 768w, https:\/\/www.grimmhof.it\/wp-content\/uploads\/2025\/07\/ravioli-1-50x33.jpg 50w, https:\/\/www.grimmhof.it\/wp-content\/uploads\/2025\/07\/ravioli-1-1600x1067.jpg 1600w, https:\/\/www.grimmhof.it\/wp-content\/uploads\/2025\/07\/ravioli-1-1536x1025.jpg 1536w\" sizes=\"auto, (max-width: 1400px) 100vw, 1400px\" \/><div class=\"eedee-background-div__overlay\" style=\"opacity:1;\"><\/div><\/div><div class=\"slide-content\">\n\n<p class=\"has-text-align-center gutenslider-content-initial has-larger-font-size\"><\/p>\n\n<\/div><\/div>\n\n<div class=\"swiper-slide wp-block-eedee-block-gutenslide is-position-center-center ed-bg-image\" style=\"--ed-vw:467;--ed-vh:700;\" data-hash=\"\"><div class=\"eedee-background-div bg-image\"><img loading=\"lazy\" width=\"933\" height=\"1400\" class=\"wp-image-559\" src=\"https:\/\/www.grimmhof.it\/wp-content\/uploads\/2025\/01\/fabian_dalpiaz_31-933x1400.jpg\" alt=\"\" decoding=\"async\" style=\"object-fit: cover; object-position: 63% 81%;\"  data-title=\"Fabian_Dalpiaz_31\" srcset=\"https:\/\/www.grimmhof.it\/wp-content\/uploads\/2025\/01\/fabian_dalpiaz_31-933x1400.jpg 933w, https:\/\/www.grimmhof.it\/wp-content\/uploads\/2025\/01\/fabian_dalpiaz_31-467x700.jpg 467w, https:\/\/www.grimmhof.it\/wp-content\/uploads\/2025\/01\/fabian_dalpiaz_31-768x1152.jpg 768w, https:\/\/www.grimmhof.it\/wp-content\/uploads\/2025\/01\/fabian_dalpiaz_31-50x75.jpg 50w, https:\/\/www.grimmhof.it\/wp-content\/uploads\/2025\/01\/fabian_dalpiaz_31-1024x1536.jpg 1024w, https:\/\/www.grimmhof.it\/wp-content\/uploads\/2025\/01\/fabian_dalpiaz_31.jpg 1365w\" sizes=\"auto, (max-width: 933px) 100vw, 933px\" \/><div class=\"eedee-background-div__overlay\" style=\"opacity:1;\"><\/div><\/div><div class=\"slide-content\">\n\n<p class=\"has-text-align-center gutenslider-content-initial has-larger-font-size\"><\/p>\n\n<\/div><\/div>\n\n<div class=\"swiper-slide wp-block-eedee-block-gutenslide is-position-center-center ed-bg-image\" style=\"--ed-vw:700;--ed-vh:467;\" data-hash=\"\"><div class=\"eedee-background-div bg-image\"><img loading=\"lazy\" width=\"1400\" height=\"934\" class=\"wp-image-560\" src=\"https:\/\/www.grimmhof.it\/wp-content\/uploads\/2025\/01\/fabian_dalpiaz7-1400x934.jpg\" alt=\"\" decoding=\"async\" style=\"object-fit: cover; object-position: 50% 50%;\"  data-title=\"Fabian_Dalpiaz7\" srcset=\"https:\/\/www.grimmhof.it\/wp-content\/uploads\/2025\/01\/fabian_dalpiaz7-1400x934.jpg 1400w, https:\/\/www.grimmhof.it\/wp-content\/uploads\/2025\/01\/fabian_dalpiaz7-700x467.jpg 700w, https:\/\/www.grimmhof.it\/wp-content\/uploads\/2025\/01\/fabian_dalpiaz7-768x512.jpg 768w, https:\/\/www.grimmhof.it\/wp-content\/uploads\/2025\/01\/fabian_dalpiaz7-50x33.jpg 50w, https:\/\/www.grimmhof.it\/wp-content\/uploads\/2025\/01\/fabian_dalpiaz7-1600x1067.jpg 1600w, https:\/\/www.grimmhof.it\/wp-content\/uploads\/2025\/01\/fabian_dalpiaz7-1536x1025.jpg 1536w, https:\/\/www.grimmhof.it\/wp-content\/uploads\/2025\/01\/fabian_dalpiaz7.jpg 2048w\" sizes=\"auto, (max-width: 1400px) 100vw, 1400px\" \/><div class=\"eedee-background-div__overlay\" style=\"opacity:1;\"><\/div><\/div><div class=\"slide-content\">\n\n<p class=\"has-text-align-center gutenslider-content-initial has-larger-font-size\"><\/p>\n\n<\/div><\/div>\n\n<div class=\"swiper-slide wp-block-eedee-block-gutenslide is-position-center-center ed-bg-image\" style=\"--ed-vw:700;--ed-vh:395;\" data-hash=\"\"><div class=\"eedee-background-div bg-image\"><img loading=\"lazy\" width=\"1400\" height=\"790\" class=\"wp-image-1261\" src=\"https:\/\/www.grimmhof.it\/wp-content\/uploads\/2025\/01\/dscf4297-min-1400x790.jpg\" alt=\"\" decoding=\"async\" style=\"object-fit: cover; object-position: 50% 50%;\"  data-title=\"Cappuccino\" srcset=\"https:\/\/www.grimmhof.it\/wp-content\/uploads\/2025\/01\/dscf4297-min-1400x790.jpg 1400w, https:\/\/www.grimmhof.it\/wp-content\/uploads\/2025\/01\/dscf4297-min.jpg 2048w, https:\/\/www.grimmhof.it\/wp-content\/uploads\/2025\/01\/dscf4297-min-700x395.jpg 700w, https:\/\/www.grimmhof.it\/wp-content\/uploads\/2025\/01\/dscf4297-min-768x433.jpg 768w, https:\/\/www.grimmhof.it\/wp-content\/uploads\/2025\/01\/dscf4297-min-50x28.jpg 50w, https:\/\/www.grimmhof.it\/wp-content\/uploads\/2025\/01\/dscf4297-min-1600x902.jpg 1600w, https:\/\/www.grimmhof.it\/wp-content\/uploads\/2025\/01\/dscf4297-min-1536x866.jpg 1536w\" sizes=\"auto, (max-width: 1400px) 100vw, 1400px\" \/><div class=\"eedee-background-div__overlay\" style=\"opacity:1;\"><\/div><\/div><div class=\"slide-content\">\n\n<p class=\"has-text-align-center gutenslider-content-initial has-larger-font-size\"><\/p>\n\n<\/div><\/div>\n\n<div class=\"swiper-slide wp-block-eedee-block-gutenslide is-position-center-center ed-bg-image\" style=\"--ed-vw:700;--ed-vh:395;\" data-hash=\"\"><div class=\"eedee-background-div bg-image\"><img loading=\"lazy\" width=\"1400\" height=\"790\" class=\"wp-image-1281\" src=\"https:\/\/www.grimmhof.it\/wp-content\/uploads\/2025\/01\/dscf4258-min-1400x790.jpg\" alt=\"\" decoding=\"async\" style=\"object-fit: cover; object-position: 50% 50%;\"  data-title=\"DSCF4258-min\" srcset=\"https:\/\/www.grimmhof.it\/wp-content\/uploads\/2025\/01\/dscf4258-min-1400x790.jpg 1400w, https:\/\/www.grimmhof.it\/wp-content\/uploads\/2025\/01\/dscf4258-min.jpg 2048w, https:\/\/www.grimmhof.it\/wp-content\/uploads\/2025\/01\/dscf4258-min-700x395.jpg 700w, https:\/\/www.grimmhof.it\/wp-content\/uploads\/2025\/01\/dscf4258-min-768x433.jpg 768w, https:\/\/www.grimmhof.it\/wp-content\/uploads\/2025\/01\/dscf4258-min-50x28.jpg 50w, https:\/\/www.grimmhof.it\/wp-content\/uploads\/2025\/01\/dscf4258-min-1600x902.jpg 1600w, https:\/\/www.grimmhof.it\/wp-content\/uploads\/2025\/01\/dscf4258-min-1536x866.jpg 1536w\" sizes=\"auto, (max-width: 1400px) 100vw, 1400px\" \/><div class=\"eedee-background-div__overlay\" style=\"opacity:1;\"><\/div><\/div><div class=\"slide-content\">\n\n<p class=\"has-text-align-center gutenslider-content-initial has-larger-font-size\"><\/p>\n\n<\/div><\/div>\n<\/div><\/div><button class=\"eedee-gutenslider-nav eedee-gutenslider-prev\"><svg xmlns=\"http:\/\/www.w3.org\/2000\/svg\" viewBox=\"0 0 24 24\" width=\"24\" height=\"24\"><circle class=\"bg\" cx=\"13\" cy=\"12\" r=\"11\" \/><path fill=\"none\" d=\"M0 0h24v24H0z\"\/><path class=\"arrow\" d=\"M10.828 12l4.95 4.95-1.414 1.414L8 12l6.364-6.364 1.414 1.414z\"\/><\/svg><\/button><button class=\"eedee-gutenslider-nav eedee-gutenslider-next\"><svg xmlns=\"http:\/\/www.w3.org\/2000\/svg\" viewBox=\"0 0 24 24\" width=\"24\" height=\"24\"><circle class=\"bg\" cx=\"11\" cy=\"12\" r=\"11\" \/><path fill=\"none\" d=\"M0 0h24v24H0z\"\/><path class=\"arrow\" d=\"M13.172 12l-4.95-4.95 1.414-1.414L16 12l-6.364 6.364-1.414-1.414z\"\/><\/svg><\/button><div class=\"eedee-gutenslider-pagination\"><\/div><div class=\"gutenslider-divider-bottom \" style=\"color:#fff;\"><\/div><\/div><\/div>\n\n\n<hr class=\"wp-block-separator has-alpha-channel-opacity is-style-dots\"\/>\n","protected":false},"excerpt":{"rendered":"<p>Genie\u00dfen Kalte und warme K\u00fcche Hier auf unserer Edlweissh\u00fctte erwartet Sie herzliche Gastfreundschaft und traditionelle Spezialit\u00e4ten, die mit viel Liebe zubereitet werden. Genie\u00dfen Sie unsere K\u00f6stlichkeiten aus regionalen Zutaten. Ob eine gem\u00fctliche Rast nach einer Wanderung oder ein genussvoller Einkehrschwung, unsere Speisekarte bietet f\u00fcr jeden Geschmack etwas. Lassen Sie sich von der Kulinarik der S\u00fcdtiroler [&hellip;]<\/p>\n","protected":false},"author":1,"featured_media":0,"parent":0,"menu_order":0,"comment_status":"closed","ping_status":"open","template":"","meta":{"footnotes":""},"class_list":["post-536","page","type-page","status-publish","hentry"],"_links":{"self":[{"href":"https:\/\/www.grimmhof.it\/de\/wp-json\/wp\/v2\/pages\/536","targetHints":{"allow":["GET"]}}],"collection":[{"href":"https:\/\/www.grimmhof.it\/de\/wp-json\/wp\/v2\/pages"}],"about":[{"href":"https:\/\/www.grimmhof.it\/de\/wp-json\/wp\/v2\/types\/page"}],"author":[{"embeddable":true,"href":"https:\/\/www.grimmhof.it\/de\/wp-json\/wp\/v2\/users\/1"}],"replies":[{"embeddable":true,"href":"https:\/\/www.grimmhof.it\/de\/wp-json\/wp\/v2\/comments?post=536"}],"version-history":[{"count":26,"href":"https:\/\/www.grimmhof.it\/de\/wp-json\/wp\/v2\/pages\/536\/revisions"}],"predecessor-version":[{"id":1925,"href":"https:\/\/www.grimmhof.it\/de\/wp-json\/wp\/v2\/pages\/536\/revisions\/1925"}],"wp:attachment":[{"href":"https:\/\/www.grimmhof.it\/de\/wp-json\/wp\/v2\/media?parent=536"}],"curies":[{"name":"wp","href":"https:\/\/api.w.org\/{rel}","templated":true}]}}