{"id":308,"date":"2025-01-08T16:01:37","date_gmt":"2025-01-08T15:01:37","guid":{"rendered":"https:\/\/www.grimmhof.it\/?page_id=308"},"modified":"2025-01-17T12:48:34","modified_gmt":"2025-01-17T11:48:34","slug":"freizeit","status":"publish","type":"page","link":"https:\/\/www.grimmhof.it\/de\/freizeit\/","title":{"rendered":"Freizeit"},"content":{"rendered":"\n<div class=\"wp-block-cover alignfull is-light has-custom-content-position is-position-bottom-center ohneAbstandOben\" style=\"min-height:100vh;aspect-ratio:unset;\"><span aria-hidden=\"true\" class=\"wp-block-cover__background has-background-dim-0 has-background-dim\"><\/span><img loading=\"lazy\" decoding=\"async\" width=\"2048\" height=\"1365\" class=\"wp-block-cover__image-background wp-image-325\" alt=\"\" src=\"https:\/\/www.grimmhof.it\/wp-content\/uploads\/2025\/01\/dsc_8487.jpg\" data-object-fit=\"cover\" srcset=\"https:\/\/www.grimmhof.it\/wp-content\/uploads\/2025\/01\/dsc_8487.jpg 2048w, https:\/\/www.grimmhof.it\/wp-content\/uploads\/2025\/01\/dsc_8487-700x467.jpg 700w, https:\/\/www.grimmhof.it\/wp-content\/uploads\/2025\/01\/dsc_8487-1400x933.jpg 1400w, https:\/\/www.grimmhof.it\/wp-content\/uploads\/2025\/01\/dsc_8487-768x512.jpg 768w, https:\/\/www.grimmhof.it\/wp-content\/uploads\/2025\/01\/dsc_8487-50x33.jpg 50w, https:\/\/www.grimmhof.it\/wp-content\/uploads\/2025\/01\/dsc_8487-1600x1066.jpg 1600w, https:\/\/www.grimmhof.it\/wp-content\/uploads\/2025\/01\/dsc_8487-1536x1024.jpg 1536w\" sizes=\"auto, (max-width: 2048px) 100vw, 2048px\" \/><div class=\"wp-block-cover__inner-container is-layout-flow wp-block-cover-is-layout-flow\">\n<div class=\"wp-block-group is-horizontal is-content-justification-center is-layout-flex wp-container-core-group-is-layout-6bd4d9d1 wp-block-group-is-layout-flex\" style=\"min-height:50vh\">\n<h1 class=\"wp-block-heading has-text-align-center has-base-color has-text-color has-link-color wp-elements-9f8a255e7ca070a66ec894ab6a006ccc\">Urlauben<br><strong>Bei uns<\/strong><\/h1>\n<\/div>\n\n\n\n<div class=\"wp-block-group more has-global-padding is-layout-constrained wp-block-group-is-layout-constrained\">\n<figure class=\"wp-block-image aligncenter size-full\"><a href=\"#start\"><img decoding=\"async\" src=\"https:\/\/www.grimmhof.it\/wp-content\/uploads\/2024\/12\/icon-more.svg\" alt=\"\" class=\"wp-image-40\"\/><\/a><\/figure>\n<\/div>\n<\/div><\/div>\n\n\n\n<h1 class=\"wp-block-heading has-text-align-center\" id=\"start\" style=\"margin-top:var(--wp--preset--spacing--50);margin-bottom:0\">Freizeit<\/h1>\n\n\n\n<h2 class=\"wp-block-heading has-text-align-center\">Natur genie\u00dfen, Abenteuer erleben.<\/h2>\n\n\n\n<div class=\"wp-block-group has-global-padding is-layout-constrained wp-container-core-group-is-layout-8dd13e6d wp-block-group-is-layout-constrained\" style=\"padding-right:var(--wp--preset--spacing--60);padding-left:var(--wp--preset--spacing--60)\">\n<p class=\"has-text-align-center\">Genie\u00dfen Sie den direkten Panoramablick auf den majest\u00e4tischen <strong>Schlern<\/strong> von Ihrem Balkon in unseren gem\u00fctlichen Ferienwohnungen. Hier k\u00f6nnen Sie die frische Bergluft und die Ruhe der Natur genie\u00dfen, w\u00e4hrend Sie sich auf ein unvergessliches Erlebnis freuen. Nur wenige Minuten entfernt erwarten Sie der malerische Konstantiner Weiher und der ber\u00fchmte <strong>V\u00f6lser Weiher<\/strong> \u2013 ideale Orte zum Entspannen und Schwimmen.<\/p>\n<\/div>\n\n\n\n<figure class=\"wp-block-gallery alignwide has-nested-images columns-2 is-cropped wp-block-gallery-1 is-layout-flex wp-block-gallery-is-layout-flex\">\n<figure data-wp-context=\"{&quot;imageId&quot;:&quot;69e5927216790&quot;}\" data-wp-interactive=\"core\/image\" class=\"wp-block-image size-large wp-lightbox-container\"><img loading=\"lazy\" decoding=\"async\" width=\"1400\" height=\"933\" data-wp-class--hide=\"state.isContentHidden\" data-wp-class--show=\"state.isContentVisible\" data-wp-init=\"callbacks.setButtonStyles\" data-wp-on-async--click=\"actions.showLightbox\" data-wp-on-async--load=\"callbacks.setButtonStyles\" data-wp-on-async-window--resize=\"callbacks.setButtonStyles\" data-id=\"329\" src=\"https:\/\/www.grimmhof.it\/wp-content\/uploads\/2025\/01\/dsc_9165-1400x933.jpg\" alt=\"\" class=\"wp-image-329\" srcset=\"https:\/\/www.grimmhof.it\/wp-content\/uploads\/2025\/01\/dsc_9165-1400x933.jpg 1400w, https:\/\/www.grimmhof.it\/wp-content\/uploads\/2025\/01\/dsc_9165-700x467.jpg 700w, https:\/\/www.grimmhof.it\/wp-content\/uploads\/2025\/01\/dsc_9165-768x512.jpg 768w, https:\/\/www.grimmhof.it\/wp-content\/uploads\/2025\/01\/dsc_9165-50x33.jpg 50w, https:\/\/www.grimmhof.it\/wp-content\/uploads\/2025\/01\/dsc_9165-1600x1066.jpg 1600w, https:\/\/www.grimmhof.it\/wp-content\/uploads\/2025\/01\/dsc_9165-1536x1024.jpg 1536w, https:\/\/www.grimmhof.it\/wp-content\/uploads\/2025\/01\/dsc_9165.jpg 2048w\" sizes=\"auto, (max-width: 1400px) 100vw, 1400px\" \/><button\n\t\t\tclass=\"lightbox-trigger\"\n\t\t\ttype=\"button\"\n\t\t\taria-haspopup=\"dialog\"\n\t\t\taria-label=\"Vergr\u00f6\u00dfern\"\n\t\t\tdata-wp-init=\"callbacks.initTriggerButton\"\n\t\t\tdata-wp-on-async--click=\"actions.showLightbox\"\n\t\t\tdata-wp-style--right=\"state.imageButtonRight\"\n\t\t\tdata-wp-style--top=\"state.imageButtonTop\"\n\t\t>\n\t\t\t<svg xmlns=\"http:\/\/www.w3.org\/2000\/svg\" width=\"12\" height=\"12\" fill=\"none\" viewBox=\"0 0 12 12\">\n\t\t\t\t<path fill=\"#fff\" d=\"M2 0a2 2 0 0 0-2 2v2h1.5V2a.5.5 0 0 1 .5-.5h2V0H2Zm2 10.5H2a.5.5 0 0 1-.5-.5V8H0v2a2 2 0 0 0 2 2h2v-1.5ZM8 12v-1.5h2a.5.5 0 0 0 .5-.5V8H12v2a2 2 0 0 1-2 2H8Zm2-12a2 2 0 0 1 2 2v2h-1.5V2a.5.5 0 0 0-.5-.5H8V0h2Z\" \/>\n\t\t\t<\/svg>\n\t\t<\/button><figcaption class=\"wp-element-caption\">Badesee V\u00f6lser Weiher<\/figcaption><\/figure>\n\n\n\n<figure data-wp-context=\"{&quot;imageId&quot;:&quot;69e5927216d97&quot;}\" data-wp-interactive=\"core\/image\" class=\"wp-block-image size-large wp-lightbox-container\"><img loading=\"lazy\" decoding=\"async\" width=\"1400\" height=\"933\" data-wp-class--hide=\"state.isContentHidden\" data-wp-class--show=\"state.isContentVisible\" data-wp-init=\"callbacks.setButtonStyles\" data-wp-on-async--click=\"actions.showLightbox\" data-wp-on-async--load=\"callbacks.setButtonStyles\" data-wp-on-async-window--resize=\"callbacks.setButtonStyles\" data-id=\"335\" src=\"https:\/\/www.grimmhof.it\/wp-content\/uploads\/2025\/01\/dsc_7931-1400x933.jpg\" alt=\"\" class=\"wp-image-335\" srcset=\"https:\/\/www.grimmhof.it\/wp-content\/uploads\/2025\/01\/dsc_7931-1400x933.jpg 1400w, https:\/\/www.grimmhof.it\/wp-content\/uploads\/2025\/01\/dsc_7931-700x467.jpg 700w, https:\/\/www.grimmhof.it\/wp-content\/uploads\/2025\/01\/dsc_7931-768x512.jpg 768w, https:\/\/www.grimmhof.it\/wp-content\/uploads\/2025\/01\/dsc_7931-50x33.jpg 50w, https:\/\/www.grimmhof.it\/wp-content\/uploads\/2025\/01\/dsc_7931-1600x1066.jpg 1600w, https:\/\/www.grimmhof.it\/wp-content\/uploads\/2025\/01\/dsc_7931-1536x1024.jpg 1536w, https:\/\/www.grimmhof.it\/wp-content\/uploads\/2025\/01\/dsc_7931.jpg 2048w\" sizes=\"auto, (max-width: 1400px) 100vw, 1400px\" \/><button\n\t\t\tclass=\"lightbox-trigger\"\n\t\t\ttype=\"button\"\n\t\t\taria-haspopup=\"dialog\"\n\t\t\taria-label=\"Vergr\u00f6\u00dfern\"\n\t\t\tdata-wp-init=\"callbacks.initTriggerButton\"\n\t\t\tdata-wp-on-async--click=\"actions.showLightbox\"\n\t\t\tdata-wp-style--right=\"state.imageButtonRight\"\n\t\t\tdata-wp-style--top=\"state.imageButtonTop\"\n\t\t>\n\t\t\t<svg xmlns=\"http:\/\/www.w3.org\/2000\/svg\" width=\"12\" height=\"12\" fill=\"none\" viewBox=\"0 0 12 12\">\n\t\t\t\t<path fill=\"#fff\" d=\"M2 0a2 2 0 0 0-2 2v2h1.5V2a.5.5 0 0 1 .5-.5h2V0H2Zm2 10.5H2a.5.5 0 0 1-.5-.5V8H0v2a2 2 0 0 0 2 2h2v-1.5ZM8 12v-1.5h2a.5.5 0 0 0 .5-.5V8H12v2a2 2 0 0 1-2 2H8Zm2-12a2 2 0 0 1 2 2v2h-1.5V2a.5.5 0 0 0-.5-.5H8V0h2Z\" \/>\n\t\t\t<\/svg>\n\t\t<\/button><figcaption class=\"wp-element-caption\">Ski fahren auf der Seiser Alm<\/figcaption><\/figure>\n<\/figure>\n\n\n\n<p class=\"has-text-align-center\">Im Sommer verwandelt sich die Umgebung in ein wahres <strong>Wanderparadies<\/strong>, w\u00e4hrend im Winter die nahegelegene Seilbahn zur <strong>Seiser Alm<\/strong> \u2013 Europas gr\u00f6\u00dfter Hochalm \u2013 Sie in ein <strong>Skigebiet<\/strong> der Extraklasse bringt. Wanderungen direkt ab dem Hof bieten Ihnen die M\u00f6glichkeit, die beeindruckende Natur hautnah zu erleben, w\u00e4hrend Sie die Vielfalt der Region entdecken.<\/p>\n\n\n\n<hr class=\"wp-block-separator has-alpha-channel-opacity is-style-dots\"\/>\n\n\n\n<h2 class=\"wp-block-heading has-text-align-center\">Die Umgebung entdecken<\/h2>\n\n\n\n<p class=\"has-text-align-center\">Am besten wir lassen Bilder sprechen&#8230;<\/p>\n\n\n<div id=\"gutenslider-6cy8dgxcs\" class=\"wp-block-eedee-block-gutenslider gs-frontend content-change alignwide arrow-style-1 arrow-position-sides arrow-mb-none arrows-lg arrows-md arrows-sm dot-style-1 dots-lg dots-md dots-sm dot-position-bottom is-position-center-center mb-none lg-zoom-icon wrap-auto-height\" data-parallax-direction=\"down\" data-parallax-amount=\"1.3\" data-lg-transition=\"lg-slide\" data-hash=\"\" ><div class=\"eedee-swiper-outer\" style=\"--gutenslider-min-height: 800px;--gutenslider-arrow-size: 30px;--gutenslider-dot-size: 25px;--gutenslider-arrow-color: #ffffff;--gutenslider-dot-color: #ffffff;--gutenslider-padding-y-mobile: 40px;--gutenslider-padding-x-mobile: 40px;--gutenslider-padding-y-tablet: 40px;--gutenslider-padding-x-tablet: 40px;--gutenslider-padding-y-desktop: 40px;--gutenslider-padding-x-desktop: 40px;--gutenslider-bg-image: url();--gutenslider-min-height-md: 50vh;--gutenslider-min-height-sm: 50vh;--gutenslider-padding-x: 40px;--gutenslider-padding-x-md: 40px;--gutenslider-padding-x-sm: 20px;--gutenslider-padding-y: 40px;--gutenslider-padding-y-md: 40px;--gutenslider-padding-y-sm: 20px;--gutenslider-arrow-size-md: 30px;--gutenslider-arrow-size-sm: 30px;--gutenslider-dot-size-md: 25px;--gutenslider-dot-size-sm: 25px;--gutenslider-arrow-bg-color: transparent;--gutenslider-arrow-hover-color: #eeeeee;--gutenslider-arrow-bg-hover-color: transparent;--gutenslider-arrow-x-offset: 10px;--gutenslider-arrow-x-offset-md: 10px;--gutenslider-arrow-x-offset-sm: 10px;--gutenslider-arrow-y-offset: 0px;--gutenslider-arrow-y-offset-md: 0px;--gutenslider-arrow-y-offset-sm: 0px;--gutenslider-arrow-x-spacing: 0px;--gutenslider-dot-y-offset: 10px;--gutenslider-dot-y-offset-md: 10px;--gutenslider-dot-y-offset-sm: 10px;--gutenslider-margin-x: 0px;--gutenslider-margin-x-md: 0px;--gutenslider-margin-x-sm: 0px;--gutenslider-margin-y: 0px;--gutenslider-margin-y-md: 0px;--gutenslider-margin-y-sm: 0px;--gutenslider-divider-top: 60px;--gutenslider-divider-bottom: 60px;--gutenslider-lightgallery-bg: #ffffff;--gutenslider-lightgallery-font: #000000;--gs-first-pos: 50% 50%;--gs-gap-vertical: var( --wp--style--gallery-gap-default, var( --gallery-block--gutter-size, var( --wp--style--block-gap, 0.5em ) ) );--gs-gap-horizontal: var( --wp--style--gallery-gap-default, var( --gallery-block--gutter-size, var( --wp--style--block-gap, 0.5em ) ) );\"><div class=\"gutenslider-divider-top\" style=\"color:#fff;\"><\/div><div class=\"swiper\" data-settings='{\"autoplay\":{\"delay\":3000,\"pauseOnMouseEnter\":true,\"disableOnInteraction\":false},\"speed\":700,\"direction\":\"horizontal\",\"autoHeight\":\"\",\"loop\":true,\"centeredSlides\":true,\"spaceBetween\":0,\"slidesPerView\":1,\"slidesPerGroup\":1,\"effect\":\"slide\",\"coverflowEffect\":{\"rotate\":30,\"slideShadows\":false,\"depth\":100,\"stretch\":50,\"modifier\":1},\"fadeEffect\":{\"crossFade\":true},\"zoom\":\"\",\"navigation\":{\"nextEl\":\"#gutenslider-6cy8dgxcs .eedee-gutenslider-next\",\"prevEl\":\"#gutenslider-6cy8dgxcs .eedee-gutenslider-prev\"},\"pagination\":{\"type\":\"bullets\",\"clickable\":true,\"dynamicBullets\":false,\"el\":\"#gutenslider-6cy8dgxcs .eedee-gutenslider-pagination\"},\"pauseOnHover\":\"1\",\"watchSlidesProgress\":true,\"watchSlidesVisibility\":true,\"settingsMd\":{\"autoHeight\":\"\",\"slidesPerView\":1,\"slidesPerGroup\":1,\"spaceBetween\":0,\"loop\":true},\"settingsLg\":{\"autoHeight\":\"\",\"slidesPerView\":1,\"slidesPerGroup\":1,\"spaceBetween\":0,\"loop\":true},\"hasLg\":true,\"hasLgCounter\":true,\"isFullScreen\":false,\"arrowsFollowMouse\":false,\"lgTitle\":\"none\",\"lgCaption\":\"none\",\"lgThumbnails\":true,\"lgZoomEnabled\":false,\"keyboard\":{\"keyboard\":{\"enabled\":true,\"onlyInViewport\":true}},\"hashNavigation\":false,\"dividers\":false}'><div class=\"swiper-wrapper\">\n<div class=\"swiper-slide wp-block-eedee-block-gutenslide is-position-center-center ed-bg-image\" style=\"--ed-vw:700;--ed-vh:467;\" data-hash=\"\"><div class=\"eedee-background-div bg-image\"><img loading=\"lazy\" width=\"1400\" height=\"933\" class=\"wp-image-366\" src=\"https:\/\/www.grimmhof.it\/wp-content\/uploads\/2025\/01\/dsc_9840-1400x933.jpg\" alt=\"\" decoding=\"async\" style=\"object-fit: cover; object-position: 50% 50%;\"  data-caption=\"Schlern, Schlerngebiet, Schlernhaus, Schlernmassiv, Schlernspitzen, Sciliar, wandern\" data-title=\"DSC_9840\" data-description=\"(c) Dietmar Mitterer-Zublasing\" srcset=\"https:\/\/www.grimmhof.it\/wp-content\/uploads\/2025\/01\/dsc_9840-1400x933.jpg 1400w, https:\/\/www.grimmhof.it\/wp-content\/uploads\/2025\/01\/dsc_9840-700x467.jpg 700w, https:\/\/www.grimmhof.it\/wp-content\/uploads\/2025\/01\/dsc_9840-768x512.jpg 768w, https:\/\/www.grimmhof.it\/wp-content\/uploads\/2025\/01\/dsc_9840-50x33.jpg 50w, https:\/\/www.grimmhof.it\/wp-content\/uploads\/2025\/01\/dsc_9840-1600x1066.jpg 1600w, https:\/\/www.grimmhof.it\/wp-content\/uploads\/2025\/01\/dsc_9840-1536x1024.jpg 1536w, https:\/\/www.grimmhof.it\/wp-content\/uploads\/2025\/01\/dsc_9840.jpg 2048w\" sizes=\"auto, (max-width: 1400px) 100vw, 1400px\" \/><div class=\"eedee-background-div__overlay\" style=\"opacity:1;\"><\/div><\/div><div class=\"slide-content\">\n\n<p class=\"has-text-align-center gutenslider-content-initial has-base-color has-text-color has-link-color has-large-font-size wp-elements-2abb8e6935245382bda440c02b76dbf2\">Wandern<\/p>\n\n<\/div><\/div>\n\n<div class=\"swiper-slide wp-block-eedee-block-gutenslide is-position-center-center ed-bg-image\" style=\"--ed-vw:700;--ed-vh:467;\" data-hash=\"\"><div class=\"eedee-background-div bg-image\"><img loading=\"lazy\" width=\"1400\" height=\"933\" class=\"wp-image-354\" src=\"https:\/\/www.grimmhof.it\/wp-content\/uploads\/2025\/01\/fabian_dalpiaz_35-1400x933.jpg\" alt=\"\" decoding=\"async\" style=\"object-fit: cover; object-position: 50% 50%;\"  data-title=\"Fabian_Dalpiaz_35\" srcset=\"https:\/\/www.grimmhof.it\/wp-content\/uploads\/2025\/01\/fabian_dalpiaz_35-1400x933.jpg 1400w, https:\/\/www.grimmhof.it\/wp-content\/uploads\/2025\/01\/fabian_dalpiaz_35-700x467.jpg 700w, https:\/\/www.grimmhof.it\/wp-content\/uploads\/2025\/01\/fabian_dalpiaz_35-768x512.jpg 768w, https:\/\/www.grimmhof.it\/wp-content\/uploads\/2025\/01\/fabian_dalpiaz_35-50x33.jpg 50w, https:\/\/www.grimmhof.it\/wp-content\/uploads\/2025\/01\/fabian_dalpiaz_35-1600x1066.jpg 1600w, https:\/\/www.grimmhof.it\/wp-content\/uploads\/2025\/01\/fabian_dalpiaz_35-1536x1024.jpg 1536w, https:\/\/www.grimmhof.it\/wp-content\/uploads\/2025\/01\/fabian_dalpiaz_35.jpg 2048w\" sizes=\"auto, (max-width: 1400px) 100vw, 1400px\" \/><div class=\"eedee-background-div__overlay\" style=\"opacity:1;\"><\/div><\/div><div class=\"slide-content\">\n\n<p class=\"has-text-align-center gutenslider-content-initial has-base-color has-text-color has-link-color has-large-font-size wp-elements-b6404919213c4cf55da92d5a1534c205\">Rad fahren<\/p>\n\n<\/div><\/div>\n\n<div class=\"swiper-slide wp-block-eedee-block-gutenslide is-position-center-center ed-bg-image\" style=\"--ed-vw:700;--ed-vh:467;\" data-hash=\"\"><div class=\"eedee-background-div bg-image\"><img loading=\"lazy\" width=\"1400\" height=\"934\" class=\"wp-image-369\" src=\"https:\/\/www.grimmhof.it\/wp-content\/uploads\/2025\/01\/dsc5451-1400x934.jpg\" alt=\"\" decoding=\"async\" style=\"object-fit: cover; object-position: 50% 50%;\"  data-caption=\"Steg am V\u00f6lser Weiher\" data-title=\"Steg am V\u00f6lser Weiher\" data-description=\"(c) Dietmar Mitterer-Zublasing\" srcset=\"https:\/\/www.grimmhof.it\/wp-content\/uploads\/2025\/01\/dsc5451-1400x934.jpg 1400w, https:\/\/www.grimmhof.it\/wp-content\/uploads\/2025\/01\/dsc5451-700x467.jpg 700w, https:\/\/www.grimmhof.it\/wp-content\/uploads\/2025\/01\/dsc5451-768x513.jpg 768w, https:\/\/www.grimmhof.it\/wp-content\/uploads\/2025\/01\/dsc5451-50x33.jpg 50w, https:\/\/www.grimmhof.it\/wp-content\/uploads\/2025\/01\/dsc5451-1600x1068.jpg 1600w, https:\/\/www.grimmhof.it\/wp-content\/uploads\/2025\/01\/dsc5451-1536x1025.jpg 1536w, https:\/\/www.grimmhof.it\/wp-content\/uploads\/2025\/01\/dsc5451.jpg 2048w\" sizes=\"auto, (max-width: 1400px) 100vw, 1400px\" \/><div class=\"eedee-background-div__overlay\" style=\"opacity:1;\"><\/div><\/div><div class=\"slide-content\">\n\n<p class=\"has-text-align-center gutenslider-content-initial has-base-color has-text-color has-link-color has-large-font-size wp-elements-187f7821863b3ff16b2f324d1258ec64\">Baden<\/p>\n\n<\/div><\/div>\n\n<div class=\"swiper-slide wp-block-eedee-block-gutenslide is-position-center-center ed-bg-image\" style=\"--ed-vw:700;--ed-vh:467;\" data-hash=\"\"><div class=\"eedee-background-div bg-image\"><img loading=\"lazy\" width=\"1400\" height=\"933\" class=\"wp-image-372\" src=\"https:\/\/www.grimmhof.it\/wp-content\/uploads\/2025\/01\/8508367-1400x933.jpg\" alt=\"\" decoding=\"async\" style=\"object-fit: cover; object-position: 50% 50%;\"  data-caption=\"Alpe di Siusi, Schlern, Schlerngebiet, Schlernmassiv, Schlernspitzen, Sciliar, Seiser Alm, Seiseralm, Ski, Ski fahren, Winter, Wintersport, inverno, sport invernale, wei\u00dfe Jahreszeit, winter, winter sports\" data-title=\"_8508367\" data-description=\"(c) Dietmar Mitterer-Zublasing\" srcset=\"https:\/\/www.grimmhof.it\/wp-content\/uploads\/2025\/01\/8508367-1400x933.jpg 1400w, https:\/\/www.grimmhof.it\/wp-content\/uploads\/2025\/01\/8508367-700x467.jpg 700w, https:\/\/www.grimmhof.it\/wp-content\/uploads\/2025\/01\/8508367-768x512.jpg 768w, https:\/\/www.grimmhof.it\/wp-content\/uploads\/2025\/01\/8508367-50x33.jpg 50w, https:\/\/www.grimmhof.it\/wp-content\/uploads\/2025\/01\/8508367-1600x1066.jpg 1600w, https:\/\/www.grimmhof.it\/wp-content\/uploads\/2025\/01\/8508367-1536x1024.jpg 1536w, https:\/\/www.grimmhof.it\/wp-content\/uploads\/2025\/01\/8508367.jpg 2048w\" sizes=\"auto, (max-width: 1400px) 100vw, 1400px\" \/><div class=\"eedee-background-div__overlay\" style=\"opacity:1;\"><\/div><\/div><div class=\"slide-content\">\n\n<p class=\"has-text-align-center gutenslider-content-initial has-base-color has-text-color has-link-color has-large-font-size wp-elements-ec8d6de581b63a4db3aa50823296fa7d\">Ski fahren<\/p>\n\n<\/div><\/div>\n\n<div class=\"swiper-slide wp-block-eedee-block-gutenslide is-position-center-center ed-bg-image\" style=\"--ed-vw:700;--ed-vh:467;\" data-hash=\"\"><div class=\"eedee-background-div bg-image\"><img loading=\"lazy\" width=\"1400\" height=\"933\" class=\"wp-image-371\" src=\"https:\/\/www.grimmhof.it\/wp-content\/uploads\/2025\/01\/8506248-1400x933.jpg\" alt=\"\" decoding=\"async\" style=\"object-fit: cover; object-position: 50% 50%;\"  data-caption=\"Langkofel, Plattkofel, Schnee, Seiser Alm, Winter\" data-title=\"Langkofel, Plattkofel, Schnee, Seiser Alm, Winter\" data-description=\"(c) Dietmar Mitterer-Zublasing\" srcset=\"https:\/\/www.grimmhof.it\/wp-content\/uploads\/2025\/01\/8506248-1400x933.jpg 1400w, https:\/\/www.grimmhof.it\/wp-content\/uploads\/2025\/01\/8506248-700x467.jpg 700w, https:\/\/www.grimmhof.it\/wp-content\/uploads\/2025\/01\/8506248-768x512.jpg 768w, https:\/\/www.grimmhof.it\/wp-content\/uploads\/2025\/01\/8506248-50x33.jpg 50w, https:\/\/www.grimmhof.it\/wp-content\/uploads\/2025\/01\/8506248-1600x1066.jpg 1600w, https:\/\/www.grimmhof.it\/wp-content\/uploads\/2025\/01\/8506248-1536x1024.jpg 1536w, https:\/\/www.grimmhof.it\/wp-content\/uploads\/2025\/01\/8506248.jpg 2048w\" sizes=\"auto, (max-width: 1400px) 100vw, 1400px\" \/><div class=\"eedee-background-div__overlay\" style=\"opacity:1;\"><\/div><\/div><div class=\"slide-content\">\n\n<p class=\"has-text-align-center gutenslider-content-initial has-base-color has-text-color has-link-color has-large-font-size wp-elements-cb18b563fbce9b9df8a1dc8a470c5e55\">Spazieren<\/p>\n\n<\/div><\/div>\n\n<div class=\"swiper-slide wp-block-eedee-block-gutenslide is-position-center-center ed-bg-image\" style=\"--ed-vw:700;--ed-vh:467;\" data-hash=\"\"><div class=\"eedee-background-div bg-image\"><img loading=\"lazy\" width=\"1400\" height=\"933\" class=\"wp-image-331\" src=\"https:\/\/www.grimmhof.it\/wp-content\/uploads\/2025\/01\/dsc_7504-1400x933.jpg\" alt=\"\" decoding=\"async\" style=\"object-fit: cover; object-position: 50% 50%;\"  data-caption=\"Abendstimmung, Alpe di Siusi, Langkofelgruppe, Seiser Alm, Seiseralm\" data-title=\"Abendstimmung, Alpe di Siusi, Langkofelgruppe, Seiser Alm, Seiseralm\" data-description=\"(c) Dietmar Mitterer-Zublasing\" srcset=\"https:\/\/www.grimmhof.it\/wp-content\/uploads\/2025\/01\/dsc_7504-1400x933.jpg 1400w, https:\/\/www.grimmhof.it\/wp-content\/uploads\/2025\/01\/dsc_7504-700x467.jpg 700w, https:\/\/www.grimmhof.it\/wp-content\/uploads\/2025\/01\/dsc_7504-768x512.jpg 768w, https:\/\/www.grimmhof.it\/wp-content\/uploads\/2025\/01\/dsc_7504-50x33.jpg 50w, https:\/\/www.grimmhof.it\/wp-content\/uploads\/2025\/01\/dsc_7504-1600x1066.jpg 1600w, https:\/\/www.grimmhof.it\/wp-content\/uploads\/2025\/01\/dsc_7504-1536x1024.jpg 1536w, https:\/\/www.grimmhof.it\/wp-content\/uploads\/2025\/01\/dsc_7504.jpg 2048w\" sizes=\"auto, (max-width: 1400px) 100vw, 1400px\" \/><div class=\"eedee-background-div__overlay\" style=\"opacity:1;\"><\/div><\/div><div class=\"slide-content\">\n\n<p class=\"has-text-align-center gutenslider-content-initial has-base-color has-text-color has-link-color has-large-font-size wp-elements-a0a87e92db97a69ef43c9e66de62361c\">Landschaft genie\u00dfen<\/p>\n\n<\/div><\/div>\n<\/div><\/div><button class=\"eedee-gutenslider-nav eedee-gutenslider-prev\"><svg xmlns=\"http:\/\/www.w3.org\/2000\/svg\" viewBox=\"0 0 24 24\" width=\"24\" height=\"24\"><circle class=\"bg\" cx=\"13\" cy=\"12\" r=\"11\" \/><path fill=\"none\" d=\"M0 0h24v24H0z\"\/><path class=\"arrow\" d=\"M10.828 12l4.95 4.95-1.414 1.414L8 12l6.364-6.364 1.414 1.414z\"\/><\/svg><\/button><button class=\"eedee-gutenslider-nav eedee-gutenslider-next\"><svg xmlns=\"http:\/\/www.w3.org\/2000\/svg\" viewBox=\"0 0 24 24\" width=\"24\" height=\"24\"><circle class=\"bg\" cx=\"11\" cy=\"12\" r=\"11\" \/><path fill=\"none\" d=\"M0 0h24v24H0z\"\/><path class=\"arrow\" d=\"M13.172 12l-4.95-4.95 1.414-1.414L16 12l-6.364 6.364-1.414-1.414z\"\/><\/svg><\/button><div class=\"eedee-gutenslider-pagination\"><\/div><div class=\"gutenslider-divider-bottom \" style=\"color:#fff;\"><\/div><\/div><\/div>\n\n\n<hr class=\"wp-block-separator has-alpha-channel-opacity is-style-dots\"\/>\n","protected":false},"excerpt":{"rendered":"<p>Freizeit Natur genie\u00dfen, Abenteuer erleben. Genie\u00dfen Sie den direkten Panoramablick auf den majest\u00e4tischen Schlern von Ihrem Balkon in unseren gem\u00fctlichen Ferienwohnungen. Hier k\u00f6nnen Sie die frische Bergluft und die Ruhe der Natur genie\u00dfen, w\u00e4hrend Sie sich auf ein unvergessliches Erlebnis freuen. Nur wenige Minuten entfernt erwarten Sie der malerische Konstantiner Weiher und der ber\u00fchmte V\u00f6lser [&hellip;]<\/p>\n","protected":false},"author":1,"featured_media":0,"parent":0,"menu_order":0,"comment_status":"closed","ping_status":"open","template":"","meta":{"footnotes":""},"class_list":["post-308","page","type-page","status-publish","hentry"],"_links":{"self":[{"href":"https:\/\/www.grimmhof.it\/de\/wp-json\/wp\/v2\/pages\/308","targetHints":{"allow":["GET"]}}],"collection":[{"href":"https:\/\/www.grimmhof.it\/de\/wp-json\/wp\/v2\/pages"}],"about":[{"href":"https:\/\/www.grimmhof.it\/de\/wp-json\/wp\/v2\/types\/page"}],"author":[{"embeddable":true,"href":"https:\/\/www.grimmhof.it\/de\/wp-json\/wp\/v2\/users\/1"}],"replies":[{"embeddable":true,"href":"https:\/\/www.grimmhof.it\/de\/wp-json\/wp\/v2\/comments?post=308"}],"version-history":[{"count":56,"href":"https:\/\/www.grimmhof.it\/de\/wp-json\/wp\/v2\/pages\/308\/revisions"}],"predecessor-version":[{"id":451,"href":"https:\/\/www.grimmhof.it\/de\/wp-json\/wp\/v2\/pages\/308\/revisions\/451"}],"wp:attachment":[{"href":"https:\/\/www.grimmhof.it\/de\/wp-json\/wp\/v2\/media?parent=308"}],"curies":[{"name":"wp","href":"https:\/\/api.w.org\/{rel}","templated":true}]}}