{"id":3,"date":"2024-12-19T08:34:32","date_gmt":"2024-12-19T07:34:32","guid":{"rendered":"https:\/\/www.grimmhof.it\/?page_id=3"},"modified":"2025-01-17T10:30:08","modified_gmt":"2025-01-17T09:30:08","slug":"datenschutz","status":"publish","type":"page","link":"https:\/\/www.grimmhof.it\/de\/datenschutz\/","title":{"rendered":"Datenschutz"},"content":{"rendered":"\n<h1 class=\"wp-block-heading\" id=\"start\" style=\"margin-top:var(--wp--preset--spacing--50);margin-bottom:0\">Datenschutz<\/h1>\n\n\n\n<h2 class=\"wp-block-heading\" id=\"datenschutz\">DSGVO<\/h2>\n\n\n\n<p><strong>Erf\u00fcllung der gesetzlichen Informationspflichten gem\u00e4\u00df der europ\u00e4ischen Datenschutzgrundverordnung (DSGVO)<\/strong><\/p>\n\n\n\n<p>Hiermit informieren wir Sie \u00fcber Art, Umfang und Zweck der Erhebung und Verwendung Ihrer personenbezogenen Daten. Verantwortlicher f\u00fcr die Datenverarbeitung ist:&nbsp;<strong>Richard Neulichedl, Konstantinerweg 32, 39050 V\u00f6ls<\/strong>&nbsp;in Person des gesetzlichen Vertreters:&nbsp;<strong>Richard Neulichedl<\/strong>, welchen sie wie folgt erreichen: Tel.&nbsp;<strong>+393450829601<\/strong>, E-Mail:&nbsp;<strong>info@grimmhof.it<\/strong><\/p>\n\n\n\n<p>Gem\u00e4\u00df Art. 13 der europ\u00e4ischen Datenschutzgrundverordnungverarbeiten wir folgende Daten:<\/p>\n\n\n\n<ul class=\"wp-block-list\">\n<li>Ihre Stammdaten (Vorname, Nachname, Adresse, Telefon, E-Mail, Geburtsdatum, Geburtsort, Sprache usw.)<\/li>\n\n\n\n<li>Ihre Daten in Reisedokumenten und Ausweise<\/li>\n\n\n\n<li>Ihre Daten zu Zahlungen, EC-Karten, Kreditkarten und Bankkarten<\/li>\n\n\n\n<li>die von Ihnen angefragte Aufenthaltsdauer sowie mit dem Aufenthalt zusammenh\u00e4ngende pers\u00f6nliche Vorlieben, die Sie uns bekannt geben<\/li>\n<\/ul>\n\n\n\n<p>Die Daten werden zur Erbringung unserer Dienstleistungen von uns gespeichert, verarbeitet und, soweit erforderlich und gesetzlich vorgeschrieben, an dritte Empf\u00e4nger (z.B. \u00f6ffentliche Beh\u00f6rden, Tourismusverein usw.) \u00fcbermittelt.<\/p>\n\n\n\n<p>Ihre Daten werden nicht an Drittl\u00e4nder \u00fcbermittelt.<\/p>\n\n\n\n<p>Sollten Sie sich weigern, Stammdaten, Daten der Reisedokumente und Bankdaten bekannt zu geben, ist es uns nicht m\u00f6glich, die vertraglichen Verpflichtungen zu erf\u00fcllen und Sie in unserem Betrieb zu beherbergen.<\/p>\n\n\n\n<p>Profiling und automatisierte Entscheidungen setzen wir nicht ein.<\/p>\n\n\n\n<p>Die Rechtsgrundlagen f\u00fcr diese Datenverarbeitungsprozesse sind:<\/p>\n\n\n\n<ul class=\"wp-block-list\">\n<li>die Erf\u00fcllung unserer vorvertraglichen und vertraglichen Verpflichtungen Ihnen gegen\u00fcber<\/li>\n\n\n\n<li>von Ihnen eingeholte Einwilligungen<\/li>\n\n\n\n<li>gesetzliche, vertragliche oder sonstige rechtliche Verpflichtungen unsererseits (z.B. Dokumentationsrechte und -pflichten nach dem Rechnungswesen, Steuer- und Zollrecht, Vertragswesen, Meldewesen, oder Rechtsstreitigkeiten)<\/li>\n\n\n\n<li>unsere berechtigten Interessen (z.B. die Verbesserung unseres Kundenservices, auch im Bereich der Direktwerbung, oder die Wahrnehmung unserer eigenen rechtlichen Interessen).<\/li>\n<\/ul>\n\n\n\n<p>Die Dauer der Speicherung bemisst sich nach der Dauer unserer Gesch\u00e4ftsbeziehung, den von Ihnen erteilten Einwilligungen, dar\u00fcber hinaus nach den f\u00fcr uns geltenden gesetzlichen Aufbewahrungspflichten und rechtlichen Verpflichtungen.<\/p>\n\n\n\n<p>Sie k\u00f6nnen jederzeit unentgeltlich Auskunft \u00fcber Ihre personenbezogenen Daten, die von uns gespeichert werden, verlangen. Sie haben als Betroffener auch das Recht auf Widerruf, Auskunft, L\u00f6schung, Richtigstellung, Einschr\u00e4nkung und \u00dcbertragung Ihrer personenbezogenen Daten, soweit dem keine gesetzliche Aufbewahrungspflicht unsererseits gegen\u00fcbersteht. Bei Aus\u00fcbung Ihres Widerrufsrechts werden alle Ihre Daten unwiderruflich gel\u00f6scht, sofern nicht \u00fcbergeordnete gesetzliche Bestimmungen verletzt werden.<\/p>\n\n\n\n<p>F\u00fcr n\u00e4here Informationen zu Ihren Rechten als Betroffene kontaktieren Sie uns bitte unter&nbsp;<strong>info@grimmhof.it<\/strong>. Wir helfen Ihnen gerne weiter. F\u00fcr Beschwerden ist als Aufsichtsbeh\u00f6rde der \u201eGarante per la protezione dei dati personali\u201c zust\u00e4ndig: Piazza di Monte Citorio n. 121 00186 ROMA, Fax: (+39) 06.69677.3785, Telefon: (+39) 06.696771, E-mail: garante@gpdp.it.<\/p>\n\n\n\n<h2 class=\"wp-block-heading\" id=\"cookies\">Cookies<\/h2>\n\n\n\n<p>Kleine Textdateien, bestehend aus Buchstaben und Zahlen, die auf Ihrem Computer abgelegt werden, wenn Sie bestimmte Websites besuchen. Cookies erm\u00f6glichen es, den Computer des Nutzers bei einem Wiederaufruf einer Website zu erkennen. Ein Cookie selbst enth\u00e4lt oder erhebt keine auf Personen bezogene Informationen. Cookies k\u00f6nnen f\u00fcr Behavioural Advertising eingesetzt werden, um Profile \u00fcber das Surfverhalten von Nutzern zu erstellen, damit relevantere Werbung ausgeliefert werden kann.<\/p>\n\n\n\n<ul class=\"wp-block-list\">\n<li><a href=\"http:\/\/de.wikipedia.org\/wiki\/HTTP-Cookie\" target=\"_blank\" rel=\"noreferrer noopener\">Weitere Infos \u00fcber Cookies auf Wikipedia<\/a><\/li>\n\n\n\n<li><a href=\"http:\/\/www.garanteprivacy.it\/cookie\" target=\"_blank\" rel=\"noreferrer noopener\">Informationen \u00fcber Cookies auf der Seite des &#8220;Garante per la protezione dei dati personali&#8221;<\/a><\/li>\n<\/ul>\n\n\n\n<p>Diese Website verwendet einerseits technische Cookies, welche der Navigation, der Funktion und der Verbesserung der Leistung der Website dienen und andererseits k\u00f6nnten Dritte Cookies \u00fcber diese Website speichern. Diese Cookies von Dritten k\u00f6nnen technische Cookies als auch Profilierungscookies sein, welche der Statistik und der Datensammlung dienen, um dem Benutzer Werbebotschaften zu senden, die ihn interessieren (Cookies f\u00fcr Marketing- und Retargetingzwecke).<\/p>\n\n\n\n<p>Benutzer k\u00f6nnen Cookies deaktivieren.<\/p>\n\n\n\n<p><strong>Achtung<\/strong>, wenn Sie entscheiden, Cookies zu deaktivieren oder abzulehnen, k\u00f6nnen Sie auf einige Teile der Website m\u00f6glicherweise nicht zugreifen oder sie funktionieren nicht ordnungsgem\u00e4\u00df.<\/p>\n\n\n\n<p>So k\u00f6nnen Sie Cookies in den g\u00e4ngigsten Browsern deaktivieren bzw. ablehnen. Konsultieren Sie diese Links:<\/p>\n\n\n\n<ul class=\"wp-block-list\">\n<li><a href=\"https:\/\/support.mozilla.org\/de\/kb\/cookies-erlauben-und-ablehnen\" target=\"_blank\" rel=\"noreferrer noopener\">Mozilla Firefox<\/a><\/li>\n\n\n\n<li><a href=\"http:\/\/windows.microsoft.com\/de-de\/internet-explorer\/delete-manage-cookies\" target=\"_blank\" rel=\"noreferrer noopener\">Windows Internet Explorer<\/a><\/li>\n\n\n\n<li><a href=\"https:\/\/support.google.com\/chrome\/answer\/95647?hl=de\" target=\"_blank\" rel=\"noreferrer noopener\">Google Chrome<\/a><\/li>\n\n\n\n<li><a href=\"http:\/\/help.opera.com\/Windows\/10.00\/de\/cookies.html\" target=\"_blank\" rel=\"noreferrer noopener\">Opera<\/a><\/li>\n\n\n\n<li><a href=\"https:\/\/support.apple.com\/de-de\/HT201265\" target=\"_blank\" rel=\"noreferrer noopener\">Apple Safari<\/a><\/li>\n<\/ul>\n\n\n\n<p><strong>Dritte, welche f\u00fcr diese Website Dienste liefern und deren Informationsseiten \u00fcber deren Umgang mit Datenschutz, Cookies, Speicherung von Daten usw.:<\/strong><\/p>\n\n\n\n<ul class=\"wp-block-list\">\n<li><a href=\"http:\/\/www.google.com\/intl\/de\/policies\/\" target=\"_blank\" rel=\"noreferrer noopener\">Google<\/a><\/li>\n\n\n\n<li><a href=\"http:\/\/www.google.com\/intl\/de\/policies\/technologies\/cookies\/\" target=\"_blank\" rel=\"noreferrer noopener\">Youtube<\/a><\/li>\n\n\n\n<li><a href=\"http:\/\/www.google.com\/intl\/de\/policies\/technologies\/cookies\/\" target=\"_blank\" rel=\"noreferrer noopener\">Google Maps<\/a><\/li>\n<\/ul>\n\n\n\n<p>Weitere Informationen wie Cookies von Dritten deaktiviert und\/oder gel\u00f6scht werden k\u00f6nnen finden Sie auf der Website der European Interactive Digital Advertising Alliance:&nbsp;<a href=\"http:\/\/www.youronlinechoices.eu\/\" target=\"_blank\" rel=\"noreferrer noopener\">www.youronlinechoices.eu<\/a>.<\/p>\n\n\n\n<h2 class=\"wp-block-heading\">Logfiles<\/h2>\n\n\n\n<p>Bei jedem Aufruf unserer Internetseite erfasst unser System automatisiert Daten und Informationen vom Computersystem des aufrufenden Rechners. Folgende Daten werden hierbei erhoben:<\/p>\n\n\n\n<ul class=\"wp-block-list\">\n<li>Informationen \u00fcber den Browsertyp und die verwendete Version<\/li>\n\n\n\n<li>Das Betriebssystem des Nutzers<\/li>\n\n\n\n<li>Der Internet-Service-Provider des Nutzers<\/li>\n\n\n\n<li>Die IP-Adresse des Nutzers<\/li>\n\n\n\n<li>Datum und Uhrzeit des Zugriffs<\/li>\n\n\n\n<li>Websites, von denen das System des Nutzers auf unsere Internetseite gelangt<\/li>\n\n\n\n<li>Websites, die vom System des Nutzers \u00fcber unsere Website aufgerufen werden<\/li>\n<\/ul>\n\n\n\n<p>Die Speicherung in Logfiles erfolgt, um die Funktionsf\u00e4higkeit der Website sicherzustellen. Zudem dienen uns die Daten zur Optimierung der Website und zur Sicherstellung der Sicherheit unserer informationstechnischen Systeme. Eine Auswertung der Daten zu Marketingzwecken findet in diesem Zusammenhang nicht statt.<\/p>\n\n\n\n<p>In diesen Zwecken liegt auch unser berechtigtes Interesse an der Datenverarbeitung nach Art. 6 Abs. 1 lit. f DSGVO.<\/p>\n\n\n\n<p>Die Daten werden gel\u00f6scht, sobald sie f\u00fcr die Erreichung des Zweckes ihrer Erhebung nicht mehr erforderlich sind.<\/p>\n\n\n\n<p><\/p>\n","protected":false},"excerpt":{"rendered":"<p>Datenschutz DSGVO Erf\u00fcllung der gesetzlichen Informationspflichten gem\u00e4\u00df der europ\u00e4ischen Datenschutzgrundverordnung (DSGVO) Hiermit informieren wir Sie \u00fcber Art, Umfang und Zweck der Erhebung und Verwendung Ihrer personenbezogenen Daten. Verantwortlicher f\u00fcr die Datenverarbeitung ist:&nbsp;Richard Neulichedl, Konstantinerweg 32, 39050 V\u00f6ls&nbsp;in Person des gesetzlichen Vertreters:&nbsp;Richard Neulichedl, welchen sie wie folgt erreichen: Tel.&nbsp;+393450829601, E-Mail:&nbsp;info@grimmhof.it Gem\u00e4\u00df Art. 13 der europ\u00e4ischen Datenschutzgrundverordnungverarbeiten [&hellip;]<\/p>\n","protected":false},"author":1,"featured_media":0,"parent":0,"menu_order":0,"comment_status":"closed","ping_status":"open","template":"","meta":{"footnotes":""},"class_list":["post-3","page","type-page","status-publish","hentry"],"_links":{"self":[{"href":"https:\/\/www.grimmhof.it\/de\/wp-json\/wp\/v2\/pages\/3","targetHints":{"allow":["GET"]}}],"collection":[{"href":"https:\/\/www.grimmhof.it\/de\/wp-json\/wp\/v2\/pages"}],"about":[{"href":"https:\/\/www.grimmhof.it\/de\/wp-json\/wp\/v2\/types\/page"}],"author":[{"embeddable":true,"href":"https:\/\/www.grimmhof.it\/de\/wp-json\/wp\/v2\/users\/1"}],"replies":[{"embeddable":true,"href":"https:\/\/www.grimmhof.it\/de\/wp-json\/wp\/v2\/comments?post=3"}],"version-history":[{"count":6,"href":"https:\/\/www.grimmhof.it\/de\/wp-json\/wp\/v2\/pages\/3\/revisions"}],"predecessor-version":[{"id":278,"href":"https:\/\/www.grimmhof.it\/de\/wp-json\/wp\/v2\/pages\/3\/revisions\/278"}],"wp:attachment":[{"href":"https:\/\/www.grimmhof.it\/de\/wp-json\/wp\/v2\/media?parent=3"}],"curies":[{"name":"wp","href":"https:\/\/api.w.org\/{rel}","templated":true}]}}