{"id":286,"date":"2025-01-08T15:29:09","date_gmt":"2025-01-08T14:29:09","guid":{"rendered":"https:\/\/www.grimmhof.it\/?page_id=286"},"modified":"2025-11-24T21:14:27","modified_gmt":"2025-11-24T20:14:27","slug":"der-grimmhof","status":"publish","type":"page","link":"https:\/\/www.grimmhof.it\/de\/der-grimmhof\/","title":{"rendered":"Der Grimmhof"},"content":{"rendered":"\n<div class=\"wp-block-cover alignfull has-custom-content-position is-position-bottom-center ohneAbstandOben\" style=\"min-height:100vh;aspect-ratio:unset;\"><img loading=\"lazy\" decoding=\"async\" width=\"790\" height=\"1400\" class=\"wp-block-cover__image-background wp-image-1638 size-large\" alt=\"\" src=\"https:\/\/www.grimmhof.it\/wp-content\/uploads\/2025\/05\/dscf4793-min-790x1400.jpg\" style=\"object-position:54% 35%\" data-object-fit=\"cover\" data-object-position=\"54% 35%\" srcset=\"https:\/\/www.grimmhof.it\/wp-content\/uploads\/2025\/05\/dscf4793-min-790x1400.jpg 790w, https:\/\/www.grimmhof.it\/wp-content\/uploads\/2025\/05\/dscf4793-min.jpg 1155w, https:\/\/www.grimmhof.it\/wp-content\/uploads\/2025\/05\/dscf4793-min-395x700.jpg 395w, https:\/\/www.grimmhof.it\/wp-content\/uploads\/2025\/05\/dscf4793-min-768x1362.jpg 768w, https:\/\/www.grimmhof.it\/wp-content\/uploads\/2025\/05\/dscf4793-min-50x89.jpg 50w, https:\/\/www.grimmhof.it\/wp-content\/uploads\/2025\/05\/dscf4793-min-866x1536.jpg 866w\" sizes=\"auto, (max-width: 790px) 100vw, 790px\" \/><span aria-hidden=\"true\" class=\"wp-block-cover__background has-background-dim-30 has-background-dim wp-block-cover__gradient-background has-background-gradient has-gradient-2-gradient-background\"><\/span><div class=\"wp-block-cover__inner-container is-layout-flow wp-block-cover-is-layout-flow\">\n<div class=\"wp-block-group is-vertical is-content-justification-center is-layout-flex wp-container-core-group-is-layout-b6c1f246 wp-block-group-is-layout-flex\" style=\"min-height:50vh\">\n<h1 class=\"wp-block-heading has-text-align-center has-base-color has-text-color has-link-color has-x-large-font-size wp-elements-b065f1503e2746931b805a325a249c28\">Urlaub<br><strong>Auf dem Bauernhof<\/strong><\/h1>\n<\/div>\n\n\n\n<div class=\"wp-block-group more has-global-padding is-layout-constrained wp-block-group-is-layout-constrained\">\n<figure class=\"wp-block-image aligncenter size-full\"><a href=\"#start\"><img decoding=\"async\" src=\"https:\/\/www.grimmhof.it\/wp-content\/uploads\/2024\/12\/icon-more.svg\" alt=\"\" class=\"wp-image-40\"\/><\/a><\/figure>\n<\/div>\n<\/div><\/div>\n\n\n\n<h1 class=\"wp-block-heading has-text-align-center\" id=\"start\" style=\"margin-top:var(--wp--preset--spacing--50);margin-bottom:0\">Der Grimmhof<\/h1>\n\n\n\n<h2 class=\"wp-block-heading has-text-align-center\">Ihr Urlaubsdomizil inmitten der Dolomiten!<\/h2>\n\n\n\n<div class=\"wp-block-group has-global-padding is-layout-constrained wp-container-core-group-is-layout-8dd13e6d wp-block-group-is-layout-constrained\" style=\"padding-right:var(--wp--preset--spacing--60);padding-left:var(--wp--preset--spacing--60)\">\n<p class=\"has-text-align-center\">Tauchen Sie ein in das Leben auf unserem charmanten <strong>Bauernhof<\/strong> in St. Konstantin bei V\u00f6ls am Schlern. Umgeben von der beeindruckenden Berglandschaft des Schlern erwartet Sie ein einzigartiges Urlaubserlebnis, das Naturverbundenheit, Tradition und zeitgem\u00e4\u00dfen Komfort vereint.<\/p>\n<\/div>\n\n\n\n<figure data-wp-context=\"{&quot;imageId&quot;:&quot;69e5977078335&quot;}\" data-wp-interactive=\"core\/image\" class=\"wp-block-image alignwide size-large wp-lightbox-container\"><img loading=\"lazy\" decoding=\"async\" width=\"1400\" height=\"1050\" data-wp-class--hide=\"state.isContentHidden\" data-wp-class--show=\"state.isContentVisible\" data-wp-init=\"callbacks.setButtonStyles\" data-wp-on-async--click=\"actions.showLightbox\" data-wp-on-async--load=\"callbacks.setButtonStyles\" data-wp-on-async-window--resize=\"callbacks.setButtonStyles\" src=\"https:\/\/www.grimmhof.it\/wp-content\/uploads\/2025\/01\/img_9910-1400x1050.jpg\" alt=\"\" class=\"wp-image-572\" srcset=\"https:\/\/www.grimmhof.it\/wp-content\/uploads\/2025\/01\/img_9910-1400x1050.jpg 1400w, https:\/\/www.grimmhof.it\/wp-content\/uploads\/2025\/01\/img_9910-700x525.jpg 700w, https:\/\/www.grimmhof.it\/wp-content\/uploads\/2025\/01\/img_9910-768x576.jpg 768w, https:\/\/www.grimmhof.it\/wp-content\/uploads\/2025\/01\/img_9910-50x38.jpg 50w, https:\/\/www.grimmhof.it\/wp-content\/uploads\/2025\/01\/img_9910-1600x1200.jpg 1600w, https:\/\/www.grimmhof.it\/wp-content\/uploads\/2025\/01\/img_9910-1536x1152.jpg 1536w, https:\/\/www.grimmhof.it\/wp-content\/uploads\/2025\/01\/img_9910.jpg 2048w\" sizes=\"auto, (max-width: 1400px) 100vw, 1400px\" \/><button\n\t\t\tclass=\"lightbox-trigger\"\n\t\t\ttype=\"button\"\n\t\t\taria-haspopup=\"dialog\"\n\t\t\taria-label=\"Vergr\u00f6\u00dfern\"\n\t\t\tdata-wp-init=\"callbacks.initTriggerButton\"\n\t\t\tdata-wp-on-async--click=\"actions.showLightbox\"\n\t\t\tdata-wp-style--right=\"state.imageButtonRight\"\n\t\t\tdata-wp-style--top=\"state.imageButtonTop\"\n\t\t>\n\t\t\t<svg xmlns=\"http:\/\/www.w3.org\/2000\/svg\" width=\"12\" height=\"12\" fill=\"none\" viewBox=\"0 0 12 12\">\n\t\t\t\t<path fill=\"#fff\" d=\"M2 0a2 2 0 0 0-2 2v2h1.5V2a.5.5 0 0 1 .5-.5h2V0H2Zm2 10.5H2a.5.5 0 0 1-.5-.5V8H0v2a2 2 0 0 0 2 2h2v-1.5ZM8 12v-1.5h2a.5.5 0 0 0 .5-.5V8H12v2a2 2 0 0 1-2 2H8Zm2-12a2 2 0 0 1 2 2v2h-1.5V2a.5.5 0 0 0-.5-.5H8V0h2Z\" \/>\n\t\t\t<\/svg>\n\t\t<\/button><\/figure>\n\n\n\n<div class=\"wp-block-group has-global-padding is-layout-constrained wp-container-core-group-is-layout-8dd13e6d wp-block-group-is-layout-constrained\" style=\"padding-right:var(--wp--preset--spacing--60);padding-left:var(--wp--preset--spacing--60)\">\n<p class=\"has-text-align-center\">Auf unserem Bauernhof d\u00fcrfen Sie sich auf tierische Begleiter freuen! <strong>K\u00fche, Pferde, Alpakas, Katzen, Hasen<\/strong> und unser <strong>Hund <\/strong>freuen sich auf Ihren Besuch und sorgen f\u00fcr unvergessliche Begegnungen.<\/p>\n\n\n\n<p class=\"has-text-align-center\"><strong>Ihr Traumurlaub inmitten der Natur wartet auf Sie!<\/strong><\/p>\n\n\n\n<figure class=\"wp-block-gallery has-nested-images columns-2 is-cropped wp-block-gallery-1 is-layout-flex wp-block-gallery-is-layout-flex\">\n<figure class=\"wp-block-image size-large\"><img loading=\"lazy\" decoding=\"async\" width=\"1050\" height=\"1400\" data-id=\"1342\" src=\"https:\/\/www.grimmhof.it\/wp-content\/uploads\/2025\/01\/img-5014-1050x1400.jpeg\" alt=\"\" class=\"wp-image-1342\" srcset=\"https:\/\/www.grimmhof.it\/wp-content\/uploads\/2025\/01\/img-5014-1050x1400.jpeg 1050w, https:\/\/www.grimmhof.it\/wp-content\/uploads\/2025\/01\/img-5014.jpeg 1536w, https:\/\/www.grimmhof.it\/wp-content\/uploads\/2025\/01\/img-5014-525x700.jpeg 525w, https:\/\/www.grimmhof.it\/wp-content\/uploads\/2025\/01\/img-5014-768x1024.jpeg 768w, https:\/\/www.grimmhof.it\/wp-content\/uploads\/2025\/01\/img-5014-50x67.jpeg 50w, https:\/\/www.grimmhof.it\/wp-content\/uploads\/2025\/01\/img-5014-1152x1536.jpeg 1152w\" sizes=\"auto, (max-width: 1050px) 100vw, 1050px\" \/><figcaption class=\"wp-element-caption\">Marina<\/figcaption><\/figure>\n\n\n\n<figure data-wp-context=\"{&quot;imageId&quot;:&quot;69e5977078c4e&quot;}\" data-wp-interactive=\"core\/image\" class=\"wp-block-image size-large wp-lightbox-container\"><img loading=\"lazy\" decoding=\"async\" width=\"1050\" height=\"1400\" data-wp-class--hide=\"state.isContentHidden\" data-wp-class--show=\"state.isContentVisible\" data-wp-init=\"callbacks.setButtonStyles\" data-wp-on-async--click=\"actions.showLightbox\" data-wp-on-async--load=\"callbacks.setButtonStyles\" data-wp-on-async-window--resize=\"callbacks.setButtonStyles\" data-id=\"298\" src=\"https:\/\/www.grimmhof.it\/wp-content\/uploads\/2025\/01\/img_1724-1050x1400.jpg\" alt=\"\" class=\"wp-image-298\" srcset=\"https:\/\/www.grimmhof.it\/wp-content\/uploads\/2025\/01\/img_1724-1050x1400.jpg 1050w, https:\/\/www.grimmhof.it\/wp-content\/uploads\/2025\/01\/img_1724-525x700.jpg 525w, https:\/\/www.grimmhof.it\/wp-content\/uploads\/2025\/01\/img_1724-768x1024.jpg 768w, https:\/\/www.grimmhof.it\/wp-content\/uploads\/2025\/01\/img_1724-50x67.jpg 50w, https:\/\/www.grimmhof.it\/wp-content\/uploads\/2025\/01\/img_1724-1152x1536.jpg 1152w, https:\/\/www.grimmhof.it\/wp-content\/uploads\/2025\/01\/img_1724.jpg 1536w\" sizes=\"auto, (max-width: 1050px) 100vw, 1050px\" \/><button\n\t\t\tclass=\"lightbox-trigger\"\n\t\t\ttype=\"button\"\n\t\t\taria-haspopup=\"dialog\"\n\t\t\taria-label=\"Vergr\u00f6\u00dfern\"\n\t\t\tdata-wp-init=\"callbacks.initTriggerButton\"\n\t\t\tdata-wp-on-async--click=\"actions.showLightbox\"\n\t\t\tdata-wp-style--right=\"state.imageButtonRight\"\n\t\t\tdata-wp-style--top=\"state.imageButtonTop\"\n\t\t>\n\t\t\t<svg xmlns=\"http:\/\/www.w3.org\/2000\/svg\" width=\"12\" height=\"12\" fill=\"none\" viewBox=\"0 0 12 12\">\n\t\t\t\t<path fill=\"#fff\" d=\"M2 0a2 2 0 0 0-2 2v2h1.5V2a.5.5 0 0 1 .5-.5h2V0H2Zm2 10.5H2a.5.5 0 0 1-.5-.5V8H0v2a2 2 0 0 0 2 2h2v-1.5ZM8 12v-1.5h2a.5.5 0 0 0 .5-.5V8H12v2a2 2 0 0 1-2 2H8Zm2-12a2 2 0 0 1 2 2v2h-1.5V2a.5.5 0 0 0-.5-.5H8V0h2Z\" \/>\n\t\t\t<\/svg>\n\t\t<\/button><figcaption class=\"wp-element-caption\">Twix<\/figcaption><\/figure>\n\n\n\n<figure data-wp-context=\"{&quot;imageId&quot;:&quot;69e597707912f&quot;}\" data-wp-interactive=\"core\/image\" class=\"wp-block-image size-large wp-lightbox-container\"><img loading=\"lazy\" decoding=\"async\" width=\"1050\" height=\"1400\" data-wp-class--hide=\"state.isContentHidden\" data-wp-class--show=\"state.isContentVisible\" data-wp-init=\"callbacks.setButtonStyles\" data-wp-on-async--click=\"actions.showLightbox\" data-wp-on-async--load=\"callbacks.setButtonStyles\" data-wp-on-async-window--resize=\"callbacks.setButtonStyles\" data-id=\"299\" src=\"https:\/\/www.grimmhof.it\/wp-content\/uploads\/2025\/01\/img_8301-1050x1400.jpg\" alt=\"\" class=\"wp-image-299\" srcset=\"https:\/\/www.grimmhof.it\/wp-content\/uploads\/2025\/01\/img_8301-1050x1400.jpg 1050w, https:\/\/www.grimmhof.it\/wp-content\/uploads\/2025\/01\/img_8301-525x700.jpg 525w, https:\/\/www.grimmhof.it\/wp-content\/uploads\/2025\/01\/img_8301-768x1024.jpg 768w, https:\/\/www.grimmhof.it\/wp-content\/uploads\/2025\/01\/img_8301-50x67.jpg 50w, https:\/\/www.grimmhof.it\/wp-content\/uploads\/2025\/01\/img_8301-1152x1536.jpg 1152w, https:\/\/www.grimmhof.it\/wp-content\/uploads\/2025\/01\/img_8301.jpg 1536w\" sizes=\"auto, (max-width: 1050px) 100vw, 1050px\" \/><button\n\t\t\tclass=\"lightbox-trigger\"\n\t\t\ttype=\"button\"\n\t\t\taria-haspopup=\"dialog\"\n\t\t\taria-label=\"Vergr\u00f6\u00dfern\"\n\t\t\tdata-wp-init=\"callbacks.initTriggerButton\"\n\t\t\tdata-wp-on-async--click=\"actions.showLightbox\"\n\t\t\tdata-wp-style--right=\"state.imageButtonRight\"\n\t\t\tdata-wp-style--top=\"state.imageButtonTop\"\n\t\t>\n\t\t\t<svg xmlns=\"http:\/\/www.w3.org\/2000\/svg\" width=\"12\" height=\"12\" fill=\"none\" viewBox=\"0 0 12 12\">\n\t\t\t\t<path fill=\"#fff\" d=\"M2 0a2 2 0 0 0-2 2v2h1.5V2a.5.5 0 0 1 .5-.5h2V0H2Zm2 10.5H2a.5.5 0 0 1-.5-.5V8H0v2a2 2 0 0 0 2 2h2v-1.5ZM8 12v-1.5h2a.5.5 0 0 0 .5-.5V8H12v2a2 2 0 0 1-2 2H8Zm2-12a2 2 0 0 1 2 2v2h-1.5V2a.5.5 0 0 0-.5-.5H8V0h2Z\" \/>\n\t\t\t<\/svg>\n\t\t<\/button><figcaption class=\"wp-element-caption\">Lil und Ayra<\/figcaption><\/figure>\n\n\n\n<figure class=\"wp-block-image size-large\"><img loading=\"lazy\" decoding=\"async\" width=\"1050\" height=\"1400\" data-id=\"641\" src=\"https:\/\/www.grimmhof.it\/wp-content\/uploads\/2025\/01\/img_8663-1050x1400.jpg\" alt=\"\" class=\"wp-image-641\" srcset=\"https:\/\/www.grimmhof.it\/wp-content\/uploads\/2025\/01\/img_8663-1050x1400.jpg 1050w, https:\/\/www.grimmhof.it\/wp-content\/uploads\/2025\/01\/img_8663-525x700.jpg 525w, https:\/\/www.grimmhof.it\/wp-content\/uploads\/2025\/01\/img_8663-768x1024.jpg 768w, https:\/\/www.grimmhof.it\/wp-content\/uploads\/2025\/01\/img_8663-50x67.jpg 50w, https:\/\/www.grimmhof.it\/wp-content\/uploads\/2025\/01\/img_8663-1152x1536.jpg 1152w, https:\/\/www.grimmhof.it\/wp-content\/uploads\/2025\/01\/img_8663.jpg 1536w\" sizes=\"auto, (max-width: 1050px) 100vw, 1050px\" \/><figcaption class=\"wp-element-caption\">Ruby<\/figcaption><\/figure>\n<\/figure>\n\n\n\n<figure class=\"wp-block-gallery has-nested-images columns-2 is-cropped wp-block-gallery-2 is-layout-flex wp-block-gallery-is-layout-flex\">\n<figure class=\"wp-block-image size-large\"><img loading=\"lazy\" decoding=\"async\" width=\"1050\" height=\"1400\" data-id=\"642\" src=\"https:\/\/www.grimmhof.it\/wp-content\/uploads\/2025\/01\/img_8810-1050x1400.jpg\" alt=\"\" class=\"wp-image-642\" srcset=\"https:\/\/www.grimmhof.it\/wp-content\/uploads\/2025\/01\/img_8810-1050x1400.jpg 1050w, https:\/\/www.grimmhof.it\/wp-content\/uploads\/2025\/01\/img_8810-525x700.jpg 525w, https:\/\/www.grimmhof.it\/wp-content\/uploads\/2025\/01\/img_8810-768x1024.jpg 768w, https:\/\/www.grimmhof.it\/wp-content\/uploads\/2025\/01\/img_8810-50x67.jpg 50w, https:\/\/www.grimmhof.it\/wp-content\/uploads\/2025\/01\/img_8810-1152x1536.jpg 1152w, https:\/\/www.grimmhof.it\/wp-content\/uploads\/2025\/01\/img_8810.jpg 1536w\" sizes=\"auto, (max-width: 1050px) 100vw, 1050px\" \/><figcaption class=\"wp-element-caption\">Martina<\/figcaption><\/figure>\n\n\n\n<figure data-wp-context=\"{&quot;imageId&quot;:&quot;69e5977079ddd&quot;}\" data-wp-interactive=\"core\/image\" class=\"wp-block-image size-large wp-lightbox-container\"><img loading=\"lazy\" decoding=\"async\" width=\"1024\" height=\"768\" data-wp-class--hide=\"state.isContentHidden\" data-wp-class--show=\"state.isContentVisible\" data-wp-init=\"callbacks.setButtonStyles\" data-wp-on-async--click=\"actions.showLightbox\" data-wp-on-async--load=\"callbacks.setButtonStyles\" data-wp-on-async-window--resize=\"callbacks.setButtonStyles\" data-id=\"1345\" src=\"https:\/\/www.grimmhof.it\/wp-content\/uploads\/2025\/01\/e0122327-bc6a-4063-a521-abb710f7bb86.jpg\" alt=\"\" class=\"wp-image-1345\" srcset=\"https:\/\/www.grimmhof.it\/wp-content\/uploads\/2025\/01\/e0122327-bc6a-4063-a521-abb710f7bb86.jpg 1024w, https:\/\/www.grimmhof.it\/wp-content\/uploads\/2025\/01\/e0122327-bc6a-4063-a521-abb710f7bb86-700x525.jpg 700w, https:\/\/www.grimmhof.it\/wp-content\/uploads\/2025\/01\/e0122327-bc6a-4063-a521-abb710f7bb86-768x576.jpg 768w, https:\/\/www.grimmhof.it\/wp-content\/uploads\/2025\/01\/e0122327-bc6a-4063-a521-abb710f7bb86-50x38.jpg 50w\" sizes=\"auto, (max-width: 1024px) 100vw, 1024px\" \/><button\n\t\t\tclass=\"lightbox-trigger\"\n\t\t\ttype=\"button\"\n\t\t\taria-haspopup=\"dialog\"\n\t\t\taria-label=\"Vergr\u00f6\u00dfern\"\n\t\t\tdata-wp-init=\"callbacks.initTriggerButton\"\n\t\t\tdata-wp-on-async--click=\"actions.showLightbox\"\n\t\t\tdata-wp-style--right=\"state.imageButtonRight\"\n\t\t\tdata-wp-style--top=\"state.imageButtonTop\"\n\t\t>\n\t\t\t<svg xmlns=\"http:\/\/www.w3.org\/2000\/svg\" width=\"12\" height=\"12\" fill=\"none\" viewBox=\"0 0 12 12\">\n\t\t\t\t<path fill=\"#fff\" d=\"M2 0a2 2 0 0 0-2 2v2h1.5V2a.5.5 0 0 1 .5-.5h2V0H2Zm2 10.5H2a.5.5 0 0 1-.5-.5V8H0v2a2 2 0 0 0 2 2h2v-1.5ZM8 12v-1.5h2a.5.5 0 0 0 .5-.5V8H12v2a2 2 0 0 1-2 2H8Zm2-12a2 2 0 0 1 2 2v2h-1.5V2a.5.5 0 0 0-.5-.5H8V0h2Z\" \/>\n\t\t\t<\/svg>\n\t\t<\/button><figcaption class=\"wp-element-caption\">Freya und Shakir<\/figcaption><\/figure>\n\n\n\n<figure data-wp-context=\"{&quot;imageId&quot;:&quot;69e597707a318&quot;}\" data-wp-interactive=\"core\/image\" class=\"wp-block-image size-full wp-lightbox-container\"><img loading=\"lazy\" decoding=\"async\" width=\"1215\" height=\"1519\" data-wp-class--hide=\"state.isContentHidden\" data-wp-class--show=\"state.isContentVisible\" data-wp-init=\"callbacks.setButtonStyles\" data-wp-on-async--click=\"actions.showLightbox\" data-wp-on-async--load=\"callbacks.setButtonStyles\" data-wp-on-async-window--resize=\"callbacks.setButtonStyles\" data-id=\"1354\" src=\"https:\/\/www.grimmhof.it\/wp-content\/uploads\/2025\/01\/design-ohne-titel.png\" alt=\"\" class=\"wp-image-1354\" srcset=\"https:\/\/www.grimmhof.it\/wp-content\/uploads\/2025\/01\/design-ohne-titel.png 1215w, https:\/\/www.grimmhof.it\/wp-content\/uploads\/2025\/01\/design-ohne-titel-560x700.png 560w, https:\/\/www.grimmhof.it\/wp-content\/uploads\/2025\/01\/design-ohne-titel-768x960.png 768w, https:\/\/www.grimmhof.it\/wp-content\/uploads\/2025\/01\/design-ohne-titel-1120x1400.png 1120w, https:\/\/www.grimmhof.it\/wp-content\/uploads\/2025\/01\/design-ohne-titel-50x63.png 50w\" sizes=\"auto, (max-width: 1215px) 100vw, 1215px\" \/><button\n\t\t\tclass=\"lightbox-trigger\"\n\t\t\ttype=\"button\"\n\t\t\taria-haspopup=\"dialog\"\n\t\t\taria-label=\"Vergr\u00f6\u00dfern\"\n\t\t\tdata-wp-init=\"callbacks.initTriggerButton\"\n\t\t\tdata-wp-on-async--click=\"actions.showLightbox\"\n\t\t\tdata-wp-style--right=\"state.imageButtonRight\"\n\t\t\tdata-wp-style--top=\"state.imageButtonTop\"\n\t\t>\n\t\t\t<svg xmlns=\"http:\/\/www.w3.org\/2000\/svg\" width=\"12\" height=\"12\" fill=\"none\" viewBox=\"0 0 12 12\">\n\t\t\t\t<path fill=\"#fff\" d=\"M2 0a2 2 0 0 0-2 2v2h1.5V2a.5.5 0 0 1 .5-.5h2V0H2Zm2 10.5H2a.5.5 0 0 1-.5-.5V8H0v2a2 2 0 0 0 2 2h2v-1.5ZM8 12v-1.5h2a.5.5 0 0 0 .5-.5V8H12v2a2 2 0 0 1-2 2H8Zm2-12a2 2 0 0 1 2 2v2h-1.5V2a.5.5 0 0 0-.5-.5H8V0h2Z\" \/>\n\t\t\t<\/svg>\n\t\t<\/button><figcaption class=\"wp-element-caption\">Simba<\/figcaption><\/figure>\n\n\n\n<figure class=\"wp-block-image size-large\"><img loading=\"lazy\" decoding=\"async\" width=\"1050\" height=\"1400\" data-id=\"1357\" src=\"https:\/\/www.grimmhof.it\/wp-content\/uploads\/2025\/01\/terra-2-1050x1400.jpg\" alt=\"\" class=\"wp-image-1357\" srcset=\"https:\/\/www.grimmhof.it\/wp-content\/uploads\/2025\/01\/terra-2-1050x1400.jpg 1050w, https:\/\/www.grimmhof.it\/wp-content\/uploads\/2025\/01\/terra-2.jpg 1536w, https:\/\/www.grimmhof.it\/wp-content\/uploads\/2025\/01\/terra-2-525x700.jpg 525w, https:\/\/www.grimmhof.it\/wp-content\/uploads\/2025\/01\/terra-2-768x1024.jpg 768w, https:\/\/www.grimmhof.it\/wp-content\/uploads\/2025\/01\/terra-2-50x67.jpg 50w, https:\/\/www.grimmhof.it\/wp-content\/uploads\/2025\/01\/terra-2-1152x1536.jpg 1152w\" sizes=\"auto, (max-width: 1050px) 100vw, 1050px\" \/><figcaption class=\"wp-element-caption\">Terra<\/figcaption><\/figure>\n<\/figure>\n\n\n\n<hr class=\"wp-block-separator has-alpha-channel-opacity is-style-dots\"\/>\n<\/div>\n\n\n\n<p><\/p>\n","protected":false},"excerpt":{"rendered":"<p>Der Grimmhof Ihr Urlaubsdomizil inmitten der Dolomiten! Tauchen Sie ein in das Leben auf unserem charmanten Bauernhof in St. Konstantin bei V\u00f6ls am Schlern. Umgeben von der beeindruckenden Berglandschaft des Schlern erwartet Sie ein einzigartiges Urlaubserlebnis, das Naturverbundenheit, Tradition und zeitgem\u00e4\u00dfen Komfort vereint. Auf unserem Bauernhof d\u00fcrfen Sie sich auf tierische Begleiter freuen! K\u00fche, Pferde, [&hellip;]<\/p>\n","protected":false},"author":1,"featured_media":0,"parent":0,"menu_order":0,"comment_status":"closed","ping_status":"open","template":"","meta":{"footnotes":""},"class_list":["post-286","page","type-page","status-publish","hentry"],"_links":{"self":[{"href":"https:\/\/www.grimmhof.it\/de\/wp-json\/wp\/v2\/pages\/286","targetHints":{"allow":["GET"]}}],"collection":[{"href":"https:\/\/www.grimmhof.it\/de\/wp-json\/wp\/v2\/pages"}],"about":[{"href":"https:\/\/www.grimmhof.it\/de\/wp-json\/wp\/v2\/types\/page"}],"author":[{"embeddable":true,"href":"https:\/\/www.grimmhof.it\/de\/wp-json\/wp\/v2\/users\/1"}],"replies":[{"embeddable":true,"href":"https:\/\/www.grimmhof.it\/de\/wp-json\/wp\/v2\/comments?post=286"}],"version-history":[{"count":48,"href":"https:\/\/www.grimmhof.it\/de\/wp-json\/wp\/v2\/pages\/286\/revisions"}],"predecessor-version":[{"id":2086,"href":"https:\/\/www.grimmhof.it\/de\/wp-json\/wp\/v2\/pages\/286\/revisions\/2086"}],"wp:attachment":[{"href":"https:\/\/www.grimmhof.it\/de\/wp-json\/wp\/v2\/media?parent=286"}],"curies":[{"name":"wp","href":"https:\/\/api.w.org\/{rel}","templated":true}]}}