{"id":253,"date":"2025-01-08T14:32:20","date_gmt":"2025-01-08T13:32:20","guid":{"rendered":"https:\/\/www.grimmhof.it\/?page_id=253"},"modified":"2026-02-02T21:29:10","modified_gmt":"2026-02-02T20:29:10","slug":"lage-anreise","status":"publish","type":"page","link":"https:\/\/www.grimmhof.it\/de\/lage-anreise\/","title":{"rendered":"Lage &amp; Anreise"},"content":{"rendered":"\n<div class=\"wp-block-cover alignfull is-light has-custom-content-position is-position-bottom-center ohneAbstandOben\" style=\"min-height:100vh;aspect-ratio:unset;\"><img loading=\"lazy\" decoding=\"async\" width=\"2048\" height=\"1365\" class=\"wp-block-cover__image-background wp-image-316\" alt=\"\" src=\"https:\/\/www.grimmhof.it\/wp-content\/uploads\/2025\/01\/dsc_9125.jpg\" style=\"object-position:100% 68%\" data-object-fit=\"cover\" data-object-position=\"100% 68%\" srcset=\"https:\/\/www.grimmhof.it\/wp-content\/uploads\/2025\/01\/dsc_9125.jpg 2048w, https:\/\/www.grimmhof.it\/wp-content\/uploads\/2025\/01\/dsc_9125-700x467.jpg 700w, https:\/\/www.grimmhof.it\/wp-content\/uploads\/2025\/01\/dsc_9125-1400x933.jpg 1400w, https:\/\/www.grimmhof.it\/wp-content\/uploads\/2025\/01\/dsc_9125-768x512.jpg 768w, https:\/\/www.grimmhof.it\/wp-content\/uploads\/2025\/01\/dsc_9125-50x33.jpg 50w, https:\/\/www.grimmhof.it\/wp-content\/uploads\/2025\/01\/dsc_9125-1600x1066.jpg 1600w, https:\/\/www.grimmhof.it\/wp-content\/uploads\/2025\/01\/dsc_9125-1536x1024.jpg 1536w\" sizes=\"auto, (max-width: 2048px) 100vw, 2048px\" \/><span aria-hidden=\"true\" class=\"wp-block-cover__background has-background-dim-0 has-background-dim\"><\/span><div class=\"wp-block-cover__inner-container is-layout-flow wp-block-cover-is-layout-flow\">\n<div class=\"wp-block-group is-vertical is-content-justification-stretch is-layout-flex wp-container-core-group-is-layout-353c4f5a wp-block-group-is-layout-flex\" style=\"min-height:50vh\">\n<h1 class=\"wp-block-heading has-text-align-center has-base-color has-text-color has-link-color has-xx-large-font-size wp-elements-9fedee91448f408549d1792635e41e15\">V\u00f6ls<br><strong>Am Schlern<\/strong><\/h1>\n\n\n\n<p><\/p>\n<\/div>\n\n\n\n<div class=\"wp-block-group more has-global-padding is-layout-constrained wp-block-group-is-layout-constrained\">\n<figure class=\"wp-block-image aligncenter size-full\"><a href=\"#start\"><img decoding=\"async\" src=\"https:\/\/www.grimmhof.it\/wp-content\/uploads\/2024\/12\/icon-more.svg\" alt=\"\" class=\"wp-image-40\"\/><\/a><\/figure>\n<\/div>\n<\/div><\/div>\n\n\n\n<h1 class=\"wp-block-heading\" id=\"start\" style=\"margin-top:var(--wp--preset--spacing--50);margin-bottom:0\">Lage &amp; Anreise<\/h1>\n\n\n\n<h2 class=\"wp-block-heading\">So erreichen Sie den Grimmhof<\/h2>\n\n\n\n<div class=\"wp-block-group has-global-padding is-layout-constrained wp-block-group-is-layout-constrained\">\n<iframe src=\"https:\/\/www.google.com\/maps\/embed?pb=!1m14!1m8!1m3!1d5431.46176775459!2d11.511109295333371!3d46.53449927054532!3m2!1i1024!2i768!4f13.1!3m3!1m2!1s0x4778735e2e05c905%3A0x62d8cfe37d894a1a!2sGrimmhof!5e1!3m2!1sde!2sit!4v1736343919054!5m2!1sde!2sit\" width=\"100%\" height=\"550\" style=\"border:0;\" allowfullscreen=\"\" loading=\"lazy\" referrerpolicy=\"no-referrer-when-downgrade\"><\/iframe>\n<\/div>\n\n\n\n<p><strong>Anreise mit dem PKW<\/strong><\/p>\n\n\n\n<p>Die GPS-Koordinaten f\u00fcr Ihre Anreise mit dem PKW lauten:<br>GNP 46.53603847683735, GEP 11.51472358711934<\/p>\n\n\n\n<p>Achtung bitte nicht die Stra\u00dfe bei Atzwang f\u00fcr die Anreise nehmen, diese wird von Google Maps oft f\u00e4lschlicherweise angezeigt, sondern wie hier beschrieben:<\/p>\n\n\n\n<p>Kommen Sie von Norden, ist das Ihre Route: Brennerautobahn A22 &#8211; Ausfahrt Klausen &#8211; Waidbruck &#8211; Seis &#8211; Bei Bushaltestelle St. Konstantin, Perwanger rechts abbiegen &#8211; nach 50 Meter links abbiegen &#8211; nach 500 Meter Einfahrt rechts &#8220;Grimm&#8221; und Sie sind angekommen.<\/p>\n\n\n\n<p>Kommen Sie von S\u00fcden, ist das Ihre Route: Brennerautobahn A22 &#8211; Ausfahrt Bozen Nord &#8211; Blumau &#8211; V\u00f6ls &#8211; Bei Bushaltestelle St. Konstantin, Perwanger links abbiegen &#8211; nach 50 Meter links abbiegen &#8211; nach 500 Meter Einfahrt rechts &#8220;Grimm&#8221; und Sie sind angekommen.<\/p>\n\n\n\n<script type=\"module\" src=\"https:\/\/static-wetter.provinz.bz.it\/web-data\/public-widget\/widgetLibWeatherEmbedding.js\"><\/script>\n<weather-app-map lang=\"de\" width=\"100%\" height=\"auto\"><\/weather-app-map>\n\n\n\n<script type=\"module\" src=\"https:\/\/static-wetter.provinz.bz.it\/web-data\/public-widget\/widgetLibWeatherEmbedding.js\"><\/script>\n<weather-app-sun lang=\"de\" layout=\"horizontal\" id=\"bc3a85f9-a177-4477-8122-38e2f5f97069\"><\/weather-app-sun>\n\n\n\n<hr class=\"wp-block-separator has-alpha-channel-opacity is-style-dots\" style=\"margin-top:var(--wp--preset--spacing--50);margin-bottom:var(--wp--preset--spacing--50)\"\/>\n","protected":false},"excerpt":{"rendered":"<p>Lage &amp; Anreise So erreichen Sie den Grimmhof Anreise mit dem PKW Die GPS-Koordinaten f\u00fcr Ihre Anreise mit dem PKW lauten:GNP 46.53603847683735, GEP 11.51472358711934 Achtung bitte nicht die Stra\u00dfe bei Atzwang f\u00fcr die Anreise nehmen, diese wird von Google Maps oft f\u00e4lschlicherweise angezeigt, sondern wie hier beschrieben: Kommen Sie von Norden, ist das Ihre Route: [&hellip;]<\/p>\n","protected":false},"author":1,"featured_media":0,"parent":0,"menu_order":0,"comment_status":"closed","ping_status":"open","template":"","meta":{"footnotes":""},"class_list":["post-253","page","type-page","status-publish","hentry"],"_links":{"self":[{"href":"https:\/\/www.grimmhof.it\/de\/wp-json\/wp\/v2\/pages\/253","targetHints":{"allow":["GET"]}}],"collection":[{"href":"https:\/\/www.grimmhof.it\/de\/wp-json\/wp\/v2\/pages"}],"about":[{"href":"https:\/\/www.grimmhof.it\/de\/wp-json\/wp\/v2\/types\/page"}],"author":[{"embeddable":true,"href":"https:\/\/www.grimmhof.it\/de\/wp-json\/wp\/v2\/users\/1"}],"replies":[{"embeddable":true,"href":"https:\/\/www.grimmhof.it\/de\/wp-json\/wp\/v2\/comments?post=253"}],"version-history":[{"count":23,"href":"https:\/\/www.grimmhof.it\/de\/wp-json\/wp\/v2\/pages\/253\/revisions"}],"predecessor-version":[{"id":2416,"href":"https:\/\/www.grimmhof.it\/de\/wp-json\/wp\/v2\/pages\/253\/revisions\/2416"}],"wp:attachment":[{"href":"https:\/\/www.grimmhof.it\/de\/wp-json\/wp\/v2\/media?parent=253"}],"curies":[{"name":"wp","href":"https:\/\/api.w.org\/{rel}","templated":true}]}}