{"id":2244,"date":"2025-12-08T16:15:09","date_gmt":"2025-12-08T15:15:09","guid":{"rendered":"https:\/\/www.grimmhof.it\/?page_id=2244"},"modified":"2026-04-19T22:17:52","modified_gmt":"2026-04-19T20:17:52","slug":"offnungszeiten","status":"publish","type":"page","link":"https:\/\/www.grimmhof.it\/de\/offnungszeiten\/","title":{"rendered":"\u00d6ffnungszeiten"},"content":{"rendered":"\n<div class=\"wp-block-cover alignfull is-light has-custom-content-position is-position-bottom-center ohneAbstandOben\" style=\"min-height:100vh;aspect-ratio:unset;\"><img loading=\"lazy\" decoding=\"async\" width=\"933\" height=\"1400\" class=\"wp-block-cover__image-background wp-image-2655 size-large\" alt=\"\" src=\"https:\/\/www.grimmhof.it\/wp-content\/uploads\/2026\/04\/edlweiss-4-933x1400.jpg\" style=\"object-position:48% 34%\" data-object-fit=\"cover\" data-object-position=\"48% 34%\" srcset=\"https:\/\/www.grimmhof.it\/wp-content\/uploads\/2026\/04\/edlweiss-4-933x1400.jpg 933w, https:\/\/www.grimmhof.it\/wp-content\/uploads\/2026\/04\/edlweiss-4.jpg 1365w, https:\/\/www.grimmhof.it\/wp-content\/uploads\/2026\/04\/edlweiss-4-467x700.jpg 467w, https:\/\/www.grimmhof.it\/wp-content\/uploads\/2026\/04\/edlweiss-4-768x1152.jpg 768w, https:\/\/www.grimmhof.it\/wp-content\/uploads\/2026\/04\/edlweiss-4-50x75.jpg 50w, https:\/\/www.grimmhof.it\/wp-content\/uploads\/2026\/04\/edlweiss-4-1024x1536.jpg 1024w\" sizes=\"auto, (max-width: 933px) 100vw, 933px\" \/><span aria-hidden=\"true\" class=\"wp-block-cover__background has-background-dim-0 has-background-dim\"><\/span><div class=\"wp-block-cover__inner-container is-layout-flow wp-block-cover-is-layout-flow\">\n<h1 class=\"wp-block-heading has-text-align-center\">&#8220;No reservations.<br>just good vibes.&#8221;<\/h1>\n\n\n\n<div class=\"wp-block-group is-nowrap is-layout-flex wp-container-core-group-is-layout-6c531013 wp-block-group-is-layout-flex\"><\/div>\n\n\n\n<div class=\"wp-block-group is-nowrap is-layout-flex wp-container-core-group-is-layout-6c531013 wp-block-group-is-layout-flex\"><\/div>\n\n\n\n<div class=\"wp-block-group is-nowrap is-layout-flex wp-container-core-group-is-layout-6c531013 wp-block-group-is-layout-flex\"><\/div>\n\n\n\n<div class=\"wp-block-group is-nowrap is-layout-flex wp-container-core-group-is-layout-6c531013 wp-block-group-is-layout-flex\"><\/div>\n\n\n\n<div class=\"wp-block-group is-nowrap is-layout-flex wp-container-core-group-is-layout-6c531013 wp-block-group-is-layout-flex\"><\/div>\n\n\n\n<div class=\"wp-block-group is-nowrap is-layout-flex wp-container-core-group-is-layout-6c531013 wp-block-group-is-layout-flex\"><\/div>\n\n\n\n<div class=\"wp-block-group is-nowrap is-layout-flex wp-container-core-group-is-layout-6c531013 wp-block-group-is-layout-flex\"><\/div>\n\n\n\n<div class=\"wp-block-group is-nowrap is-layout-flex wp-container-core-group-is-layout-6c531013 wp-block-group-is-layout-flex\"><\/div>\n\n\n\n<div class=\"wp-block-group is-nowrap is-layout-flex wp-container-core-group-is-layout-6c531013 wp-block-group-is-layout-flex\"><\/div>\n\n\n\n<div class=\"wp-block-group is-nowrap is-layout-flex wp-container-core-group-is-layout-6c531013 wp-block-group-is-layout-flex\"><\/div>\n\n\n\n<div class=\"wp-block-group is-nowrap is-layout-flex wp-container-core-group-is-layout-6c531013 wp-block-group-is-layout-flex\"><\/div>\n\n\n\n<div class=\"wp-block-group is-nowrap is-layout-flex wp-container-core-group-is-layout-6c531013 wp-block-group-is-layout-flex\"><\/div>\n\n\n\n<div class=\"wp-block-group is-nowrap is-layout-flex wp-container-core-group-is-layout-6c531013 wp-block-group-is-layout-flex\"><\/div>\n\n\n\n<div class=\"wp-block-group is-nowrap is-layout-flex wp-container-core-group-is-layout-6c531013 wp-block-group-is-layout-flex\"><\/div>\n\n\n\n<div class=\"wp-block-group is-nowrap is-layout-flex wp-container-core-group-is-layout-6c531013 wp-block-group-is-layout-flex\"><\/div>\n\n\n\n<div class=\"wp-block-group more has-global-padding is-layout-constrained wp-block-group-is-layout-constrained\">\n<figure class=\"wp-block-image aligncenter size-full\"><a href=\"#start\"><img decoding=\"async\" src=\"https:\/\/www.grimmhof.it\/wp-content\/uploads\/2024\/12\/icon-more.svg\" alt=\"\" class=\"wp-image-40\"\/><\/a><\/figure>\n<\/div>\n<\/div><\/div>\n\n\n\n<h1 class=\"wp-block-heading has-text-align-center\" id=\"start\" style=\"margin-top:var(--wp--preset--spacing--50);margin-bottom:0\"><strong><strong>Aktuell ist die Edlweissh\u00fctte geschlossen.<\/strong><\/strong><\/h1>\n\n\n\n<h4 class=\"wp-block-heading has-text-align-center\"><strong>Sommersaison: ge\u00f6ffnet vom 23. Mai bis 02.November 2026 von 09:00 Uhr bis 17:00 Uhr (Ruhetag: Samstag)<\/strong><\/h4>\n\n\n\n<blockquote class=\"wp-block-quote is-style-default is-layout-flow wp-block-quote-is-layout-flow\">\n<p class=\"has-text-align-center\"><strong>Unsere aktuellen \u00d6ffnungszeiten<\/strong><\/p>\n\n\n\n<p class=\"has-text-align-center\">Sonntag geschlossen<\/p>\n\n\n\n<p class=\"has-text-align-center\">Montag geschlossen<\/p>\n\n\n\n<p class=\"has-text-align-center\">Dienstag geschlossen<\/p>\n\n\n\n<p class=\"has-text-align-center\">Mittwoch geschlossen<\/p>\n\n\n\n<p class=\"has-text-align-center\">Donnerstag geschlossen<\/p>\n\n\n\n<p class=\"has-text-align-center\">Freitag geschlossen<\/p>\n\n\n\n<p class=\"has-text-align-center\">Samstag geschlossen<\/p>\n<\/blockquote>\n\n\n\n<script type=\"module\" src=\"https:\/\/static-wetter.provinz.bz.it\/web-data\/public-widget\/widgetLibWeatherEmbedding.js\"><\/script>\n<weather-app-map lang=\"de\" width=\"100%\" mountains=\"true\"><\/weather-app-map>\n\n\n\n<script type=\"module\" src=\"https:\/\/static-wetter.provinz.bz.it\/web-data\/public-widget\/widgetLibWeatherEmbedding.js\"><\/script>\n<weather-app-sun lang=\"de\" layout=\"horizontal\" id=\"62ab9230-5d9a-42bd-99aa-f6f7f1944649\"><\/weather-app-sun>\n\n\n\n<figure class=\"wp-block-image alignfull size-large\"><img loading=\"lazy\" decoding=\"async\" width=\"1050\" height=\"1400\" src=\"https:\/\/www.grimmhof.it\/wp-content\/uploads\/2026\/04\/edlweiss--6-1050x1400.jpg\" alt=\"\" class=\"wp-image-2667\" srcset=\"https:\/\/www.grimmhof.it\/wp-content\/uploads\/2026\/04\/edlweiss--6-1050x1400.jpg 1050w, https:\/\/www.grimmhof.it\/wp-content\/uploads\/2026\/04\/edlweiss--6.jpg 1500w, https:\/\/www.grimmhof.it\/wp-content\/uploads\/2026\/04\/edlweiss--6-525x700.jpg 525w, https:\/\/www.grimmhof.it\/wp-content\/uploads\/2026\/04\/edlweiss--6-768x1024.jpg 768w, https:\/\/www.grimmhof.it\/wp-content\/uploads\/2026\/04\/edlweiss--6-50x67.jpg 50w, https:\/\/www.grimmhof.it\/wp-content\/uploads\/2026\/04\/edlweiss--6-1152x1536.jpg 1152w\" sizes=\"auto, (max-width: 1050px) 100vw, 1050px\" \/><\/figure>\n\n\n\n<hr class=\"wp-block-separator has-alpha-channel-opacity is-style-dots\" style=\"margin-top:var(--wp--preset--spacing--50);margin-bottom:var(--wp--preset--spacing--50)\"\/>\n","protected":false},"excerpt":{"rendered":"<p>Aktuell ist die Edlweissh\u00fctte geschlossen. Sommersaison: ge\u00f6ffnet vom 23. Mai bis 02.November 2026 von 09:00 Uhr bis 17:00 Uhr (Ruhetag: Samstag) Unsere aktuellen \u00d6ffnungszeiten Sonntag geschlossen Montag geschlossen Dienstag geschlossen Mittwoch geschlossen Donnerstag geschlossen Freitag geschlossen Samstag geschlossen<\/p>\n","protected":false},"author":2,"featured_media":0,"parent":0,"menu_order":0,"comment_status":"closed","ping_status":"closed","template":"","meta":{"footnotes":""},"class_list":["post-2244","page","type-page","status-publish","hentry"],"_links":{"self":[{"href":"https:\/\/www.grimmhof.it\/de\/wp-json\/wp\/v2\/pages\/2244","targetHints":{"allow":["GET"]}}],"collection":[{"href":"https:\/\/www.grimmhof.it\/de\/wp-json\/wp\/v2\/pages"}],"about":[{"href":"https:\/\/www.grimmhof.it\/de\/wp-json\/wp\/v2\/types\/page"}],"author":[{"embeddable":true,"href":"https:\/\/www.grimmhof.it\/de\/wp-json\/wp\/v2\/users\/2"}],"replies":[{"embeddable":true,"href":"https:\/\/www.grimmhof.it\/de\/wp-json\/wp\/v2\/comments?post=2244"}],"version-history":[{"count":29,"href":"https:\/\/www.grimmhof.it\/de\/wp-json\/wp\/v2\/pages\/2244\/revisions"}],"predecessor-version":[{"id":2782,"href":"https:\/\/www.grimmhof.it\/de\/wp-json\/wp\/v2\/pages\/2244\/revisions\/2782"}],"wp:attachment":[{"href":"https:\/\/www.grimmhof.it\/de\/wp-json\/wp\/v2\/media?parent=2244"}],"curies":[{"name":"wp","href":"https:\/\/api.w.org\/{rel}","templated":true}]}}