{"id":2,"date":"2024-12-19T08:34:32","date_gmt":"2024-12-19T07:34:32","guid":{"rendered":"https:\/\/www.grimmhof.it\/?page_id=2"},"modified":"2026-03-21T15:21:53","modified_gmt":"2026-03-21T14:21:53","slug":"home","status":"publish","type":"page","link":"https:\/\/www.grimmhof.it\/de\/","title":{"rendered":"Home"},"content":{"rendered":"\n<div class=\"wp-block-cover alignfull has-custom-content-position is-position-bottom-center ohneAbstandOben wp-duotone-unset-1\" style=\"min-height:100vh;aspect-ratio:unset;\"><img loading=\"lazy\" decoding=\"async\" width=\"1400\" height=\"934\" class=\"wp-block-cover__image-background wp-image-34 size-large\" alt=\"\" src=\"https:\/\/www.grimmhof.it\/wp-content\/uploads\/2024\/12\/20180623063745-edlweisshuette-1400x934.jpg\" style=\"object-position:77% 66%\" data-object-fit=\"cover\" data-object-position=\"77% 66%\" srcset=\"https:\/\/www.grimmhof.it\/wp-content\/uploads\/2024\/12\/20180623063745-edlweisshuette-1400x934.jpg 1400w, https:\/\/www.grimmhof.it\/wp-content\/uploads\/2024\/12\/20180623063745-edlweisshuette-700x467.jpg 700w, https:\/\/www.grimmhof.it\/wp-content\/uploads\/2024\/12\/20180623063745-edlweisshuette-768x512.jpg 768w, https:\/\/www.grimmhof.it\/wp-content\/uploads\/2024\/12\/20180623063745-edlweisshuette-1536x1025.jpg 1536w, https:\/\/www.grimmhof.it\/wp-content\/uploads\/2024\/12\/20180623063745-edlweisshuette.jpg 2048w\" sizes=\"auto, (max-width: 1400px) 100vw, 1400px\" \/><span aria-hidden=\"true\" class=\"wp-block-cover__background has-background-dim wp-block-cover__gradient-background has-background-gradient has-gradient-2-gradient-background\"><\/span><div class=\"wp-block-cover__inner-container is-layout-flow wp-block-cover-is-layout-flow\">\n<div class=\"wp-block-group is-vertical is-content-justification-stretch is-layout-flex wp-container-core-group-is-layout-401b7a8a wp-block-group-is-layout-flex\" style=\"min-height:50vh\">\n<h1 class=\"wp-block-heading has-text-align-center aos-zoom-in-up has-base-color has-text-color has-link-color has-xx-large-font-size wp-elements-ad71120d89dc379b885bf59306d4e6a0\" style=\"text-transform:none\"><\/h1>\n<\/div>\n\n\n\n<div class=\"wp-block-group more has-global-padding is-layout-constrained wp-block-group-is-layout-constrained\">\n<figure class=\"wp-block-image aligncenter size-full\"><a href=\"#start\"><img decoding=\"async\" src=\"https:\/\/www.grimmhof.it\/wp-content\/uploads\/2024\/12\/icon-more.svg\" alt=\"\" class=\"wp-image-40\"\/><\/a><\/figure>\n<\/div>\n<\/div><\/div>\n\n\n\n<h1 class=\"wp-block-heading has-text-align-center\" id=\"start\" style=\"margin-top:var(--wp--preset--spacing--50);margin-bottom:0\">Entdecken Sie den Grimmhof<\/h1>\n\n\n\n<h2 class=\"wp-block-heading has-text-align-center\">Ihr Naturparadies<\/h2>\n\n\n\n<div class=\"wp-block-group has-global-padding is-layout-constrained wp-container-core-group-is-layout-8dd13e6d wp-block-group-is-layout-constrained\" style=\"padding-right:var(--wp--preset--spacing--60);padding-left:var(--wp--preset--spacing--60)\">\n<p class=\"has-text-align-center\">Willkommen am Grimmhof \u2013 Ihrem idyllischen Urlaubsziel in St. Konstanin bei V\u00f6ls am Schlern, wo Natur und Tradition auf modernem Komfort treffen! Umgeben von der atemberaubenden Kulisse der Dolomiten bietet unser Bauernhof die perfekte Kombination aus Erholung und Abenteuer.<\/p>\n\n\n\n<p class=\"has-text-align-center aos-zoom-in-up\"><a href=\"https:\/\/www.grimmhof.it\/de\/der-grimmhof\/\" data-type=\"page\" data-id=\"286\">Mehr erfahren<\/a><\/p>\n<\/div>\n\n\n\n<figure class=\"wp-block-gallery has-nested-images columns-2 is-cropped layout1 wp-block-gallery-2 is-layout-flex wp-block-gallery-is-layout-flex\">\n<figure data-wp-context=\"{&quot;imageId&quot;:&quot;69e42dfb5afce&quot;}\" data-wp-interactive=\"core\/image\" class=\"wp-block-image size-large wp-lightbox-container\"><img decoding=\"async\" data-wp-class--hide=\"state.isContentHidden\" data-wp-class--show=\"state.isContentVisible\" data-wp-init=\"callbacks.setButtonStyles\" data-wp-on-async--click=\"actions.showLightbox\" data-wp-on-async--load=\"callbacks.setButtonStyles\" data-wp-on-async-window--resize=\"callbacks.setButtonStyles\" data-id=\"489\" src=\"https:\/\/www.grimmhof.it\/wp-content\/uploads\/2025\/01\/dscf2573-1400x790.jpg\" alt=\"\" class=\"wp-image-489\"\/><button\n\t\t\tclass=\"lightbox-trigger\"\n\t\t\ttype=\"button\"\n\t\t\taria-haspopup=\"dialog\"\n\t\t\taria-label=\"Vergr\u00f6\u00dfern\"\n\t\t\tdata-wp-init=\"callbacks.initTriggerButton\"\n\t\t\tdata-wp-on-async--click=\"actions.showLightbox\"\n\t\t\tdata-wp-style--right=\"state.imageButtonRight\"\n\t\t\tdata-wp-style--top=\"state.imageButtonTop\"\n\t\t>\n\t\t\t<svg xmlns=\"http:\/\/www.w3.org\/2000\/svg\" width=\"12\" height=\"12\" fill=\"none\" viewBox=\"0 0 12 12\">\n\t\t\t\t<path fill=\"#fff\" d=\"M2 0a2 2 0 0 0-2 2v2h1.5V2a.5.5 0 0 1 .5-.5h2V0H2Zm2 10.5H2a.5.5 0 0 1-.5-.5V8H0v2a2 2 0 0 0 2 2h2v-1.5ZM8 12v-1.5h2a.5.5 0 0 0 .5-.5V8H12v2a2 2 0 0 1-2 2H8Zm2-12a2 2 0 0 1 2 2v2h-1.5V2a.5.5 0 0 0-.5-.5H8V0h2Z\" \/>\n\t\t\t<\/svg>\n\t\t<\/button><\/figure>\n\n\n\n<figure data-wp-context=\"{&quot;imageId&quot;:&quot;69e42dfb5b615&quot;}\" data-wp-interactive=\"core\/image\" class=\"wp-block-image size-large wp-lightbox-container\"><img loading=\"lazy\" decoding=\"async\" width=\"1400\" height=\"790\" data-wp-class--hide=\"state.isContentHidden\" data-wp-class--show=\"state.isContentVisible\" data-wp-init=\"callbacks.setButtonStyles\" data-wp-on-async--click=\"actions.showLightbox\" data-wp-on-async--load=\"callbacks.setButtonStyles\" data-wp-on-async-window--resize=\"callbacks.setButtonStyles\" data-id=\"466\" src=\"https:\/\/www.grimmhof.it\/wp-content\/uploads\/2025\/01\/dscf2660-1400x790.jpg\" alt=\"\" class=\"wp-image-466\" srcset=\"https:\/\/www.grimmhof.it\/wp-content\/uploads\/2025\/01\/dscf2660-1400x790.jpg 1400w, https:\/\/www.grimmhof.it\/wp-content\/uploads\/2025\/01\/dscf2660-700x395.jpg 700w, https:\/\/www.grimmhof.it\/wp-content\/uploads\/2025\/01\/dscf2660-768x433.jpg 768w, https:\/\/www.grimmhof.it\/wp-content\/uploads\/2025\/01\/dscf2660-50x28.jpg 50w, https:\/\/www.grimmhof.it\/wp-content\/uploads\/2025\/01\/dscf2660-1600x902.jpg 1600w, https:\/\/www.grimmhof.it\/wp-content\/uploads\/2025\/01\/dscf2660-1536x866.jpg 1536w, https:\/\/www.grimmhof.it\/wp-content\/uploads\/2025\/01\/dscf2660.jpg 2048w\" sizes=\"auto, (max-width: 1400px) 100vw, 1400px\" \/><button\n\t\t\tclass=\"lightbox-trigger\"\n\t\t\ttype=\"button\"\n\t\t\taria-haspopup=\"dialog\"\n\t\t\taria-label=\"Vergr\u00f6\u00dfern\"\n\t\t\tdata-wp-init=\"callbacks.initTriggerButton\"\n\t\t\tdata-wp-on-async--click=\"actions.showLightbox\"\n\t\t\tdata-wp-style--right=\"state.imageButtonRight\"\n\t\t\tdata-wp-style--top=\"state.imageButtonTop\"\n\t\t>\n\t\t\t<svg xmlns=\"http:\/\/www.w3.org\/2000\/svg\" width=\"12\" height=\"12\" fill=\"none\" viewBox=\"0 0 12 12\">\n\t\t\t\t<path fill=\"#fff\" d=\"M2 0a2 2 0 0 0-2 2v2h1.5V2a.5.5 0 0 1 .5-.5h2V0H2Zm2 10.5H2a.5.5 0 0 1-.5-.5V8H0v2a2 2 0 0 0 2 2h2v-1.5ZM8 12v-1.5h2a.5.5 0 0 0 .5-.5V8H12v2a2 2 0 0 1-2 2H8Zm2-12a2 2 0 0 1 2 2v2h-1.5V2a.5.5 0 0 0-.5-.5H8V0h2Z\" \/>\n\t\t\t<\/svg>\n\t\t<\/button><\/figure>\n\n\n\n<figure data-wp-context=\"{&quot;imageId&quot;:&quot;69e42dfb5baf2&quot;}\" data-wp-interactive=\"core\/image\" class=\"wp-block-image size-large wp-lightbox-container\"><img loading=\"lazy\" decoding=\"async\" width=\"1050\" height=\"1400\" data-wp-class--hide=\"state.isContentHidden\" data-wp-class--show=\"state.isContentVisible\" data-wp-init=\"callbacks.setButtonStyles\" data-wp-on-async--click=\"actions.showLightbox\" data-wp-on-async--load=\"callbacks.setButtonStyles\" data-wp-on-async-window--resize=\"callbacks.setButtonStyles\" data-id=\"467\" src=\"https:\/\/www.grimmhof.it\/wp-content\/uploads\/2025\/01\/img_5021-2-1050x1400.jpg\" alt=\"\" class=\"wp-image-467\" srcset=\"https:\/\/www.grimmhof.it\/wp-content\/uploads\/2025\/01\/img_5021-2-1050x1400.jpg 1050w, https:\/\/www.grimmhof.it\/wp-content\/uploads\/2025\/01\/img_5021-2-525x700.jpg 525w, https:\/\/www.grimmhof.it\/wp-content\/uploads\/2025\/01\/img_5021-2-768x1024.jpg 768w, https:\/\/www.grimmhof.it\/wp-content\/uploads\/2025\/01\/img_5021-2-50x67.jpg 50w, https:\/\/www.grimmhof.it\/wp-content\/uploads\/2025\/01\/img_5021-2-1152x1536.jpg 1152w, https:\/\/www.grimmhof.it\/wp-content\/uploads\/2025\/01\/img_5021-2.jpg 1536w\" sizes=\"auto, (max-width: 1050px) 100vw, 1050px\" \/><button\n\t\t\tclass=\"lightbox-trigger\"\n\t\t\ttype=\"button\"\n\t\t\taria-haspopup=\"dialog\"\n\t\t\taria-label=\"Vergr\u00f6\u00dfern\"\n\t\t\tdata-wp-init=\"callbacks.initTriggerButton\"\n\t\t\tdata-wp-on-async--click=\"actions.showLightbox\"\n\t\t\tdata-wp-style--right=\"state.imageButtonRight\"\n\t\t\tdata-wp-style--top=\"state.imageButtonTop\"\n\t\t>\n\t\t\t<svg xmlns=\"http:\/\/www.w3.org\/2000\/svg\" width=\"12\" height=\"12\" fill=\"none\" viewBox=\"0 0 12 12\">\n\t\t\t\t<path fill=\"#fff\" d=\"M2 0a2 2 0 0 0-2 2v2h1.5V2a.5.5 0 0 1 .5-.5h2V0H2Zm2 10.5H2a.5.5 0 0 1-.5-.5V8H0v2a2 2 0 0 0 2 2h2v-1.5ZM8 12v-1.5h2a.5.5 0 0 0 .5-.5V8H12v2a2 2 0 0 1-2 2H8Zm2-12a2 2 0 0 1 2 2v2h-1.5V2a.5.5 0 0 0-.5-.5H8V0h2Z\" \/>\n\t\t\t<\/svg>\n\t\t<\/button><\/figure>\n<\/figure>\n\n\n\n<h1 class=\"wp-block-heading\">Apartments<\/h1>\n\n\n\n<h2 class=\"wp-block-heading\">Erleben Sie gem\u00fctliche Tage<\/h2>\n\n\n\n<p class=\"animation\">Genie\u00dfen Sie erholsame Tage in unseren stilvollen Apartments, die modernen Komfort mit einer atemberaubenden Aussicht verbinden. Jedes Apartment bietet Ihnen alles, was Sie f\u00fcr einen entspannten Aufenthalt ben\u00f6tigen \u2013 von gro\u00dfz\u00fcgigen Wohnbereichen bis hin zu voll ausgestatteten K\u00fcchen und gem\u00fctlichen Schlafzimmern. Verbringen Sie unvergessliche Momente auf dem Panoramabalkon mit Blick auf den majest\u00e4tischen Schlern und lassen Sie sich von der Umgebung inspirieren. Ideal f\u00fcr Paare, Familien oder Freunde, die das Beste aus ihrer Auszeit herausholen m\u00f6chten.<\/p>\n\n\n\n<div class=\"wp-block-columns alignwide is-layout-flex wp-container-core-columns-is-layout-28f84493 wp-block-columns-is-layout-flex\">\n<div class=\"wp-block-column is-layout-flow wp-block-column-is-layout-flow\"><a href=\"https:\/\/www.grimmhof.it\/apartments\/#apartment1\"    class=\"wp-block-tiptip-hyperlink-group-block wp-container-content-9cfa9a5a\" >\n<div class=\"wp-block-cover aligncenter has-aspect-ratio\" style=\"min-height:50vh;aspect-ratio:3\/4;min-height:unset;\"><img loading=\"lazy\" decoding=\"async\" width=\"2048\" height=\"1155\" class=\"wp-block-cover__image-background wp-image-495\" alt=\"\" src=\"https:\/\/www.grimmhof.it\/wp-content\/uploads\/2025\/01\/dscf2631-1.jpg\" style=\"object-position:0% 52%\" data-object-fit=\"cover\" data-object-position=\"0% 52%\" srcset=\"https:\/\/www.grimmhof.it\/wp-content\/uploads\/2025\/01\/dscf2631-1.jpg 2048w, https:\/\/www.grimmhof.it\/wp-content\/uploads\/2025\/01\/dscf2631-1-700x395.jpg 700w, https:\/\/www.grimmhof.it\/wp-content\/uploads\/2025\/01\/dscf2631-1-1400x790.jpg 1400w, https:\/\/www.grimmhof.it\/wp-content\/uploads\/2025\/01\/dscf2631-1-768x433.jpg 768w, https:\/\/www.grimmhof.it\/wp-content\/uploads\/2025\/01\/dscf2631-1-50x28.jpg 50w, https:\/\/www.grimmhof.it\/wp-content\/uploads\/2025\/01\/dscf2631-1-1600x902.jpg 1600w, https:\/\/www.grimmhof.it\/wp-content\/uploads\/2025\/01\/dscf2631-1-1536x866.jpg 1536w\" sizes=\"auto, (max-width: 2048px) 100vw, 2048px\" \/><span aria-hidden=\"true\" class=\"wp-block-cover__background has-background-dim\"><\/span><div class=\"wp-block-cover__inner-container has-global-padding is-layout-constrained wp-block-cover-is-layout-constrained\">\n<p class=\"has-text-align-center has-large-font-size\">Wohnen<\/p>\n\n\n\n<h2 class=\"wp-block-heading has-text-align-center\">Apartment 1<\/h2>\n\n\n\n<div class=\"wp-block-buttons is-content-justification-center is-layout-flex wp-container-core-buttons-is-layout-a89b3969 wp-block-buttons-is-layout-flex\">\n\n<div class=\"wp-block-button\"><span class=\"wp-block-button__link has-text-align-center wp-element-button\" href=\"https:\/\/www.grimmhof.it\/preise\/\">mehr erfahren<\/span><\/div>\n\n<\/div>\n<\/div><\/div>\n<\/a><\/div>\n\n\n\n<div class=\"wp-block-column is-layout-flow wp-block-column-is-layout-flow\"><a href=\"https:\/\/www.grimmhof.it\/apartments\/#apartment2\"    class=\"wp-block-tiptip-hyperlink-group-block wp-container-content-9cfa9a5a\" >\n<div class=\"wp-block-cover aligncenter has-aspect-ratio\" style=\"min-height:50vh;aspect-ratio:3\/4;min-height:unset;\"><img loading=\"lazy\" decoding=\"async\" width=\"1400\" height=\"790\" class=\"wp-block-cover__image-background wp-image-517 size-large\" alt=\"\" src=\"https:\/\/www.grimmhof.it\/wp-content\/uploads\/2025\/01\/dscf2516-1400x790.jpg\" data-object-fit=\"cover\" srcset=\"https:\/\/www.grimmhof.it\/wp-content\/uploads\/2025\/01\/dscf2516-1400x790.jpg 1400w, https:\/\/www.grimmhof.it\/wp-content\/uploads\/2025\/01\/dscf2516-700x395.jpg 700w, https:\/\/www.grimmhof.it\/wp-content\/uploads\/2025\/01\/dscf2516-768x433.jpg 768w, https:\/\/www.grimmhof.it\/wp-content\/uploads\/2025\/01\/dscf2516-50x28.jpg 50w, https:\/\/www.grimmhof.it\/wp-content\/uploads\/2025\/01\/dscf2516-1600x902.jpg 1600w, https:\/\/www.grimmhof.it\/wp-content\/uploads\/2025\/01\/dscf2516-1536x866.jpg 1536w, https:\/\/www.grimmhof.it\/wp-content\/uploads\/2025\/01\/dscf2516.jpg 2048w\" sizes=\"auto, (max-width: 1400px) 100vw, 1400px\" \/><span aria-hidden=\"true\" class=\"wp-block-cover__background has-background-dim\"><\/span><div class=\"wp-block-cover__inner-container has-global-padding is-layout-constrained wp-block-cover-is-layout-constrained\">\n<p class=\"has-text-align-center has-large-font-size\">Wohnen<\/p>\n\n\n\n<h2 class=\"wp-block-heading has-text-align-center\">Apartment 2<\/h2>\n\n\n\n<div class=\"wp-block-buttons is-content-justification-center is-layout-flex wp-container-core-buttons-is-layout-a89b3969 wp-block-buttons-is-layout-flex\">\n\n<div class=\"wp-block-button\"><span class=\"wp-block-button__link has-text-align-center wp-element-button\">Mehr erfahren<\/span><\/div>\n\n<\/div>\n<\/div><\/div>\n<\/a><\/div>\n<\/div>\n\n\n\n<hr class=\"wp-block-separator has-alpha-channel-opacity is-style-dots\" style=\"margin-top:var(--wp--preset--spacing--50);margin-bottom:var(--wp--preset--spacing--50)\"\/>\n\n\n\n<h1 class=\"wp-block-heading has-text-align-center\">Die Almh\u00fctte<\/h1>\n\n\n\n<h2 class=\"wp-block-heading has-text-align-center\">Ihr R\u00fcckzugsort in den Dolomiten<\/h2>\n\n\n\n<p class=\"has-text-align-center\">Die Edlweissh\u00fctte, auf 2.045 m H\u00f6he im Naturpark Schlern-Rosengarten gelegen, bietet einen einmaligen R\u00fcckzugsort inmitten unber\u00fchrter Natur. Umgeben von den beeindruckenden Dolomiten und einem malerischen See, erleben Sie hier die Ruhe und Weite der Berge. Erreichen Sie die H\u00fctte ganz bequem zu Fu\u00df, mit dem Mountainbike oder der Pferdekutsche \u2013 der Wanderweg Nr. 7 von Compatsch f\u00fchrt Sie in etwa einer Stunde zu diesem idyllischen Ziel. Ideal f\u00fcr Naturliebhaber und Abenteuerlustige, die sich eine Auszeit in den Bergen g\u00f6nnen m\u00f6chten.<\/p>\n\n\n\n<div class=\"wp-block-buttons is-content-justification-center is-layout-flex wp-container-core-buttons-is-layout-a89b3969 wp-block-buttons-is-layout-flex\">\n<div class=\"wp-block-button aos-zoom-in-up\"><a class=\"wp-block-button__link has-text-align-center wp-element-button\" href=\"https:\/\/www.grimmhof.it\/de\/edlweisshuette\/\">Weiterlesen<\/a><\/div>\n<\/div>\n\n\n\n<figure class=\"wp-block-image alignfull size-large\"><img loading=\"lazy\" decoding=\"async\" width=\"1400\" height=\"934\" src=\"https:\/\/www.grimmhof.it\/wp-content\/uploads\/2025\/11\/fabian-dalpiaz-web2-4-4-1400x934.jpg\" alt=\"\" class=\"wp-image-2131\" srcset=\"https:\/\/www.grimmhof.it\/wp-content\/uploads\/2025\/11\/fabian-dalpiaz-web2-4-4-1400x934.jpg 1400w, https:\/\/www.grimmhof.it\/wp-content\/uploads\/2025\/11\/fabian-dalpiaz-web2-4-4.jpg 2048w, https:\/\/www.grimmhof.it\/wp-content\/uploads\/2025\/11\/fabian-dalpiaz-web2-4-4-700x467.jpg 700w, https:\/\/www.grimmhof.it\/wp-content\/uploads\/2025\/11\/fabian-dalpiaz-web2-4-4-768x512.jpg 768w, https:\/\/www.grimmhof.it\/wp-content\/uploads\/2025\/11\/fabian-dalpiaz-web2-4-4-50x33.jpg 50w, https:\/\/www.grimmhof.it\/wp-content\/uploads\/2025\/11\/fabian-dalpiaz-web2-4-4-1600x1067.jpg 1600w, https:\/\/www.grimmhof.it\/wp-content\/uploads\/2025\/11\/fabian-dalpiaz-web2-4-4-1536x1025.jpg 1536w\" sizes=\"auto, (max-width: 1400px) 100vw, 1400px\" \/><\/figure>\n\n\n\n<hr class=\"wp-block-separator has-alpha-channel-opacity is-style-dots\" style=\"margin-top:var(--wp--preset--spacing--50);margin-bottom:var(--wp--preset--spacing--50)\"\/>\n","protected":false},"excerpt":{"rendered":"<p>Entdecken Sie den Grimmhof Ihr Naturparadies Willkommen am Grimmhof \u2013 Ihrem idyllischen Urlaubsziel in St. Konstanin bei V\u00f6ls am Schlern, wo Natur und Tradition auf modernem Komfort treffen! Umgeben von der atemberaubenden Kulisse der Dolomiten bietet unser Bauernhof die perfekte Kombination aus Erholung und Abenteuer. Mehr erfahren Apartments Erleben Sie gem\u00fctliche Tage Genie\u00dfen Sie erholsame [&hellip;]<\/p>\n","protected":false},"author":1,"featured_media":0,"parent":0,"menu_order":0,"comment_status":"closed","ping_status":"closed","template":"","meta":{"footnotes":""},"class_list":["post-2","page","type-page","status-publish","hentry"],"_links":{"self":[{"href":"https:\/\/www.grimmhof.it\/de\/wp-json\/wp\/v2\/pages\/2","targetHints":{"allow":["GET"]}}],"collection":[{"href":"https:\/\/www.grimmhof.it\/de\/wp-json\/wp\/v2\/pages"}],"about":[{"href":"https:\/\/www.grimmhof.it\/de\/wp-json\/wp\/v2\/types\/page"}],"author":[{"embeddable":true,"href":"https:\/\/www.grimmhof.it\/de\/wp-json\/wp\/v2\/users\/1"}],"replies":[{"embeddable":true,"href":"https:\/\/www.grimmhof.it\/de\/wp-json\/wp\/v2\/comments?post=2"}],"version-history":[{"count":116,"href":"https:\/\/www.grimmhof.it\/de\/wp-json\/wp\/v2\/pages\/2\/revisions"}],"predecessor-version":[{"id":2480,"href":"https:\/\/www.grimmhof.it\/de\/wp-json\/wp\/v2\/pages\/2\/revisions\/2480"}],"wp:attachment":[{"href":"https:\/\/www.grimmhof.it\/de\/wp-json\/wp\/v2\/media?parent=2"}],"curies":[{"name":"wp","href":"https:\/\/api.w.org\/{rel}","templated":true}]}}