{"id":198,"date":"2025-01-08T11:01:28","date_gmt":"2025-01-08T10:01:28","guid":{"rendered":"https:\/\/www.grimmhof.it\/?page_id=198"},"modified":"2026-03-31T20:33:43","modified_gmt":"2026-03-31T18:33:43","slug":"preise","status":"publish","type":"page","link":"https:\/\/www.grimmhof.it\/de\/preise\/","title":{"rendered":"Preise"},"content":{"rendered":"\n<h1 class=\"wp-block-heading\" id=\"start\" style=\"margin-top:var(--wp--preset--spacing--50);margin-bottom:0\">Preise<\/h1>\n\n\n\n<h2 class=\"wp-block-heading\">Transparent, fair und f\u00fcr jedes Budget<\/h2>\n\n\n\n<p><strong>Winter 2026<\/strong><\/p>\n\n\n\n<figure class=\"wp-block-table is-style-stripes\"><table class=\"has-fixed-layout\"><tbody><tr><td>01.04.2026 \u2013 10.04.2026<\/td><td>\u20ac 120,00<\/td><\/tr><tr><td>11.04.2026 \u2013 24.04.2026<\/td><td>\u20ac 100,00<\/td><\/tr><\/tbody><\/table><\/figure>\n\n\n\n<p><strong>Sommer 2026<\/strong><\/p>\n\n\n\n<figure class=\"wp-block-table is-style-stripes\"><table class=\"has-fixed-layout\"><tbody><tr><td>25.04.2026 \u2013 22.05.2026<\/td><td>\u20ac 105,00<\/td><\/tr><tr><td>23.05.2026 \u2013 24.07.2026<\/td><td>\u20ac 115,00<\/td><\/tr><tr><td>25.07.2026 \u2013 11.09.2026<\/td><td>\u20ac 145,00<\/td><\/tr><tr><td>12.09.2026 \u2013 31.10.2026<\/td><td>\u20ac 115,00<\/td><\/tr><tr><td>01.11.2026 \u2013 18.12.2026<\/td><td>\u20ac 100,00<\/td><\/tr><\/tbody><\/table><\/figure>\n\n\n\n<p><strong>Winter 2026\/2027<\/strong><\/p>\n\n\n\n<figure class=\"wp-block-table is-style-stripes\"><table class=\"has-fixed-layout\"><tbody><tr><td>19.12.2025 \u2013 08.01.2027<\/td><td>\u20ac 155,00<\/td><\/tr><tr><td>09.01.2027 \u2013 29.01.2027<\/td><td>\u20ac 105,00<\/td><\/tr><tr><td>30.01.2027 \u2013 26.02.2027<\/td><td>\u20ac 145,00<\/td><\/tr><tr><td>27.02.2027 \u2013 02.04.2027<\/td><td>\u20ac 120,00<\/td><\/tr><tr><td>03.04.2027 \u2013 23.04.2027<\/td><td>\u20ac 100,00<\/td><\/tr><\/tbody><\/table><\/figure>\n\n\n\n<p>Die Preise verstehen sich pro Tag f\u00fcr zwei Personen ohne Verpflegung ab einem Aufenthalt von vier N\u00e4chten.<\/p>\n\n\n\n<p>F\u00fcr Aufenthalte unter vier N\u00e4chten wird ein Zuschlag von \u20ac 15,00 pro Tag und Apartment verrechnet.<\/p>\n\n\n\n<p>Zum Preis wird eine Kurtaxe von \u20ac 2,50 pro Person und Tag erhoben, ausgenommen Kinder unter 14 Jahren.<\/p>\n\n\n\n<p>Preise f\u00fcr Zusatzpersonen (ab zwei Vollzahlern)<\/p>\n\n\n\n<ul class=\"wp-block-list\">\n<li>Von 0 bis 2 Jahre: kostenlos<\/li>\n\n\n\n<li>Von 3 bis 13 Jahre: \u20ac 20,00 pro Nacht<\/li>\n\n\n\n<li>Ab 14 Jahre: \u20ac 25,00 pro Nacht<\/li>\n<\/ul>\n\n\n\n<hr class=\"wp-block-separator has-alpha-channel-opacity is-style-dots\" style=\"margin-top:var(--wp--preset--spacing--50);margin-bottom:var(--wp--preset--spacing--50)\"\/>\n\n\n\n<h2 class=\"wp-block-heading\">Stornierungsbedingungen<\/h2>\n\n\n\n<p>Stornierungen bis 3 Monate vor dem vereinbarten Ankunftstag k\u00f6nnen ohne eine anfallende Stornogeb\u00fchr vorgenommen werden. Bereits geleistete Anzahlungen rechnen wir als Gutschrift f\u00fcr einen Folgeaufenthalt an.<\/p>\n\n\n\n<p>Bei einer Stornierung der Reservierung bis einem Monat vor Ankunftsdatum werden 50 % des Gesamtaufenthaltes verrechnet, innerhalb einem Monat, bei versp\u00e4teter Anreise oder vorzeitiger Abreise 90% des Gesamtrechnungsbetrags. Vor Reiseantritt kann schon einmal etwas passieren, darum empfehlen wir eine Reiser\u00fccktrittsversicherung.<\/p>\n","protected":false},"excerpt":{"rendered":"<p>Preise Transparent, fair und f\u00fcr jedes Budget Winter 2026 01.04.2026 \u2013 10.04.2026 \u20ac 120,00 11.04.2026 \u2013 24.04.2026 \u20ac 100,00 Sommer 2026 25.04.2026 \u2013 22.05.2026 \u20ac 105,00 23.05.2026 \u2013 24.07.2026 \u20ac 115,00 25.07.2026 \u2013 11.09.2026 \u20ac 145,00 12.09.2026 \u2013 31.10.2026 \u20ac 115,00 01.11.2026 \u2013 18.12.2026 \u20ac 100,00 Winter 2026\/2027 19.12.2025 \u2013 08.01.2027 \u20ac 155,00 09.01.2027 \u2013 [&hellip;]<\/p>\n","protected":false},"author":1,"featured_media":0,"parent":0,"menu_order":0,"comment_status":"closed","ping_status":"open","template":"","meta":{"footnotes":""},"class_list":["post-198","page","type-page","status-publish","hentry"],"_links":{"self":[{"href":"https:\/\/www.grimmhof.it\/de\/wp-json\/wp\/v2\/pages\/198","targetHints":{"allow":["GET"]}}],"collection":[{"href":"https:\/\/www.grimmhof.it\/de\/wp-json\/wp\/v2\/pages"}],"about":[{"href":"https:\/\/www.grimmhof.it\/de\/wp-json\/wp\/v2\/types\/page"}],"author":[{"embeddable":true,"href":"https:\/\/www.grimmhof.it\/de\/wp-json\/wp\/v2\/users\/1"}],"replies":[{"embeddable":true,"href":"https:\/\/www.grimmhof.it\/de\/wp-json\/wp\/v2\/comments?post=198"}],"version-history":[{"count":34,"href":"https:\/\/www.grimmhof.it\/de\/wp-json\/wp\/v2\/pages\/198\/revisions"}],"predecessor-version":[{"id":2507,"href":"https:\/\/www.grimmhof.it\/de\/wp-json\/wp\/v2\/pages\/198\/revisions\/2507"}],"wp:attachment":[{"href":"https:\/\/www.grimmhof.it\/de\/wp-json\/wp\/v2\/media?parent=198"}],"curies":[{"name":"wp","href":"https:\/\/api.w.org\/{rel}","templated":true}]}}