{"id":1322,"date":"2025-05-09T16:08:02","date_gmt":"2025-05-09T14:08:02","guid":{"rendered":"https:\/\/www.grimmhof.it\/?page_id=1322"},"modified":"2026-01-04T21:39:38","modified_gmt":"2026-01-04T20:39:38","slug":"speisekarte","status":"publish","type":"page","link":"https:\/\/www.grimmhof.it\/de\/speisekarte\/","title":{"rendered":"Speisekarte"},"content":{"rendered":"\n<div class=\"wp-block-cover alignfull is-light has-custom-content-position is-position-bottom-center ohneAbstandOben wp-duotone-unset-1\" style=\"padding-top:0;padding-right:0;padding-bottom:0;padding-left:0;min-height:200px;aspect-ratio:unset;\"><img loading=\"lazy\" decoding=\"async\" width=\"1400\" height=\"933\" class=\"wp-block-cover__image-background wp-image-545 size-large\" alt=\"\" src=\"https:\/\/www.grimmhof.it\/wp-content\/uploads\/2025\/01\/20210712175838-_8501580-1400x933.jpg\" data-object-fit=\"cover\" srcset=\"https:\/\/www.grimmhof.it\/wp-content\/uploads\/2025\/01\/20210712175838-_8501580-1400x933.jpg 1400w, https:\/\/www.grimmhof.it\/wp-content\/uploads\/2025\/01\/20210712175838-_8501580-700x467.jpg 700w, https:\/\/www.grimmhof.it\/wp-content\/uploads\/2025\/01\/20210712175838-_8501580-768x512.jpg 768w, https:\/\/www.grimmhof.it\/wp-content\/uploads\/2025\/01\/20210712175838-_8501580-50x33.jpg 50w, https:\/\/www.grimmhof.it\/wp-content\/uploads\/2025\/01\/20210712175838-_8501580-1600x1066.jpg 1600w, https:\/\/www.grimmhof.it\/wp-content\/uploads\/2025\/01\/20210712175838-_8501580-1536x1024.jpg 1536w, https:\/\/www.grimmhof.it\/wp-content\/uploads\/2025\/01\/20210712175838-_8501580.jpg 2048w\" sizes=\"auto, (max-width: 1400px) 100vw, 1400px\" \/><span aria-hidden=\"true\" class=\"wp-block-cover__background has-background-dim-0 has-background-dim\" style=\"background-color:#aea19e\"><\/span><div class=\"wp-block-cover__inner-container has-global-padding is-layout-constrained wp-container-core-cover-is-layout-639b5052 wp-block-cover-is-layout-constrained\">\n<p class=\"has-text-align-center has-large-font-size\"><\/p>\n<\/div><\/div>\n\n\n\n<div class=\"wp-block-buttons is-content-justification-center is-layout-flex wp-container-core-buttons-is-layout-a89b3969 wp-block-buttons-is-layout-flex\">\n<div class=\"wp-block-button\"><a class=\"wp-block-button__link wp-element-button\" href=\"https:\/\/www.grimmhof.it\/de\/speisekarte\/\">DEUTSCH<\/a><\/div>\n\n\n\n<div class=\"wp-block-button\"><a class=\"wp-block-button__link wp-element-button\" href=\"https:\/\/www.grimmhof.it\/it\/menu\/\">ITALIANO<\/a><\/div>\n\n\n\n<div class=\"wp-block-button\"><a class=\"wp-block-button__link wp-element-button\" href=\"https:\/\/www.grimmhof.it\/en\/menu\/\">ENGLISH<\/a><\/div>\n\n\n\n<div class=\"wp-block-button\"><a class=\"wp-block-button__link wp-element-button\" href=\"https:\/\/www.grimmhof.it\/de\/%e8%8f%9c%e5%8d%95-chinesisch\/\">\u6c49\u8bed<\/a><\/div>\n\n\n\n<div class=\"wp-block-button\"><a class=\"wp-block-button__link wp-element-button\" href=\"https:\/\/www.grimmhof.it\/it\/\uba54\ub274\ud310-koreanisch\/\"><strong>\ud55c\uad6d\uc5b4<\/strong><\/a><\/div>\n\n\n\n<div class=\"wp-block-button\"><a class=\"wp-block-button__link wp-element-button\" href=\"https:\/\/www.grimmhof.it\/en\/cartedumenufranzosisch\/\">Fran\u00e7ais<\/a><\/div>\n<\/div>\n\n\n\n<h1 class=\"wp-block-heading has-text-align-center\" style=\"padding-top:var(--wp--preset--spacing--30);padding-bottom:var(--wp--preset--spacing--30)\">H\u00fcttenkost<\/h1>\n\n\n\n<p class=\"has-text-align-center\"><strong>Edlweissbrettl<\/strong><br>Speck | K\u00e4se | Kaminwurze | Meerrettich | Essiggem\u00fcse | Brot<br>\u20ac 18,00<\/p>\n\n\n\n<p class=\"has-text-align-center\"><strong>Speckbrettl<\/strong><br>Speck | Meerrettich | Essiggem\u00fcse | Brot<br>\u20ac 16,50<\/p>\n\n\n\n<p class=\"has-text-align-center\"><strong>K\u00e4sebrettl<\/strong><br>Verschiedene K\u00e4sesorten | Chutney | Essiggem\u00fcse | Brot<br>\u20ac 17,00<\/p>\n\n\n\n<hr class=\"wp-block-separator has-alpha-channel-opacity is-style-dots\"\/>\n\n\n\n<h2 class=\"wp-block-heading has-text-align-center\" id=\"start\" style=\"margin-top:var(--wp--preset--spacing--50);margin-bottom:0\">Hauptspeisen<\/h2>\n\n\n\n<p class=\"has-text-align-center\"><strong>H\u00fcttennudeln<\/strong><br>Tomatensauce | Speck | Zwiebel | Knoblauch | Sahne | Champignons | Grana Padano<br>\u20ac 14,50<\/p>\n\n\n\n<p class=\"has-text-align-center\"><strong>Drei Spinatkn\u00f6del<\/strong><br>Krautsalat | Grana Padano | zerlassene Almbutter<br>\u20ac 14,50<\/p>\n\n\n\n<p class=\"has-text-align-center\"><strong>Bio Kartoffel-Dinkel-Gnocchi, handgefertigt von <a href=\"http:\/\/past-da.com\">Past-Da<\/a><\/strong><br>Gorgonzola | N\u00fcsse<br>\u20ac 17,00<\/p>\n\n\n\n<p class=\"has-text-align-center\"><strong>Bio Sch\u00fcttelbrot &#8211; Ravioli mit Bergk\u00e4sef\u00fcllung, <\/strong><br>handgefertigt von <a href=\"http:\/\/past-da.com\">Past-Da<\/a><br>\u20ac 17,00<\/p>\n\n\n\n<p class=\"has-text-align-center\"><strong>Gulaschsuppe<\/strong><br> Brot<br>\u20ac 13,00<\/p>\n\n\n\n<h2 class=\"wp-block-heading has-text-align-center\" id=\"start\" style=\"margin-top:var(--wp--preset--spacing--50);margin-bottom:0\">Beilagen<\/h2>\n\n\n\n<p class=\"has-text-align-center\"><strong>Krautsalat<\/strong><br>Klassisch mariniert mit K\u00fcmmel | Weinessig | knackig und fein abgestimmt<br>\u20ac 6,50<\/p>\n\n\n\n<p class=\"has-text-align-center\"><strong>Krautsalat mit Speck <\/strong><br>Klassisch mariniert mit K\u00fcmmel | Weinessig | knackig und fein abgestimmt<br>\u20ac 7,50<\/p>\n\n\n\n<p class=\"has-text-align-center\"><strong>Brotkorb<\/strong><br>Auswahl an ofenfrischem Bauernbrot<br>\u20ac 4,00<\/p>\n\n\n\n<hr class=\"wp-block-separator has-alpha-channel-opacity is-style-dots\"\/>\n\n\n\n<h2 class=\"wp-block-heading has-text-align-center\" id=\"start\" style=\"margin-top:var(--wp--preset--spacing--50);margin-bottom:0\">Snacks<\/h2>\n\n\n\n<p class=\"has-text-align-center\"><strong>Warmer S\u00fcdtiroler Bauerntoast<\/strong><br>Roggenbrot | Speck | Almk\u00e4se | Oregano<br>\u20ac 7,00<\/p>\n\n\n\n<p class=\"has-text-align-center\"><strong>Warmer Maxi Toast<\/strong><br>Schinken | K\u00e4se<br>\u20ac 6,00<\/p>\n\n\n\n<p class=\"has-text-align-center\"><strong>Warme Focaccia<\/strong><br>Tomaten | Mozzarella | Pesto | Rauke<br>\u20ac 9,00<\/p>\n\n\n\n<hr class=\"wp-block-separator has-alpha-channel-opacity is-style-dots\" style=\"margin-top:var(--wp--preset--spacing--50);margin-bottom:var(--wp--preset--spacing--50)\"\/>\n\n\n\n<h2 class=\"wp-block-heading has-text-align-center\">F\u00fcr unsere kleinen G\u00e4ste<\/h2>\n\n\n\n<p class=\"has-text-align-center\"><strong>Heidi&#8217;s Nudeln mit Tomatensauce<\/strong><br>\u20ac 8,00<\/p>\n\n\n\n<p class=\"has-text-align-center\"><strong>Hexe Nix&#8217;s warmer Maxi Toast<\/strong><br>Schinken | K\u00e4se | Ketchup | Mayonnaise<br>\u20ac 6,00<\/p>\n\n\n\n<h2 class=\"wp-block-heading has-text-align-center\" id=\"start\" style=\"margin-top:var(--wp--preset--spacing--50);margin-bottom:0\">Unsere liebevoll hausgemachten Desserts<\/h2>\n\n\n\n<div class=\"wp-block-buttons is-content-justification-center is-layout-flex wp-container-core-buttons-is-layout-a89b3969 wp-block-buttons-is-layout-flex\">\n<div class=\"wp-block-button\"><a class=\"wp-block-button__link has-text-align-center wp-element-button\" href=\"https:\/\/www.grimmhof.it\/de\/unsere-tagesdesserts\/\">Zu Unseren Heutigen Tagesdesserts <\/a><\/div>\n<\/div>\n\n\n\n<p class=\"has-text-align-center\">\u20ac 6,00 <\/p>\n\n\n\n<p class=\"has-text-align-center\">mit frischer S\u00fcdtiroler Schlagsahne<br>+ \u20ac 1,50<\/p>\n\n\n\n<p class=\"has-text-align-center\">und oder mit feiner Vanillesauce<br>+ \u20ac 1,50<\/p>\n\n\n\n<hr class=\"wp-block-separator has-alpha-channel-opacity is-style-dots\" style=\"margin-top:var(--wp--preset--spacing--50);margin-bottom:var(--wp--preset--spacing--50)\"\/>\n\n\n\n<div class=\"wp-block-buttons is-content-justification-center is-layout-flex wp-container-core-buttons-is-layout-a89b3969 wp-block-buttons-is-layout-flex\">\n<div class=\"wp-block-button\"><a class=\"wp-block-button__link has-text-align-center wp-element-button\" href=\"https:\/\/www.grimmhof.it\/wp-content\/uploads\/2025\/01\/menu.pdf\">zur Getr\u00e4nkeliste<\/a><\/div>\n<\/div>\n\n\n\n<p><\/p>\n","protected":false},"excerpt":{"rendered":"<p>H\u00fcttenkost EdlweissbrettlSpeck | K\u00e4se | Kaminwurze | Meerrettich | Essiggem\u00fcse | Brot\u20ac 18,00 SpeckbrettlSpeck | Meerrettich | Essiggem\u00fcse | Brot\u20ac 16,50 K\u00e4sebrettlVerschiedene K\u00e4sesorten | Chutney | Essiggem\u00fcse | Brot\u20ac 17,00 Hauptspeisen H\u00fcttennudelnTomatensauce | Speck | Zwiebel | Knoblauch | Sahne | Champignons | Grana Padano\u20ac 14,50 Drei Spinatkn\u00f6delKrautsalat | Grana Padano | zerlassene Almbutter\u20ac 14,50 [&hellip;]<\/p>\n","protected":false},"author":2,"featured_media":0,"parent":0,"menu_order":0,"comment_status":"closed","ping_status":"closed","template":"","meta":{"footnotes":""},"class_list":["post-1322","page","type-page","status-publish","hentry"],"_links":{"self":[{"href":"https:\/\/www.grimmhof.it\/de\/wp-json\/wp\/v2\/pages\/1322","targetHints":{"allow":["GET"]}}],"collection":[{"href":"https:\/\/www.grimmhof.it\/de\/wp-json\/wp\/v2\/pages"}],"about":[{"href":"https:\/\/www.grimmhof.it\/de\/wp-json\/wp\/v2\/types\/page"}],"author":[{"embeddable":true,"href":"https:\/\/www.grimmhof.it\/de\/wp-json\/wp\/v2\/users\/2"}],"replies":[{"embeddable":true,"href":"https:\/\/www.grimmhof.it\/de\/wp-json\/wp\/v2\/comments?post=1322"}],"version-history":[{"count":101,"href":"https:\/\/www.grimmhof.it\/de\/wp-json\/wp\/v2\/pages\/1322\/revisions"}],"predecessor-version":[{"id":2385,"href":"https:\/\/www.grimmhof.it\/de\/wp-json\/wp\/v2\/pages\/1322\/revisions\/2385"}],"wp:attachment":[{"href":"https:\/\/www.grimmhof.it\/de\/wp-json\/wp\/v2\/media?parent=1322"}],"curies":[{"name":"wp","href":"https:\/\/api.w.org\/{rel}","templated":true}]}}